{"id":9880,"date":"2025-01-24T12:23:44","date_gmt":"2025-01-24T12:23:44","guid":{"rendered":"https:\/\/zetanutrition.hr\/product\/zf-termogenik-60-kapsula\/"},"modified":"2025-01-24T12:26:26","modified_gmt":"2025-01-24T12:26:26","slug":"zf-termogenik-60-kapsula","status":"publish","type":"product","link":"https:\/\/zetanutrition.hr\/sl\/izdelek\/zf-termogenik-60-kapsula\/","title":{"rendered":"ZF TERMOGENIK 60 KAPSULA"},"content":{"rendered":"<p>Vitastrong Termogenik je prehransko dopolnilo z rastlinskimi izvle\u010dki, niacinom, kromom in jodom za uravnote\u017eenje telesne te\u017ee.<br \/>\nTo prehransko dopolnilo je idealna izbira za tiste, ki i\u0161\u010dejo naraven u\u010dinek na energijsko presnovo<\/p>\n<p>Dosezite novo raven vitalnosti in energije z VitaStrong ZF, termogenim prehranskim dopolnilom, ki spremeni va\u0161 pristop k vsakodnevnemu upravljanju z energijo. Spodbujanje metabolizma nasploh, \u0161e posebej pa metabolizma lipidov (Mate) je eden od plusov sestavin Vitastrong ZF, ki v svoji ekskluzivni formuli vsebuje tudi:<\/p>\n<p>L-tirozin, izhodi\u0161\u010dna aminokislina za sintezo pomembnih nevrotransmiterjev (npr. adrenalina in noradrenalina), ki sodelujejo v procesu prilagajanja na intenziven in nenaden psihofizi\u010dni stres.<br \/>\nKofein\u00a0, ki je bil vedno priznan kot eden glavnih virov dopolnil zaradi svojih dobro znanih in poro\u010danih ergogenih lastnosti, vklju\u010dno z zmanj\u0161anjem ob\u010dutka utrujenosti, povezanega s pove\u010danjem oksidativnega metabolizma.<br \/>\nTheobroma Cacao, bogata s polifenoli, spodbuja naraven stimulativni u\u010dinek.<br \/>\nVitamini in minerali, izbrani tako, da prispevajo k normalni energetski presnovi.<br \/>\nRastlinski izvle\u010dki, vklju\u010dno s mate, bogati s polifenoli, spodbujajo naraven stimulativni u\u010dinek.<\/p>\n<p>KAK\u0160NE UGODNOSTI LAHKO DOBITE Z ZF?<br \/>\nPrispeva k normalni energetski presnovi (niacin).<br \/>\nPrispeva k normalni presnovi lipidov (Mate).<br \/>\nSpodbuja ravnote\u017eje telesne te\u017ee (Mate).<br \/>\nToni\u010dno-adaptogena funkcija in normalizacija razpolo\u017eenja (Rodiola rosea).<\/p>\n<p>Izkusite povsem nov na\u010din pre\u017eivljanja dneva z VitaStrong ZF. Zdru\u017eite tega mo\u010dnega zaveznika v svojo dnevno rutino, da naravno podprete ravnote\u017eje telesne te\u017ee in odkrijete vitalnost, za katero niste vedeli, da jo lahko dose\u017eete. Z VitaStrong ZF za\u010dnite svojo pot k optimiziranemu in trajnemu dobremu po\u010dutju!<\/p>\n\n    <div class=\"xs_social_share_widget xs_share_url after_content \t\tmain_content  wslu-style-1 wslu-share-box-shaped wslu-fill-colored wslu-none wslu-share-horizontal wslu-theme-font-no wslu-main_content\">\n\n\t\t\n        <ul>\n\t\t\t        <\/ul>\n    <\/div> \n","protected":false},"excerpt":{"rendered":"<p>Vitastrong Termogenik je prehransko dopolnilo z rastlinskimi izvle\u010dki, niacinom, kromom in jodom za uravnote\u017eenje telesne te\u017ee. To prehransko dopolnilo je idealna izbira za tiste, ki i\u0161\u010dejo naraven u\u010dinek na energijsko presnovo Dosezite novo raven vitalnosti in energije z VitaStrong ZF, termogenim prehranskim dopolnilom, ki spremeni va\u0161 pristop k vsakodnevnemu upravljanju z energijo. Spodbujanje metabolizma nasploh, [&hellip;]<\/p>\n","protected":false},"featured_media":9878,"comment_status":"open","ping_status":"closed","template":"","meta":{"_acf_changed":false,"bwfblock_default_font":"","content-type":""},"brand":[],"product_brand":[],"product_cat":[130,154],"product_tag":[],"class_list":{"0":"post-9880","1":"product","2":"type-product","3":"status-publish","4":"has-post-thumbnail","6":"product_cat-dieta-in-hujsanje-sl","7":"product_cat-hujsanje-sl","9":"first","10":"outofstock","11":"taxable","12":"shipping-taxable","13":"purchasable","14":"product-type-simple"},"acf":[],"_links":{"self":[{"href":"https:\/\/zetanutrition.hr\/sl\/wp-json\/wp\/v2\/product\/9880","targetHints":{"allow":["GET"]}}],"collection":[{"href":"https:\/\/zetanutrition.hr\/sl\/wp-json\/wp\/v2\/product"}],"about":[{"href":"https:\/\/zetanutrition.hr\/sl\/wp-json\/wp\/v2\/types\/product"}],"replies":[{"embeddable":true,"href":"https:\/\/zetanutrition.hr\/sl\/wp-json\/wp\/v2\/comments?post=9880"}],"wp:featuredmedia":[{"embeddable":true,"href":"https:\/\/zetanutrition.hr\/sl\/wp-json\/wp\/v2\/media\/9878"}],"wp:attachment":[{"href":"https:\/\/zetanutrition.hr\/sl\/wp-json\/wp\/v2\/media?parent=9880"}],"wp:term":[{"taxonomy":"brand","embeddable":true,"href":"https:\/\/zetanutrition.hr\/sl\/wp-json\/wp\/v2\/brand?post=9880"},{"taxonomy":"product_brand","embeddable":true,"href":"https:\/\/zetanutrition.hr\/sl\/wp-json\/wp\/v2\/product_brand?post=9880"},{"taxonomy":"product_cat","embeddable":true,"href":"https:\/\/zetanutrition.hr\/sl\/wp-json\/wp\/v2\/product_cat?post=9880"},{"taxonomy":"product_tag","embeddable":true,"href":"https:\/\/zetanutrition.hr\/sl\/wp-json\/wp\/v2\/product_tag?post=9880"}],"curies":[{"name":"wp","href":"https:\/\/api.w.org\/{rel}","templated":true}]}}