{"id":9405,"date":"2024-11-27T11:10:05","date_gmt":"2024-11-27T11:10:05","guid":{"rendered":"https:\/\/zetanutrition.hrproduct\/melatonin-zumub-90-kapsula\/"},"modified":"2024-11-27T11:13:58","modified_gmt":"2024-11-27T11:13:58","slug":"melatonin-zumub-90-kapsula","status":"publish","type":"product","link":"https:\/\/zetanutrition.hr\/sl\/izdelek\/melatonin-zumub-90-kapsula\/","title":{"rendered":"Melatonin Zumub 90 kapsula"},"content":{"rendered":"<p>Kapsule melatonina Zumub so zasnovane tako, da izbolj\u0161ajo va\u0161 spanec na naraven in telesu znan na\u010din. Nismo izumili nobenih umetnih stvari, le uporabili smo mehanizme, ki jih \u010dlove\u0161ko telo uporablja za uravnavanje cikla &#8216;spanje-budnost&#8217;.<\/p>\n<p>Kaj je Zumub Melatonin in kako deluje?<\/p>\n<p>Melatonin je hormon, ki ga proizvaja epifiza v mo\u017eganih. Stopnja sinteze melatonina je \u0161e posebej visoka, ko je temno, zato boste morda \u017eeleli spati opoldne na de\u017eeven dan, ko je nebo obla\u010dno.<\/p>\n<p>Nezadostne ravni melatonina lahko povzro\u010dijo nespe\u010dnost, slabo kakovost spanja, podalj\u0161anje \u010dasa, potrebnega za uspavanje, in druge motnje spanja. Ta pomanjkljivost se lahko pojavi zaradi razli\u010dnih razlogov, kot so stalna izpostavljenost stresnim situacijam, delo v no\u010dnih izmenah ali do\u017eivljanje \u010dasovnega zamika. Ravni melatonina se s starostjo zmanj\u0161ujejo, kar pojasnjuje, zakaj se starej\u0161i ljudje pogosto prito\u017eujejo zaradi te\u017eav s spanjem.<\/p>\n<p>Po navedbah EFSA lahko melatonin ob\u010dutno skraj\u0161a zakasnitev za\u010detka spanja (\u010das, ki ga potrebujete, da zaspite), pa tudi u\u010dinke \u010dasovnega zamika.<\/p>\n<p>\u010ce ste iskali na\u010din za izbolj\u0161anje spanja, so kapsule Zumub Melatonin eden najbolj\u0161ih na\u010dinov. Za razliko od mnogih umetno sintetiziranih dodatkov spro\u017eate le procese, ki so naravni za va\u0161e telo.<\/p>\n<p>Zavrnitev odgovornosti: Ta izdelek ni namenjen diagnosticiranju, zdravljenju ali prepre\u010devanju katere koli bolezni. Rezultati se lahko razlikujejo od posameznika do posameznika, odvisno od \u0161tevilnih dejavnikov, vklju\u010dno s spolom in starostjo.<\/p>\n\n    <div class=\"xs_social_share_widget xs_share_url after_content \t\tmain_content  wslu-style-1 wslu-share-box-shaped wslu-fill-colored wslu-none wslu-share-horizontal wslu-theme-font-no wslu-main_content\">\n\n\t\t\n        <ul>\n\t\t\t        <\/ul>\n    <\/div> \n","protected":false},"excerpt":{"rendered":"<p>Kapsule melatonina Zumub so zasnovane tako, da izbolj\u0161ajo va\u0161 spanec na naraven in telesu znan na\u010din. Nismo izumili nobenih umetnih stvari, le uporabili smo mehanizme, ki jih \u010dlove\u0161ko telo uporablja za uravnavanje cikla &#8216;spanje-budnost&#8217;. Kaj je Zumub Melatonin in kako deluje? Melatonin je hormon, ki ga proizvaja epifiza v mo\u017eganih. Stopnja sinteze melatonina je \u0161e [&hellip;]<\/p>\n","protected":false},"featured_media":9402,"comment_status":"open","ping_status":"closed","template":"","meta":{"_acf_changed":false,"bwfblock_default_font":"","content-type":""},"brand":[207],"product_brand":[],"product_cat":[158,672,160,149],"product_tag":[],"class_list":{"0":"post-9405","1":"product","2":"type-product","3":"status-publish","4":"has-post-thumbnail","6":"brand-zumub","7":"product_cat-akcija-sl","8":"product_cat-lepoto-in-nego","9":"product_cat-vitamini-i-minerali-sl","10":"product_cat-zdravje-sl","12":"first","13":"instock","14":"sale","15":"purchasable","16":"product-type-simple"},"acf":[],"_links":{"self":[{"href":"https:\/\/zetanutrition.hr\/sl\/wp-json\/wp\/v2\/product\/9405","targetHints":{"allow":["GET"]}}],"collection":[{"href":"https:\/\/zetanutrition.hr\/sl\/wp-json\/wp\/v2\/product"}],"about":[{"href":"https:\/\/zetanutrition.hr\/sl\/wp-json\/wp\/v2\/types\/product"}],"replies":[{"embeddable":true,"href":"https:\/\/zetanutrition.hr\/sl\/wp-json\/wp\/v2\/comments?post=9405"}],"wp:featuredmedia":[{"embeddable":true,"href":"https:\/\/zetanutrition.hr\/sl\/wp-json\/wp\/v2\/media\/9402"}],"wp:attachment":[{"href":"https:\/\/zetanutrition.hr\/sl\/wp-json\/wp\/v2\/media?parent=9405"}],"wp:term":[{"taxonomy":"brand","embeddable":true,"href":"https:\/\/zetanutrition.hr\/sl\/wp-json\/wp\/v2\/brand?post=9405"},{"taxonomy":"product_brand","embeddable":true,"href":"https:\/\/zetanutrition.hr\/sl\/wp-json\/wp\/v2\/product_brand?post=9405"},{"taxonomy":"product_cat","embeddable":true,"href":"https:\/\/zetanutrition.hr\/sl\/wp-json\/wp\/v2\/product_cat?post=9405"},{"taxonomy":"product_tag","embeddable":true,"href":"https:\/\/zetanutrition.hr\/sl\/wp-json\/wp\/v2\/product_tag?post=9405"}],"curies":[{"name":"wp","href":"https:\/\/api.w.org\/{rel}","templated":true}]}}