{"id":9271,"date":"2023-12-01T18:20:24","date_gmt":"2023-12-01T18:20:24","guid":{"rendered":"https:\/\/zetanutrition.hr?post_type=product&#038;p=9271"},"modified":"2024-11-21T10:20:26","modified_gmt":"2024-11-21T10:20:26","slug":"vitamin-d-3","status":"publish","type":"product","link":"https:\/\/zetanutrition.hr\/sl\/izdelek\/vitamin-d-3\/","title":{"rendered":"VITAMIN D-3"},"content":{"rendered":"<h4>Zumub vitamin D-3<\/h4>\n<p>Vitamin D ima klju\u010dno vlogo pri spodbujanju odli\u010dnega zdravja in dobrega po\u010dutja telesa.\u00a0\u010ce niste preve\u010d prepri\u010dani, ali dobivate dovolj vitamina D s soncem ali s prehrano, je odgovor dodatek Zumuba Vitamin D-3!<\/p>\n<p>Vitamin D je na voljo v dveh razli\u010dnih oblikah: vitamin D-2 in vitamin D-3, naravna oblika vitamina D. \u0160tudije ka\u017eejo, da je vitamin D-3 u\u010dinkovitej\u0161i pri dvigovanju ravni vitamina D v telesu.<\/p>\n<p>Ker se zavedamo tega, vam Zmub ponuja visokokakovosten vitamin D-3 po zelo ugodni ceni, saj Zumub var\u010duje le pri ceni, ne pa tudi pri kvaliteti!<\/p>\n<p>Vitamin D se obi\u010dajno imenuje &#8220;son\u010dni vitamin&#8221;, ker ga na\u0161a telesa naravno proizvajajo, ko je na\u0161a ko\u017ea izpostavljena son\u010dni svetlobi.\u00a0Na \u017ealost obstajajo nekatere stvari, ki nam lahko prepre\u010dijo, da bi dobili toliko son\u010dne svetlobe, kot jo potrebujemo, na primer predolgo bivanje v zaprtih prostorih.\u00a0\u010ce \u017eelite svoje telo vsak dan oskrbeti s pravo koli\u010dino vitamina D, je najpreprostej\u0161a mo\u017enost dodajanje Zumuba vitamina D-3!<\/p>\n<p>Vsak mehki gel Zumub vitamina D-3 zagotavlja telesu 2000 ie zlahka absorbiranega vitamina D3.\u00a0\u0160tudije ka\u017eejo, da lahko pomanjkanje vitamina D3 povzro\u010di ne\u017eelene zdravstvene te\u017eave, kot so bole\u010dine v mi\u0161icah, \u0161ibkost, oslabljen imunski sistem in krhke kosti.\u00a0Ugotovljeno je bilo, da dodatek vitamina D3 zagotavlja \u0161tevilne koristi za \u010dlove\u0161ko telo, vklju\u010dno z:<\/p>\n<ul type=\"disc\">\n<li>Optimizacija absorpcije kalcija in fosforja<\/li>\n<li>Krepitev obrambe telesa<\/li>\n<li>Podpira pravilen razvoj kosti in zob<\/li>\n<li>Ohranjanje normalnega delovanja mi\u0161ic<\/li>\n<\/ul>\n<p>Zagotovite si dnevno dozo \u010distega vitamina D, ki bo okrepil va\u0161e kosti in okrepil va\u0161o imunsko obrambo&#8230; za\u010dnite jemati Zumub Vitamin D-3 \u0161e danes!<\/p>\n<p class=\"col-md-12 product-detail-sidebar-srongtxt\"><strong>Navodila<\/strong><\/p>\n<div class=\"col-md-12 text-justify\">Kot prehransko dopolnilo vzemite 1 kapsulo na dan, najbolje z obrokom ali po priporo\u010dilu zdravstvenega delavca.<\/div>\n<div class=\"col-md-12 row\"><\/div>\n<div class=\"col-md-12 text-justify\"><span class=\"col-md-12 product-detail-sidebar-srongtxt\"><strong>OPOZORILO:<\/strong><\/span>Ne prekora\u010dite priporo\u010deni odmerek.\u00a0Hraniti izven dosega otrok.\u00a0Ta izdelek se ne sme uporabljati kot nadomestek za raznoliko in uravnote\u017eeno prehrano ter zdrav \u017eivljenjski slog.\u00a0Tega izdelka ne smete uporabljati v primeru preob\u010dutljivosti ali alergije na katerokoli sestavino.\u00a0Hraniti na hladnem in suhem mestu.\u00a0SERIJA\/NAJBOLJ\u0160E BESEDE: Upo\u0161tevajte \u0161tevilko serije in datum poteka, ozna\u010den na embala\u017ei.<\/div>\n<div class=\"col-md-12 row\"><\/div>\n<div class=\"col-md-12 text-justify\">Pozor: Priporo\u010dljivo je, da se posvetujete z zdravnikom ali nutricionistom, \u010de niste prepri\u010dani o u\u017eivanju tega izdelka.<\/div>\n<div><\/div>\n<div class=\"descmargin small\"><i>Zavrnitev odgovornosti: Ta izdelek ni namenjen diagnosticiranju, zdravljenju ali prepre\u010devanju katere koli bolezni.\u00a0Rezultati se lahko razlikujejo od posameznika do posameznika, odvisno od \u0161tevilnih dejavnikov, vklju\u010dno s spolom in starostjo.<\/i><\/div>\n\n    <div class=\"xs_social_share_widget xs_share_url after_content \t\tmain_content  wslu-style-1 wslu-share-box-shaped wslu-fill-colored wslu-none wslu-share-horizontal wslu-theme-font-no wslu-main_content\">\n\n\t\t\n        <ul>\n\t\t\t        <\/ul>\n    <\/div> \n","protected":false},"excerpt":{"rendered":"<p>Zumub vitamin D-3 Vitamin D ima klju\u010dno vlogo pri spodbujanju odli\u010dnega zdravja in dobrega po\u010dutja telesa.\u00a0\u010ce niste preve\u010d prepri\u010dani, ali dobivate dovolj vitamina D s soncem ali s prehrano, je odgovor dodatek Zumuba Vitamin D-3! Vitamin D je na voljo v dveh razli\u010dnih oblikah: vitamin D-2 in vitamin D-3, naravna oblika vitamina D. \u0160tudije ka\u017eejo, [&hellip;]<\/p>\n","protected":false},"featured_media":9109,"comment_status":"open","ping_status":"closed","template":"","meta":{"_acf_changed":false,"bwfblock_default_font":"","content-type":""},"brand":[207],"product_brand":[],"product_cat":[158,160,149],"product_tag":[],"class_list":{"0":"post-9271","1":"product","2":"type-product","3":"status-publish","4":"has-post-thumbnail","6":"brand-zumub","7":"product_cat-akcija-sl","8":"product_cat-vitamini-i-minerali-sl","9":"product_cat-zdravje-sl","11":"first","12":"outofstock","13":"sale","14":"taxable","15":"shipping-taxable","16":"purchasable","17":"product-type-variable"},"acf":[],"_links":{"self":[{"href":"https:\/\/zetanutrition.hr\/sl\/wp-json\/wp\/v2\/product\/9271","targetHints":{"allow":["GET"]}}],"collection":[{"href":"https:\/\/zetanutrition.hr\/sl\/wp-json\/wp\/v2\/product"}],"about":[{"href":"https:\/\/zetanutrition.hr\/sl\/wp-json\/wp\/v2\/types\/product"}],"replies":[{"embeddable":true,"href":"https:\/\/zetanutrition.hr\/sl\/wp-json\/wp\/v2\/comments?post=9271"}],"wp:featuredmedia":[{"embeddable":true,"href":"https:\/\/zetanutrition.hr\/sl\/wp-json\/wp\/v2\/media\/9109"}],"wp:attachment":[{"href":"https:\/\/zetanutrition.hr\/sl\/wp-json\/wp\/v2\/media?parent=9271"}],"wp:term":[{"taxonomy":"brand","embeddable":true,"href":"https:\/\/zetanutrition.hr\/sl\/wp-json\/wp\/v2\/brand?post=9271"},{"taxonomy":"product_brand","embeddable":true,"href":"https:\/\/zetanutrition.hr\/sl\/wp-json\/wp\/v2\/product_brand?post=9271"},{"taxonomy":"product_cat","embeddable":true,"href":"https:\/\/zetanutrition.hr\/sl\/wp-json\/wp\/v2\/product_cat?post=9271"},{"taxonomy":"product_tag","embeddable":true,"href":"https:\/\/zetanutrition.hr\/sl\/wp-json\/wp\/v2\/product_tag?post=9271"}],"curies":[{"name":"wp","href":"https:\/\/api.w.org\/{rel}","templated":true}]}}