{"id":8443,"date":"2023-12-09T16:13:28","date_gmt":"2023-12-09T16:13:28","guid":{"rendered":"https:\/\/zetanutrition.hrproduct\/vrc-za-vodu-1-3l\/"},"modified":"2024-11-21T12:03:50","modified_gmt":"2024-11-21T12:03:50","slug":"vrc-za-vodu-1-3l","status":"publish","type":"product","link":"https:\/\/zetanutrition.hr\/sl\/izdelek\/vrc-za-vodu-1-3l\/","title":{"rendered":"VR\u010c ZA VODO 1,3L"},"content":{"rendered":"<div class=\"active\">\n<div id=\"Description-collape\" class=\"collapse in\">\n<div id=\"description\" class=\"active in\">\n<div id=\"productDescription\" class=\"productGeneral\">\n<div id=\"desc_parent\" class=\"content-text open\">\n<p>Vr\u010d za vodo Zumub 1,3 L je vsestranski in prakti\u010den vr\u010d, zasnovan za vse va\u0161e potrebe po hidraciji.<\/p>\n<p>Z zasnovo, ki je enostavna za uporabo, ne glede na to, ali greste v telovadnico, se podajate na pustolov\u0161\u010dine na prostem ali preprosto ostanete hidrirani ves dan, ro\u010daj zagotavlja udoben oprijem, kar vam omogo\u010da, da vzamete vodo kamorkoli greste.<\/p>\n<p>Vr\u010d za vodo Zumub 1,3L<br \/>\nVelikodu\u0161na prostornina 1,3 litra, ki zagotavlja zadostno koli\u010dino hidracije;<br \/>\nMaterial PETG in brez BPA nudita odli\u010dno vzdr\u017eljivost, hkrati pa zagotavljata varnost va\u0161ih pija\u010d;<br \/>\nUporabniku prijazen dizajn s prakti\u010dnim ro\u010dajem za enostavno prena\u0161anje;<br \/>\nNeprepustna zasnova z navojnim pokrov\u010dkom in preklopnim pokrov\u010dkom delujeta v harmoniji, da so va\u0161e pija\u010de varne in za\u0161\u010ditene tudi med transportom.<\/p>\n<p>Ostanite hidrirani z zaupanjem in udobjem z izbiro vr\u010da za vodo Zumub 1,3 L.\u00a0Zaradi njegovih prakti\u010dnih lastnosti, kot so zasnova, ki ne pu\u0161\u010da, enostavno polnjenje in ergonomski ro\u010daj, je popolna izbira za \u0161portnike, navdu\u0161ence na prostem in vse, ki i\u0161\u010dejo zanesljiv in funkcionalen vr\u010d za vodo.<\/p>\n<p>Ne sklepajte kompromisov glede svojih potreb po hidraciji.\u00a0Naro\u010dite svoj vr\u010d za vodo Zumub 1,3 L \u0161e danes in izkusite vrhunsko hidracijsko re\u0161itev, ki je v koraku z va\u0161im aktivnim \u017eivljenjskim slogom.<\/p>\n<\/div>\n<\/div>\n<\/div>\n<\/div>\n<\/div>\n<div><\/div>\n\n    <div class=\"xs_social_share_widget xs_share_url after_content \t\tmain_content  wslu-style-1 wslu-share-box-shaped wslu-fill-colored wslu-none wslu-share-horizontal wslu-theme-font-no wslu-main_content\">\n\n\t\t\n        <ul>\n\t\t\t        <\/ul>\n    <\/div> \n","protected":false},"excerpt":{"rendered":"<p>Vr\u010d za vodo Zumub 1,3 L je vsestranski in prakti\u010den vr\u010d, zasnovan za vse va\u0161e potrebe po hidraciji. Z zasnovo, ki je enostavna za uporabo, ne glede na to, ali greste v telovadnico, se podajate na pustolov\u0161\u010dine na prostem ali preprosto ostanete hidrirani ves dan, ro\u010daj zagotavlja udoben oprijem, kar vam omogo\u010da, da vzamete vodo [&hellip;]<\/p>\n","protected":false},"featured_media":8441,"comment_status":"open","ping_status":"closed","template":"","meta":{"_acf_changed":false,"bwfblock_default_font":"","content-type":""},"brand":[207],"product_brand":[],"product_cat":[156],"product_tag":[],"class_list":{"0":"post-8443","1":"product","2":"type-product","3":"status-publish","4":"has-post-thumbnail","6":"brand-zumub","7":"product_cat-sportna-oprema-in-oblacila-sl","9":"first","10":"instock","11":"sale","12":"purchasable","13":"product-type-simple"},"acf":[],"_links":{"self":[{"href":"https:\/\/zetanutrition.hr\/sl\/wp-json\/wp\/v2\/product\/8443","targetHints":{"allow":["GET"]}}],"collection":[{"href":"https:\/\/zetanutrition.hr\/sl\/wp-json\/wp\/v2\/product"}],"about":[{"href":"https:\/\/zetanutrition.hr\/sl\/wp-json\/wp\/v2\/types\/product"}],"replies":[{"embeddable":true,"href":"https:\/\/zetanutrition.hr\/sl\/wp-json\/wp\/v2\/comments?post=8443"}],"wp:featuredmedia":[{"embeddable":true,"href":"https:\/\/zetanutrition.hr\/sl\/wp-json\/wp\/v2\/media\/8441"}],"wp:attachment":[{"href":"https:\/\/zetanutrition.hr\/sl\/wp-json\/wp\/v2\/media?parent=8443"}],"wp:term":[{"taxonomy":"brand","embeddable":true,"href":"https:\/\/zetanutrition.hr\/sl\/wp-json\/wp\/v2\/brand?post=8443"},{"taxonomy":"product_brand","embeddable":true,"href":"https:\/\/zetanutrition.hr\/sl\/wp-json\/wp\/v2\/product_brand?post=8443"},{"taxonomy":"product_cat","embeddable":true,"href":"https:\/\/zetanutrition.hr\/sl\/wp-json\/wp\/v2\/product_cat?post=8443"},{"taxonomy":"product_tag","embeddable":true,"href":"https:\/\/zetanutrition.hr\/sl\/wp-json\/wp\/v2\/product_tag?post=8443"}],"curies":[{"name":"wp","href":"https:\/\/api.w.org\/{rel}","templated":true}]}}