{"id":8414,"date":"2024-04-03T15:07:30","date_gmt":"2024-04-03T15:07:30","guid":{"rendered":"https:\/\/zetanutrition.hrproduct\/cp-sportske-trake-za-dizanje\/"},"modified":"2024-11-11T13:33:37","modified_gmt":"2024-11-11T13:33:37","slug":"cp-sportske-trake-za-dizanje","status":"publish","type":"product","link":"https:\/\/zetanutrition.hr\/sl\/izdelek\/cp-sportske-trake-za-dizanje\/","title":{"rendered":"CP \u0160PORTNI DVI\u017dNI TRAKOVI"},"content":{"rendered":"<p>\u010ce \u017eelite kar najbolje izkoristiti svojo vadbo, uporabite trakove za dviganje CP Sports. Ti nem\u0161ki dvi\u017eni trakovi vam bodo zagotovili mo\u010dnej\u0161i oprijem med mrtvim dvigom, vle\u010denjem in padcem ter mo\u010dno zmanj\u0161ali po\u0161kodbe prstov, rok in zapestja.<\/p>\n<p>CP Sports Lifting Straps so izdelani iz 100% bomba\u017ea za vrhunsko udobje in pretok zraka.<\/p>\n<p>Dvi\u017eni trakovi CP Sports so zasnovani tako, da prenesejo tudi najintenzivnej\u0161e vadbe s svojo izjemno vzdr\u017eljivo zasnovo in kakovostjo, zaradi \u010desar so uporaben dodatek k va\u0161emu vadbenemu arzenalu. Ne glede na to, ali ste \u0161portnik srednje stopnje ali predan dvigovalec ute\u017ei, bodo ti dvi\u017eni trakovi izbolj\u0161ali va\u0161o u\u010dinkovitost vadbe in zagotovili dodatno udobje pri vadbi.<\/p>\n<p>CP Sports Lifting Straps vam bodo pomagali pove\u010dati rezultate va\u0161e vadbe in narediti va\u0161o vadbo bolj koristno izku\u0161njo!<\/p>\n\n    <div class=\"xs_social_share_widget xs_share_url after_content \t\tmain_content  wslu-style-1 wslu-share-box-shaped wslu-fill-colored wslu-none wslu-share-horizontal wslu-theme-font-no wslu-main_content\">\n\n\t\t\n        <ul>\n\t\t\t        <\/ul>\n    <\/div> \n","protected":false},"excerpt":{"rendered":"<p>\u010ce \u017eelite kar najbolje izkoristiti svojo vadbo, uporabite trakove za dviganje CP Sports. Ti nem\u0161ki dvi\u017eni trakovi vam bodo zagotovili mo\u010dnej\u0161i oprijem med mrtvim dvigom, vle\u010denjem in padcem ter mo\u010dno zmanj\u0161ali po\u0161kodbe prstov, rok in zapestja. CP Sports Lifting Straps so izdelani iz 100% bomba\u017ea za vrhunsko udobje in pretok zraka. Dvi\u017eni trakovi CP Sports [&hellip;]<\/p>\n","protected":false},"featured_media":8412,"comment_status":"open","ping_status":"closed","template":"","meta":{"_acf_changed":false,"bwfblock_default_font":"","content-type":""},"brand":[],"product_brand":[],"product_cat":[156],"product_tag":[],"class_list":{"0":"post-8414","1":"product","2":"type-product","3":"status-publish","4":"has-post-thumbnail","6":"product_cat-sportna-oprema-in-oblacila-sl","8":"first","9":"outofstock","10":"purchasable","11":"product-type-simple"},"acf":[],"_links":{"self":[{"href":"https:\/\/zetanutrition.hr\/sl\/wp-json\/wp\/v2\/product\/8414","targetHints":{"allow":["GET"]}}],"collection":[{"href":"https:\/\/zetanutrition.hr\/sl\/wp-json\/wp\/v2\/product"}],"about":[{"href":"https:\/\/zetanutrition.hr\/sl\/wp-json\/wp\/v2\/types\/product"}],"replies":[{"embeddable":true,"href":"https:\/\/zetanutrition.hr\/sl\/wp-json\/wp\/v2\/comments?post=8414"}],"wp:featuredmedia":[{"embeddable":true,"href":"https:\/\/zetanutrition.hr\/sl\/wp-json\/wp\/v2\/media\/8412"}],"wp:attachment":[{"href":"https:\/\/zetanutrition.hr\/sl\/wp-json\/wp\/v2\/media?parent=8414"}],"wp:term":[{"taxonomy":"brand","embeddable":true,"href":"https:\/\/zetanutrition.hr\/sl\/wp-json\/wp\/v2\/brand?post=8414"},{"taxonomy":"product_brand","embeddable":true,"href":"https:\/\/zetanutrition.hr\/sl\/wp-json\/wp\/v2\/product_brand?post=8414"},{"taxonomy":"product_cat","embeddable":true,"href":"https:\/\/zetanutrition.hr\/sl\/wp-json\/wp\/v2\/product_cat?post=8414"},{"taxonomy":"product_tag","embeddable":true,"href":"https:\/\/zetanutrition.hr\/sl\/wp-json\/wp\/v2\/product_tag?post=8414"}],"curies":[{"name":"wp","href":"https:\/\/api.w.org\/{rel}","templated":true}]}}