{"id":8399,"date":"2024-10-08T09:37:56","date_gmt":"2024-10-08T09:37:56","guid":{"rendered":"https:\/\/zetanutrition.hrproduct\/zeta-shaker-700ml\/"},"modified":"2024-11-11T10:57:53","modified_gmt":"2024-11-11T10:57:53","slug":"zeta-shaker-700ml","status":"publish","type":"product","link":"https:\/\/zetanutrition.hr\/sl\/izdelek\/zeta-shaker-700ml\/","title":{"rendered":"ZETA Shaker 700ml"},"content":{"rendered":"<p>\u010ce potrebujete \u0161portna prehranska dopolnila po najni\u017ejih mo\u017enih cenah, je ZETA Nutrition va\u0161a spletna trgovina. Zdaj lahko dobite \u010disto svoj shaker skodelico iz te uporabniku prijazne spletne trgovine z dodatki &#8230; pozdravite ZETA Shaker\u00a0!<\/p>\n<p>ZETA shaker varuje va\u0161e najljub\u0161e pija\u010de za vadbo in beljakovinske napitke s svojo zasnovo brez polivanja. Minili so dnevi \u010di\u0161\u010denja va\u0161e telovadne torbe, uni\u010dene zaradi pija\u010de, ki je u\u0161la iz va\u0161e stare steklenice shakerja!<\/p>\n<p>Za pra\u0161ke, ki jih je te\u017eko me\u0161ati, ima ZETA Shaker re\u0161itev \u2013 mre\u017easto mre\u017eico, ki razbije grudice prahu z le nekaj stresanji, tako da lahko vsaki\u010d u\u017eivate v pija\u010di s popolno teksturo.<\/p>\n<p>ZETA shaker skodelica ima tudi velik dulec, tako da lahko preprosto pijete svoje najljub\u0161e pija\u010de in takoj pote\u0161ite \u017eejo!<\/p>\n<p>Lahek, trpe\u017een in 100-odstotno uporabniku prijazen &#8211; to dobite s kul videzom stresalnika ZETA!<\/p>\n\n    <div class=\"xs_social_share_widget xs_share_url after_content \t\tmain_content  wslu-style-1 wslu-share-box-shaped wslu-fill-colored wslu-none wslu-share-horizontal wslu-theme-font-no wslu-main_content\">\n\n\t\t\n        <ul>\n\t\t\t        <\/ul>\n    <\/div> \n","protected":false},"excerpt":{"rendered":"<p>\u010ce potrebujete \u0161portna prehranska dopolnila po najni\u017ejih mo\u017enih cenah, je ZETA Nutrition va\u0161a spletna trgovina. Zdaj lahko dobite \u010disto svoj shaker skodelico iz te uporabniku prijazne spletne trgovine z dodatki &#8230; pozdravite ZETA Shaker\u00a0! ZETA shaker varuje va\u0161e najljub\u0161e pija\u010de za vadbo in beljakovinske napitke s svojo zasnovo brez polivanja. Minili so dnevi \u010di\u0161\u010denja va\u0161e [&hellip;]<\/p>\n","protected":false},"featured_media":8397,"comment_status":"open","ping_status":"closed","template":"","meta":{"_acf_changed":false,"bwfblock_default_font":"","content-type":""},"brand":[],"product_brand":[],"product_cat":[156],"product_tag":[],"class_list":{"0":"post-8399","1":"product","2":"type-product","3":"status-publish","4":"has-post-thumbnail","6":"product_cat-sportna-oprema-in-oblacila-sl","8":"first","9":"instock","10":"purchasable","11":"product-type-simple"},"acf":[],"_links":{"self":[{"href":"https:\/\/zetanutrition.hr\/sl\/wp-json\/wp\/v2\/product\/8399","targetHints":{"allow":["GET"]}}],"collection":[{"href":"https:\/\/zetanutrition.hr\/sl\/wp-json\/wp\/v2\/product"}],"about":[{"href":"https:\/\/zetanutrition.hr\/sl\/wp-json\/wp\/v2\/types\/product"}],"replies":[{"embeddable":true,"href":"https:\/\/zetanutrition.hr\/sl\/wp-json\/wp\/v2\/comments?post=8399"}],"wp:featuredmedia":[{"embeddable":true,"href":"https:\/\/zetanutrition.hr\/sl\/wp-json\/wp\/v2\/media\/8397"}],"wp:attachment":[{"href":"https:\/\/zetanutrition.hr\/sl\/wp-json\/wp\/v2\/media?parent=8399"}],"wp:term":[{"taxonomy":"brand","embeddable":true,"href":"https:\/\/zetanutrition.hr\/sl\/wp-json\/wp\/v2\/brand?post=8399"},{"taxonomy":"product_brand","embeddable":true,"href":"https:\/\/zetanutrition.hr\/sl\/wp-json\/wp\/v2\/product_brand?post=8399"},{"taxonomy":"product_cat","embeddable":true,"href":"https:\/\/zetanutrition.hr\/sl\/wp-json\/wp\/v2\/product_cat?post=8399"},{"taxonomy":"product_tag","embeddable":true,"href":"https:\/\/zetanutrition.hr\/sl\/wp-json\/wp\/v2\/product_tag?post=8399"}],"curies":[{"name":"wp","href":"https:\/\/api.w.org\/{rel}","templated":true}]}}