{"id":8326,"date":"2023-12-01T16:54:07","date_gmt":"2023-12-01T16:54:07","guid":{"rendered":"https:\/\/zetanutrition.hrproduct\/vitamin-e\/"},"modified":"2024-11-21T09:55:08","modified_gmt":"2024-11-21T09:55:08","slug":"vitamin-e","status":"publish","type":"product","link":"https:\/\/zetanutrition.hr\/sl\/izdelek\/vitamin-e\/","title":{"rendered":"VITAMIN E"},"content":{"rendered":"<p><strong>Zumub mehki geli z vitaminom E<\/strong> vsebujejo enega najmo\u010dnej\u0161ih antioksidantov in eno klju\u010dnih hranil, ki podpira splo\u0161no dobro po\u010dutje.\u00a0\u00a0Vitamin E. \u010ceprav lahko dobite vitamin E iz \u017eivil, kot so son\u010dni\u010dna semena, mandlji, le\u0161niki, mango in \u0161tevilne druge rastline, ni vedno mogo\u010de in enostavno dobiti ustreznih koli\u010din.<\/p>\n<p>Zumub Vitamin E je varen dodatek, katerega namen je nadomestiti naravne vire na najbolj\u0161i in naj\u010distej\u0161i mo\u017eni na\u010din, dodali smo le nekaj sestavin, ki sestavljajo lupino in so popolnoma varne.<\/p>\n<p>Res nas je skrbelo, saj se zavedamo pomena antioksidativne za\u0161\u010dite, ki jo ponuja vitamin E. Njegova sposobnost zmanj\u0161evanja oksidativnega stresa je ena njegovih glavnih zna\u010dilnosti.<\/p>\n<p>Z nekaj hitrimi kliki naro\u010dite Zumub mehke gele z vitaminom E \u2013 ostalo je odvisno od nas.<\/p>\n<div class=\"descmargin small\"><i>Zavrnitev odgovornosti: Ta izdelek ni namenjen diagnosticiranju, zdravljenju ali prepre\u010devanju katere koli bolezni.\u00a0Rezultati se lahko razlikujejo od posameznika do posameznika, odvisno od \u0161tevilnih dejavnikov, vklju\u010dno s spolom in starostjo.<\/i><\/div>\n\n    <div class=\"xs_social_share_widget xs_share_url after_content \t\tmain_content  wslu-style-1 wslu-share-box-shaped wslu-fill-colored wslu-none wslu-share-horizontal wslu-theme-font-no wslu-main_content\">\n\n\t\t\n        <ul>\n\t\t\t        <\/ul>\n    <\/div> \n","protected":false},"excerpt":{"rendered":"<p>Zumub mehki geli z vitaminom E vsebujejo enega najmo\u010dnej\u0161ih antioksidantov in eno klju\u010dnih hranil, ki podpira splo\u0161no dobro po\u010dutje.\u00a0\u00a0Vitamin E. \u010ceprav lahko dobite vitamin E iz \u017eivil, kot so son\u010dni\u010dna semena, mandlji, le\u0161niki, mango in \u0161tevilne druge rastline, ni vedno mogo\u010de in enostavno dobiti ustreznih koli\u010din. Zumub Vitamin E je varen dodatek, katerega namen je [&hellip;]<\/p>\n","protected":false},"featured_media":8319,"comment_status":"open","ping_status":"closed","template":"","meta":{"_acf_changed":false,"bwfblock_default_font":"","content-type":""},"brand":[],"product_brand":[],"product_cat":[160,149],"product_tag":[],"class_list":{"0":"post-8326","1":"product","2":"type-product","3":"status-publish","4":"has-post-thumbnail","6":"product_cat-vitamini-i-minerali-sl","7":"product_cat-zdravje-sl","9":"first","10":"outofstock","11":"purchasable","12":"product-type-simple"},"acf":[],"_links":{"self":[{"href":"https:\/\/zetanutrition.hr\/sl\/wp-json\/wp\/v2\/product\/8326","targetHints":{"allow":["GET"]}}],"collection":[{"href":"https:\/\/zetanutrition.hr\/sl\/wp-json\/wp\/v2\/product"}],"about":[{"href":"https:\/\/zetanutrition.hr\/sl\/wp-json\/wp\/v2\/types\/product"}],"replies":[{"embeddable":true,"href":"https:\/\/zetanutrition.hr\/sl\/wp-json\/wp\/v2\/comments?post=8326"}],"wp:featuredmedia":[{"embeddable":true,"href":"https:\/\/zetanutrition.hr\/sl\/wp-json\/wp\/v2\/media\/8319"}],"wp:attachment":[{"href":"https:\/\/zetanutrition.hr\/sl\/wp-json\/wp\/v2\/media?parent=8326"}],"wp:term":[{"taxonomy":"brand","embeddable":true,"href":"https:\/\/zetanutrition.hr\/sl\/wp-json\/wp\/v2\/brand?post=8326"},{"taxonomy":"product_brand","embeddable":true,"href":"https:\/\/zetanutrition.hr\/sl\/wp-json\/wp\/v2\/product_brand?post=8326"},{"taxonomy":"product_cat","embeddable":true,"href":"https:\/\/zetanutrition.hr\/sl\/wp-json\/wp\/v2\/product_cat?post=8326"},{"taxonomy":"product_tag","embeddable":true,"href":"https:\/\/zetanutrition.hr\/sl\/wp-json\/wp\/v2\/product_tag?post=8326"}],"curies":[{"name":"wp","href":"https:\/\/api.w.org\/{rel}","templated":true}]}}