{"id":8281,"date":"2023-12-01T18:28:23","date_gmt":"2023-12-01T18:28:23","guid":{"rendered":"https:\/\/zetanutrition.hrproduct\/vitamin-c-1000-mg\/"},"modified":"2024-11-21T10:22:57","modified_gmt":"2024-11-21T10:22:57","slug":"vitamin-c-1000-mg","status":"publish","type":"product","link":"https:\/\/zetanutrition.hr\/sl\/proizvod\/vitamin-c-1000-mg\/","title":{"rendered":"VITAMIN C 1000 MG"},"content":{"rendered":"<p>I\u0161\u010dete dodatno za\u0161\u010dito in podporo?\u00a0Zakaj ne bi poskusili vitamina, ki velja za enega naju\u010dinkovitej\u0161ih vitaminov \u2013 vitamina C?\u00a0Vsaka tableta <strong>Zumub vitamina C<\/strong> vsebuje 1000 mg tega znanega vitamina.<\/p>\n<h3>Zumub vitamin C 1000 mg je odli\u010den za<\/h3>\n<ul>\n<li>Antioksidativna za\u0161\u010dita<\/li>\n<li>Vzdr\u017eevanje normalne funkcije kosti in hrustanca<\/li>\n<li>Proizvodnja energije<\/li>\n<li>Boj proti utrujenosti in iz\u010drpanosti<\/li>\n<li>Podpira zdravje zob in ko\u017ee<\/li>\n<\/ul>\n<p>Vitamin C lahko najdete v \u017eivilih, kot sta sadje in zelenjava.<\/p>\n<p>Vendar zana\u0161anje na vire hrane ni vedno dovolj.\u00a0Morda ne zau\u017eijete dovolj hrane ali pa ta ni dovolj kakovostna.\u00a0Poleg tega, \u010de je va\u0161e telo izpostavljeno pove\u010dani telesni aktivnosti, je morda dobro, da zau\u017eijete ve\u010d od ugotovljene dnevne vrednosti.<\/p>\n<p>Zato vam predlagamo, da si omislite kakovostno prehransko dopolnilo \u2013 Zumub Vitamin C 1000 mg.\u00a0Dobite vrhunski, biolo\u0161ko razpolo\u017eljiv vitamin C v velikih koli\u010dinah, ki podpira va\u0161e \u0161portne napore, aktiven \u017eivljenjski slog ali dneve v va\u0161em \u017eivljenju, ko morate delati ve\u010d kot obi\u010dajno ali potrebujete ve\u010d za\u0161\u010dite.<\/p>\n<p>Dokazano je, da 1000 mg telesu ne \u0161kodi, pravzaprav je najvi\u0161ja meja 2000 mg na dan.<\/p>\n<p>Tako s samo eno tableto Zumub tablet vitamina C pokrijete potrebe svojega telesa po tem mo\u010dnem hranilu.\u00a0U\u017eivajte v vrhunskih dodatkih z Zumubom!<\/p>\n<p class=\"col-md-12 product-detail-sidebar-srongtxt\"><strong>Navodila<\/strong><\/p>\n<div class=\"col-md-12 text-justify\">Kot dopolnilo vzemite 1 tableto na dan ali po priporo\u010dilu zdravstvenega delavca.<\/div>\n<div class=\"col-md-12 row\"><\/div>\n<div class=\"col-md-12 text-justify\"><span class=\"col-md-12 product-detail-sidebar-srongtxt\"><strong>OPOZORILO:<\/strong><\/span>Ne prekora\u010dite priporo\u010den dnevni odmerek!\u00a0Hraniti izven dosega otrok.\u00a0Ta izdelek se ne sme uporabljati kot nadomestek za raznoliko in uravnote\u017eeno prehrano ter zdrav \u017eivljenjski slog.\u00a0Tega izdelka ne smete uporabljati v primeru preob\u010dutljivosti ali alergije na katerokoli sestavino.\u00a0SERIJA\/NAJBOLJ\u0160E BESEDE: Upo\u0161tevajte \u0161tevilko serije in datum poteka, ozna\u010dena na embala\u017ei.\u00a0Hraniti na hladnem in suhem mestu.\u00a0Prosimo, reciklirajte.<\/div>\n<div class=\"col-md-12 row\"><\/div>\n<div class=\"col-md-12 text-justify\">Pozor: Priporo\u010dljivo je, da se posvetujete z zdravnikom ali nutricionistom, \u010de niste prepri\u010dani o u\u017eivanju tega izdelka.<\/div>\n<div><\/div>\n<div class=\"descmargin small\"><i>Zavrnitev odgovornosti: Ta izdelek ni namenjen diagnosticiranju, zdravljenju ali prepre\u010devanju katere koli bolezni.\u00a0Rezultati se lahko razlikujejo od posameznika do posameznika, odvisno od \u0161tevilnih dejavnikov, vklju\u010dno s spolom in starostjo.<\/i><\/div>\n\n    <div class=\"xs_social_share_widget xs_share_url after_content \t\tmain_content  wslu-style-1 wslu-share-box-shaped wslu-fill-colored wslu-none wslu-share-horizontal wslu-theme-font-no wslu-main_content\">\n\n\t\t\n        <ul>\n\t\t\t        <\/ul>\n    <\/div> \n","protected":false},"excerpt":{"rendered":"<p>I\u0161\u010dete dodatno za\u0161\u010dito in podporo?\u00a0Zakaj ne bi poskusili vitamina, ki velja za enega naju\u010dinkovitej\u0161ih vitaminov \u2013 vitamina C?\u00a0Vsaka tableta Zumub vitamina C vsebuje 1000 mg tega znanega vitamina. Zumub vitamin C 1000 mg je odli\u010den za Antioksidativna za\u0161\u010dita Vzdr\u017eevanje normalne funkcije kosti in hrustanca Proizvodnja energije Boj proti utrujenosti in iz\u010drpanosti Podpira zdravje zob in [&hellip;]<\/p>\n","protected":false},"featured_media":8276,"comment_status":"open","ping_status":"closed","template":"","meta":{"_acf_changed":false,"bwfblock_default_font":"","content-type":""},"brand":[207],"product_brand":[],"product_cat":[158,160,149],"product_tag":[],"class_list":{"0":"post-8281","1":"product","2":"type-product","3":"status-publish","4":"has-post-thumbnail","6":"brand-zumub","7":"product_cat-akcija-sl","8":"product_cat-vitamini-i-minerali-sl","9":"product_cat-zdravje-sl","11":"first","12":"instock","13":"sale","14":"taxable","15":"shipping-taxable","16":"purchasable","17":"product-type-variable"},"acf":[],"_links":{"self":[{"href":"https:\/\/zetanutrition.hr\/sl\/wp-json\/wp\/v2\/product\/8281","targetHints":{"allow":["GET"]}}],"collection":[{"href":"https:\/\/zetanutrition.hr\/sl\/wp-json\/wp\/v2\/product"}],"about":[{"href":"https:\/\/zetanutrition.hr\/sl\/wp-json\/wp\/v2\/types\/product"}],"replies":[{"embeddable":true,"href":"https:\/\/zetanutrition.hr\/sl\/wp-json\/wp\/v2\/comments?post=8281"}],"wp:featuredmedia":[{"embeddable":true,"href":"https:\/\/zetanutrition.hr\/sl\/wp-json\/wp\/v2\/media\/8276"}],"wp:attachment":[{"href":"https:\/\/zetanutrition.hr\/sl\/wp-json\/wp\/v2\/media?parent=8281"}],"wp:term":[{"taxonomy":"brand","embeddable":true,"href":"https:\/\/zetanutrition.hr\/sl\/wp-json\/wp\/v2\/brand?post=8281"},{"taxonomy":"product_brand","embeddable":true,"href":"https:\/\/zetanutrition.hr\/sl\/wp-json\/wp\/v2\/product_brand?post=8281"},{"taxonomy":"product_cat","embeddable":true,"href":"https:\/\/zetanutrition.hr\/sl\/wp-json\/wp\/v2\/product_cat?post=8281"},{"taxonomy":"product_tag","embeddable":true,"href":"https:\/\/zetanutrition.hr\/sl\/wp-json\/wp\/v2\/product_tag?post=8281"}],"curies":[{"name":"wp","href":"https:\/\/api.w.org\/{rel}","templated":true}]}}