{"id":8086,"date":"2024-01-21T17:04:11","date_gmt":"2024-01-21T17:04:11","guid":{"rendered":"https:\/\/zetanutrition.hrproduct\/proteinska-bar-kokos\/"},"modified":"2025-05-25T12:55:28","modified_gmt":"2025-05-25T12:55:28","slug":"proteinska-ploscica-kokos","status":"publish","type":"product","link":"https:\/\/zetanutrition.hr\/sl\/proizvod\/proteinska-ploscica-kokos\/","title":{"rendered":"PROTEINSKA PLO\u0160\u010cICA KOKOS"},"content":{"rendered":"<p>Navdihnjeni z ljubeznijo do \u0161porta in zdravega \u017eivljenja, s ponosom predstavljamo <strong>Zumub Protein Bar<\/strong> \u2013 prigrizek dobrega in mo\u010dnega, zasnovan kot va\u0161 prenosni polnilnik na avtocesti neverjetnih \u0161portnih rezultatov.<\/p>\n<h3>Proteinska plo\u0161\u010dica Zumub \u2013 polna tega, kar potrebujete, in brez tega, \u010desar ne potrebujete<\/h3>\n<ul>\n<li>Neverjetna \u010dista energija.\u00a0Ta droben bonbon, ki ga lahko spravite skoraj v \u017eep, je bogat z beljakovinami.\u00a0Beljakovine, pridobljene iz mleka in soje, so visoko biolo\u0161ko uporabne in prijetne za \u017eelodec.<\/li>\n<li>Nadomestna sladila \u2013 za zmanj\u0161anje kalori\u010dne zmogljivosti brez ogro\u017eanja okusa.<\/li>\n<li>0 % palmovega olja.<\/li>\n<li>Brez glutena.<\/li>\n<\/ul>\n<h3><a href=\"https:\/\/www.zumub.com\/EN\/zumbu\" target=\"_blank\" rel=\"noopener\">Zumub<\/a><a href=\"https:\/\/www.zumub.com\/EN\/protein-bars\/protein -bar-45g\" target=\"_blank\" rel=\"noopener\">Proteinska plo\u0161\u010dica<\/a> &#8211; zgrabi jo, vzemi in nadaljuj kot nor!<\/h3>\n<ul>\n<li>Izjemno u\u010dinkovito za ponovno vzpostavitev beljakovinskega ravnovesja pred ali po treningu.<\/li>\n<li>Vlivanje energije brez ob\u010dutka te\u017ee.<\/li>\n<li>Okusnost enaka okusu odli\u010dne sladice.<\/li>\n<li>Ravno prav za u\u017eivanje v gibanju.<\/li>\n<\/ul>\n<p>Tako kot vse druge beljakovinske plo\u0161\u010dice tudi Zumub Protein Bar ponuja prilo\u017enost, da zadovoljite svoje potrebe po dolo\u010denih hranilih kjerkoli in kadarkoli, vendar za razliko od mnogih od njih ta to po\u010dne na izjemno uravnote\u017een na\u010din.<\/p>\n<p>Poskusite Zumub Protein Bar \u2013 pameten prigrizek, ki je lahko koristen dodatek k va\u0161emu prehranskemu na\u010drtu.<\/p>\n\n    <div class=\"xs_social_share_widget xs_share_url after_content \t\tmain_content  wslu-style-1 wslu-share-box-shaped wslu-fill-colored wslu-none wslu-share-horizontal wslu-theme-font-no wslu-main_content\">\n\n\t\t\n        <ul>\n\t\t\t        <\/ul>\n    <\/div> \n","protected":false},"excerpt":{"rendered":"<p>Navdihnjeni z ljubeznijo do \u0161porta in zdravega \u017eivljenja, s ponosom predstavljamo Zumub Protein Bar \u2013 prigrizek dobrega in mo\u010dnega, zasnovan kot va\u0161 prenosni polnilnik na avtocesti neverjetnih \u0161portnih rezultatov. Proteinska plo\u0161\u010dica Zumub \u2013 polna tega, kar potrebujete, in brez tega, \u010desar ne potrebujete Neverjetna \u010dista energija.\u00a0Ta droben bonbon, ki ga lahko spravite skoraj v \u017eep, [&hellip;]<\/p>\n","protected":false},"featured_media":8095,"comment_status":"open","ping_status":"closed","template":"","meta":{"_acf_changed":false,"bwfblock_default_font":"","content-type":""},"brand":[207],"product_brand":[],"product_cat":[162,149],"product_tag":[],"class_list":{"0":"post-8086","1":"product","2":"type-product","3":"status-publish","4":"has-post-thumbnail","6":"brand-zumub","7":"product_cat-sladki-koticek-sl","8":"product_cat-zdravje-sl","10":"first","11":"outofstock","12":"taxable","13":"shipping-taxable","14":"purchasable","15":"product-type-variable"},"acf":[],"_links":{"self":[{"href":"https:\/\/zetanutrition.hr\/sl\/wp-json\/wp\/v2\/product\/8086","targetHints":{"allow":["GET"]}}],"collection":[{"href":"https:\/\/zetanutrition.hr\/sl\/wp-json\/wp\/v2\/product"}],"about":[{"href":"https:\/\/zetanutrition.hr\/sl\/wp-json\/wp\/v2\/types\/product"}],"replies":[{"embeddable":true,"href":"https:\/\/zetanutrition.hr\/sl\/wp-json\/wp\/v2\/comments?post=8086"}],"wp:featuredmedia":[{"embeddable":true,"href":"https:\/\/zetanutrition.hr\/sl\/wp-json\/wp\/v2\/media\/8095"}],"wp:attachment":[{"href":"https:\/\/zetanutrition.hr\/sl\/wp-json\/wp\/v2\/media?parent=8086"}],"wp:term":[{"taxonomy":"brand","embeddable":true,"href":"https:\/\/zetanutrition.hr\/sl\/wp-json\/wp\/v2\/brand?post=8086"},{"taxonomy":"product_brand","embeddable":true,"href":"https:\/\/zetanutrition.hr\/sl\/wp-json\/wp\/v2\/product_brand?post=8086"},{"taxonomy":"product_cat","embeddable":true,"href":"https:\/\/zetanutrition.hr\/sl\/wp-json\/wp\/v2\/product_cat?post=8086"},{"taxonomy":"product_tag","embeddable":true,"href":"https:\/\/zetanutrition.hr\/sl\/wp-json\/wp\/v2\/product_tag?post=8086"}],"curies":[{"name":"wp","href":"https:\/\/api.w.org\/{rel}","templated":true}]}}