{"id":8070,"date":"2024-03-25T15:44:32","date_gmt":"2024-03-25T15:44:32","guid":{"rendered":"https:\/\/zetanutrition.hrproduct\/cink-sport-60-tab\/"},"modified":"2024-11-21T13:39:31","modified_gmt":"2024-11-21T13:39:31","slug":"cink-sport-60-tab","status":"publish","type":"product","link":"https:\/\/zetanutrition.hr\/sl\/izdelek\/cink-sport-60-tab\/","title":{"rendered":"CINK SPORT 60 TAB"},"content":{"rendered":"<p>Cink je mineral, ki igra vlogo pri tiso\u010dih funkcijah v telesu in je edini mineral, ki se pojavlja v vseh razredih encimov:<\/p>\n<ul>\n<li>Cink prispeva k normalni sintezi I<\/li>\n<li>Normalna kislinsko-bazi\u010dna presnova<\/li>\n<li>Normalna presnova ogljikovih hidratov<\/li>\n<li>Normalna kognitivna funkcija<\/li>\n<li>Normalna plodnost in razmno\u017eevanje<\/li>\n<li>Vzdr\u017eevanje normalnih nohtov;\u00a0vzdr\u017eevanje normalne ko\u017ee<\/li>\n<li>Ohranjanje normalnega vida<\/li>\n<li>Ohranjanje normalnega delovanja imunskega sistema<\/li>\n<li>Za\u0161\u010dita celic pred oksidativnim stresom*<\/li>\n<\/ul>\n<p>* To izjavo je znanstveno dokazala Evropska agencija za varnost hrane (EFSA) in odobrila Evropska komisija (EK).<\/p>\n<p><b>NAVODILA ZA UPORABO<\/b><\/p>\n<p>\u27a0 Vzemite 1 tableto zjutraj po zajtrku ali pred spanjem z velikim kozarcem vode.<\/p>\n<p><b>Opozorilo!\u00a0<\/b>Prehranska dopolnila so namenjena samo zdravim osebam.\u00a0Ne jemljite, \u010de ste nose\u010di ali dojite.\u00a0Hraniti izven dosega otrok.\u00a0Tega prehranskega dopolnila ne smemo uporabljati kot nadomestilo za raznoliko in uravnote\u017eeno prehrano.\u00a0Ne prekora\u010dite priporo\u010denega dnevnega odmerka.\u00a0Po mo\u017enosti porabite pred datumom, ki je naveden na embala\u017ei.\u00a0Hraniti na hladnem in suhem mestu.<\/p>\n\n    <div class=\"xs_social_share_widget xs_share_url after_content \t\tmain_content  wslu-style-1 wslu-share-box-shaped wslu-fill-colored wslu-none wslu-share-horizontal wslu-theme-font-no wslu-main_content\">\n\n\t\t\n        <ul>\n\t\t\t        <\/ul>\n    <\/div> \n","protected":false},"excerpt":{"rendered":"<p>Cink je mineral, ki igra vlogo pri tiso\u010dih funkcijah v telesu in je edini mineral, ki se pojavlja v vseh razredih encimov: Cink prispeva k normalni sintezi I Normalna kislinsko-bazi\u010dna presnova Normalna presnova ogljikovih hidratov Normalna kognitivna funkcija Normalna plodnost in razmno\u017eevanje Vzdr\u017eevanje normalnih nohtov;\u00a0vzdr\u017eevanje normalne ko\u017ee Ohranjanje normalnega vida Ohranjanje normalnega delovanja imunskega sistema [&hellip;]<\/p>\n","protected":false},"featured_media":8073,"comment_status":"open","ping_status":"closed","template":"","meta":{"_acf_changed":false,"bwfblock_default_font":"","content-type":""},"brand":[],"product_brand":[],"product_cat":[158,160,149],"product_tag":[],"class_list":{"0":"post-8070","1":"product","2":"type-product","3":"status-publish","4":"has-post-thumbnail","6":"product_cat-akcija-sl","7":"product_cat-vitamini-i-minerali-sl","8":"product_cat-zdravje-sl","10":"first","11":"outofstock","12":"sale","13":"purchasable","14":"product-type-simple"},"acf":[],"_links":{"self":[{"href":"https:\/\/zetanutrition.hr\/sl\/wp-json\/wp\/v2\/product\/8070","targetHints":{"allow":["GET"]}}],"collection":[{"href":"https:\/\/zetanutrition.hr\/sl\/wp-json\/wp\/v2\/product"}],"about":[{"href":"https:\/\/zetanutrition.hr\/sl\/wp-json\/wp\/v2\/types\/product"}],"replies":[{"embeddable":true,"href":"https:\/\/zetanutrition.hr\/sl\/wp-json\/wp\/v2\/comments?post=8070"}],"wp:featuredmedia":[{"embeddable":true,"href":"https:\/\/zetanutrition.hr\/sl\/wp-json\/wp\/v2\/media\/8073"}],"wp:attachment":[{"href":"https:\/\/zetanutrition.hr\/sl\/wp-json\/wp\/v2\/media?parent=8070"}],"wp:term":[{"taxonomy":"brand","embeddable":true,"href":"https:\/\/zetanutrition.hr\/sl\/wp-json\/wp\/v2\/brand?post=8070"},{"taxonomy":"product_brand","embeddable":true,"href":"https:\/\/zetanutrition.hr\/sl\/wp-json\/wp\/v2\/product_brand?post=8070"},{"taxonomy":"product_cat","embeddable":true,"href":"https:\/\/zetanutrition.hr\/sl\/wp-json\/wp\/v2\/product_cat?post=8070"},{"taxonomy":"product_tag","embeddable":true,"href":"https:\/\/zetanutrition.hr\/sl\/wp-json\/wp\/v2\/product_tag?post=8070"}],"curies":[{"name":"wp","href":"https:\/\/api.w.org\/{rel}","templated":true}]}}