{"id":7886,"date":"2023-11-24T16:33:13","date_gmt":"2023-11-24T16:33:13","guid":{"rendered":"https:\/\/zetanutrition.hrproduct\/bcaa-glutamin-xpress\/"},"modified":"2024-11-21T08:27:21","modified_gmt":"2024-11-21T08:27:21","slug":"bcaa-glutamin-xpress","status":"publish","type":"product","link":"https:\/\/zetanutrition.hr\/sl\/izdelek\/bcaa-glutamin-xpress\/","title":{"rendered":"BCAA + GLUTAMIN XPRESS"},"content":{"rendered":"<p>\u010ce \u017eelite pove\u010dati svoje dobi\u010dke med vadbo, potrebujete dragoceno anaboli\u010dno podporo pravih aminokislin.\u00a0U\u017eivajte v pija\u010di odli\u010dnega okusa, ki vsebuje kopico aminokislin v prosti obliki, ki bodo spodbujale rast in razvoj mi\u0161ic&#8230; Scitec BCAA + Glutamine Xpress <strong>je najbolj\u0161a izbira<\/strong>!<\/p>\n<p>Scitec\u00a0<a href=\"https:\/\/www.zumub.com\/EN\/amino-acids-bcaa-bcaa-c-213_136_137\" target=\"_blank\" rel=\"noopener\">BCAA<\/a>\u00a0+ Glutamine Xpress zdru\u017euje aminokisline, ki dokazano izbolj\u0161ujejo rast in obnovo mi\u0161ic.\u00a0BCAA (aminokisline z razvejano verigo) so posebna skupina aminokislin, ki jih telo ne more proizvesti in jih lahko dobite le s prehrano ali dodatki.\u00a0Glutamin je po drugi strani tudi cenjena aminokislina, za katero se je izkazalo, da pospe\u0161uje okrevanje mi\u0161ic in zmanj\u0161uje bole\u010dine v mi\u0161icah po vadbi.<\/p>\n<p>Ena merica je dovolj za u\u017eivanje:<\/p>\n<ul>\n<li>5000 mg BCAA (2500 mg levcina, 1250 mg izolevcina, 1250 mg valina) za pospe\u0161itev okrevanja mi\u0161ic, boj proti izgubi mi\u0161ic in katabolizmu ter pove\u010danje ravni energije.<\/li>\n<li>5000 mg glutamina, ki hitro napolni va\u0161e iz\u010drpane rezerve glutamina, spodbudi spro\u0161\u010danje rastnih hormonov, blokira mi\u0161i\u010dni katabolizem in okrepi va\u0161 imunski sistem v fazi okrevanja.<\/li>\n<\/ul>\n<p>Scitec BCAA + Glutamine Xpress je izbolj\u0161an tudi z dodatkom 300 mg tavrina, ki spodbuja hidracijo mi\u0161i\u010dnih celic, izbolj\u0161a velikost in definicijo mi\u0161ic, izostri mentalno zmogljivost in ohranja va\u0161e telo za\u0161\u010diteno pred stresom.<\/p>\n<h3>Kako popraviti porcijo Scitec BCAA + Glutamine Xpress?<\/h3>\n<p>Samo zme\u0161ajte merico BCAA + Glutamine Xpress s 600 ml vode in pripravljeni ste!\u00a0Za najbolj\u0161e rezultate zau\u017eijte porcijo med treningom ali med obroki.<\/p>\n<p>Pridobite pravo vrsto aminokislin, ki delujejo za vas!\u00a0Za\u010dnite polniti Scitec BCAA + Glutamine Xpress \u0161e danes!<\/p>\n<div class=\"descmargin small\"><i>Zavrnitev odgovornosti: Ta izdelek ni namenjen diagnosticiranju, zdravljenju ali prepre\u010devanju katere koli bolezni.\u00a0Rezultati se lahko razlikujejo od posameznika do posameznika, odvisno od \u0161tevilnih dejavnikov, vklju\u010dno s spolom in starostjo.<\/i><\/div>\n\n    <div class=\"xs_social_share_widget xs_share_url after_content \t\tmain_content  wslu-style-1 wslu-share-box-shaped wslu-fill-colored wslu-none wslu-share-horizontal wslu-theme-font-no wslu-main_content\">\n\n\t\t\n        <ul>\n\t\t\t        <\/ul>\n    <\/div> \n","protected":false},"excerpt":{"rendered":"<p>\u010ce \u017eelite pove\u010dati svoje dobi\u010dke med vadbo, potrebujete dragoceno anaboli\u010dno podporo pravih aminokislin.\u00a0U\u017eivajte v pija\u010di odli\u010dnega okusa, ki vsebuje kopico aminokislin v prosti obliki, ki bodo spodbujale rast in razvoj mi\u0161ic&#8230; Scitec BCAA + Glutamine Xpress je najbolj\u0161a izbira! Scitec\u00a0BCAA\u00a0+ Glutamine Xpress zdru\u017euje aminokisline, ki dokazano izbolj\u0161ujejo rast in obnovo mi\u0161ic.\u00a0BCAA (aminokisline z razvejano verigo) [&hellip;]<\/p>\n","protected":false},"featured_media":4799,"comment_status":"open","ping_status":"closed","template":"","meta":{"_acf_changed":false,"bwfblock_default_font":"","content-type":""},"brand":[],"product_brand":[],"product_cat":[158,145,134],"product_tag":[],"class_list":{"0":"post-7886","1":"product","2":"type-product","3":"status-publish","4":"has-post-thumbnail","6":"product_cat-akcija-sl","7":"product_cat-aminokisline-sl","8":"product_cat-sportna-prehrana-sl","10":"first","11":"outofstock","12":"sale","13":"taxable","14":"shipping-taxable","15":"purchasable","16":"product-type-variable"},"acf":[],"_links":{"self":[{"href":"https:\/\/zetanutrition.hr\/sl\/wp-json\/wp\/v2\/product\/7886","targetHints":{"allow":["GET"]}}],"collection":[{"href":"https:\/\/zetanutrition.hr\/sl\/wp-json\/wp\/v2\/product"}],"about":[{"href":"https:\/\/zetanutrition.hr\/sl\/wp-json\/wp\/v2\/types\/product"}],"replies":[{"embeddable":true,"href":"https:\/\/zetanutrition.hr\/sl\/wp-json\/wp\/v2\/comments?post=7886"}],"wp:featuredmedia":[{"embeddable":true,"href":"https:\/\/zetanutrition.hr\/sl\/wp-json\/wp\/v2\/media\/4799"}],"wp:attachment":[{"href":"https:\/\/zetanutrition.hr\/sl\/wp-json\/wp\/v2\/media?parent=7886"}],"wp:term":[{"taxonomy":"brand","embeddable":true,"href":"https:\/\/zetanutrition.hr\/sl\/wp-json\/wp\/v2\/brand?post=7886"},{"taxonomy":"product_brand","embeddable":true,"href":"https:\/\/zetanutrition.hr\/sl\/wp-json\/wp\/v2\/product_brand?post=7886"},{"taxonomy":"product_cat","embeddable":true,"href":"https:\/\/zetanutrition.hr\/sl\/wp-json\/wp\/v2\/product_cat?post=7886"},{"taxonomy":"product_tag","embeddable":true,"href":"https:\/\/zetanutrition.hr\/sl\/wp-json\/wp\/v2\/product_tag?post=7886"}],"curies":[{"name":"wp","href":"https:\/\/api.w.org\/{rel}","templated":true}]}}