{"id":7773,"date":"2023-11-26T08:55:39","date_gmt":"2023-11-26T08:55:39","guid":{"rendered":"https:\/\/zetanutrition.hrproduct\/daa-kompleks\/"},"modified":"2024-11-21T08:58:37","modified_gmt":"2024-11-21T08:58:37","slug":"daa-kompleks","status":"publish","type":"product","link":"https:\/\/zetanutrition.hr\/sl\/proizvod\/daa-kompleks\/","title":{"rendered":"DAA KOMPLEKS"},"content":{"rendered":"<p><strong>Zumub DAA Complex<\/strong> je visokokakovosten \u0161portni dodatek, ki vsebuje D-asparaginsko kislino, ki postaja vse bolj priljubljen med \u0161portniki, bodybuilderji in \u0161portnimi navdu\u0161enci.<\/p>\n<p>Kislina je naravno prisotna v \u017eivilih, kot so meso, jajca, ore\u0161\u010dki in ri\u017e.\u00a0Vendar, \u010de \u017eelite u\u017eivati \u200b\u200bv celotnem spektru prednosti DAA, razmislite o povezanih dodatkih, kot je Zumub DAA Complex.<\/p>\n<h3>Zakaj <a href=\"https:\/\/www.zumub.com\/EN\/zumbu\" target=\"_blank\" rel=\"noopener\">Zumub<\/a><a href=\"https:\/\/www.zumub.com\/EN\/natural-optimizers \/ asparaginska kislina\/daa-complex-60-capsules\" target=\"_blank\" rel=\"noopener\">kompleks DAA<\/a> dober za moje atletske cilje?<\/h3>\n<ul>\n<li>Lahko spodbudi sintezo anaboli\u010dnih hormonov, vklju\u010dno s testosteronom;<\/li>\n<li>lahko pove\u010da proizvodnjo rastnih hormonov;<\/li>\n<li>\u010cist, dobro uravnote\u017een vti\u010dnik.<\/li>\n<\/ul>\n<h3>Kak\u0161ne u\u010dinke lahko pri\u010dakujem od kompleksa Zumub DAA?<\/h3>\n<ul>\n<li>Izbolj\u0161ana sinteza beljakovin;<\/li>\n<li>Bolj\u0161e okrevanje;<\/li>\n<li>Ve\u010d mo\u010di in vzdr\u017eljivosti;<\/li>\n<li>Rast \u010diste mi\u0161i\u010dne mase.<\/li>\n<\/ul>\n<p>Obstaja \u0161e en razlog, zakaj bi morali podpreti va\u0161a prizadevanja za pove\u010danje prostornine z Zumub DAA Complex \u2013 kislina ni sinteti\u010dno spremenjena snov, ustvarila jo je narava sama.<\/p>\n<div class=\"descmargin small\"><i>Zavrnitev odgovornosti: Ta izdelek ni namenjen diagnosticiranju, zdravljenju ali prepre\u010devanju katere koli bolezni.\u00a0Rezultati se lahko razlikujejo od posameznika do posameznika, odvisno od \u0161tevilnih dejavnikov, vklju\u010dno s spolom in starostjo.<\/i><\/div>\n\n    <div class=\"xs_social_share_widget xs_share_url after_content \t\tmain_content  wslu-style-1 wslu-share-box-shaped wslu-fill-colored wslu-none wslu-share-horizontal wslu-theme-font-no wslu-main_content\">\n\n\t\t\n        <ul>\n\t\t\t        <\/ul>\n    <\/div> \n","protected":false},"excerpt":{"rendered":"<p>Zumub DAA Complex je visokokakovosten \u0161portni dodatek, ki vsebuje D-asparaginsko kislino, ki postaja vse bolj priljubljen med \u0161portniki, bodybuilderji in \u0161portnimi navdu\u0161enci. Kislina je naravno prisotna v \u017eivilih, kot so meso, jajca, ore\u0161\u010dki in ri\u017e.\u00a0Vendar, \u010de \u017eelite u\u017eivati \u200b\u200bv celotnem spektru prednosti DAA, razmislite o povezanih dodatkih, kot je Zumub DAA Complex. Zakaj Zumubkompleks DAA [&hellip;]<\/p>\n","protected":false},"featured_media":7780,"comment_status":"open","ping_status":"closed","template":"","meta":{"_acf_changed":false,"bwfblock_default_font":"","content-type":""},"brand":[207],"product_brand":[],"product_cat":[158,151,134,160,149],"product_tag":[],"class_list":{"0":"post-7773","1":"product","2":"type-product","3":"status-publish","4":"has-post-thumbnail","6":"brand-zumub","7":"product_cat-akcija-sl","8":"product_cat-ojacevalci-hormonov-sl","9":"product_cat-sportna-prehrana-sl","10":"product_cat-vitamini-i-minerali-sl","11":"product_cat-zdravje-sl","13":"first","14":"instock","15":"sale","16":"purchasable","17":"product-type-simple"},"acf":[],"_links":{"self":[{"href":"https:\/\/zetanutrition.hr\/sl\/wp-json\/wp\/v2\/product\/7773","targetHints":{"allow":["GET"]}}],"collection":[{"href":"https:\/\/zetanutrition.hr\/sl\/wp-json\/wp\/v2\/product"}],"about":[{"href":"https:\/\/zetanutrition.hr\/sl\/wp-json\/wp\/v2\/types\/product"}],"replies":[{"embeddable":true,"href":"https:\/\/zetanutrition.hr\/sl\/wp-json\/wp\/v2\/comments?post=7773"}],"wp:featuredmedia":[{"embeddable":true,"href":"https:\/\/zetanutrition.hr\/sl\/wp-json\/wp\/v2\/media\/7780"}],"wp:attachment":[{"href":"https:\/\/zetanutrition.hr\/sl\/wp-json\/wp\/v2\/media?parent=7773"}],"wp:term":[{"taxonomy":"brand","embeddable":true,"href":"https:\/\/zetanutrition.hr\/sl\/wp-json\/wp\/v2\/brand?post=7773"},{"taxonomy":"product_brand","embeddable":true,"href":"https:\/\/zetanutrition.hr\/sl\/wp-json\/wp\/v2\/product_brand?post=7773"},{"taxonomy":"product_cat","embeddable":true,"href":"https:\/\/zetanutrition.hr\/sl\/wp-json\/wp\/v2\/product_cat?post=7773"},{"taxonomy":"product_tag","embeddable":true,"href":"https:\/\/zetanutrition.hr\/sl\/wp-json\/wp\/v2\/product_tag?post=7773"}],"curies":[{"name":"wp","href":"https:\/\/api.w.org\/{rel}","templated":true}]}}