{"id":7716,"date":"2023-11-26T09:12:18","date_gmt":"2023-11-26T09:12:18","guid":{"rendered":"https:\/\/zetanutrition.hrproduct\/macatron\/"},"modified":"2024-11-21T09:09:08","modified_gmt":"2024-11-21T09:09:08","slug":"macatron","status":"publish","type":"product","link":"https:\/\/zetanutrition.hr\/sl\/izdelek\/macatron\/","title":{"rendered":"MACATRON"},"content":{"rendered":"<p>Scitec Nutrition predstavlja novo generacijo boosterjev, ki sprostijo va\u0161o ultimativno mo\u0161ko mo\u010d, mo\u010d in agresivnost&#8230;<\/p>\n<h3>&#8230;za napredno oja\u010ditev in podporo je tukaj Macatron!<\/h3>\n<p>Macatron je popolnoma naravna re\u0161itev za bodybuilderje, ki so pripravljeni svojo fizi\u010dno zmogljivost popeljati do skrajnosti.<\/p>\n<ul type=\"disc\">\n<li>Kvercetin dihidrat<\/li>\n<li><a href=\"https:\/\/www.zumub.com\/EN\/anabolic-formulas\/macacatron-108-capsules\" target=\"_blank\" rel=\"noopener\">Macatron<\/a>\u00a0Complex (Maca, D-asparaginska kislina, Kopriva, Avena, Testofen , Mangosteen in Saw Palmetto)<\/li>\n<li>Cink in bor<\/li>\n<li>Vitamina B5 in B6<\/li>\n<li>Vitamin D3.<\/li>\n<\/ul>\n<p>Z dodajanjem Macatrona v va\u0161 fitnes program lahko pri\u010dakujete te neverjetne prednosti:<\/p>\n<ul type=\"disc\">\n<li>pove\u010danje mi\u0161i\u010dne mo\u010di<\/li>\n<li>hitrej\u0161a rast mi\u0161ic<\/li>\n<li>pove\u010dana stopnja agresije med vadbo<\/li>\n<\/ul>\n<p>Preizkusite Scitec Nutrition Macatron!<\/p>\n<div class=\"descmargin small\"><i>Zavrnitev odgovornosti: Ta izdelek ni namenjen diagnosticiranju, zdravljenju ali prepre\u010devanju katere koli bolezni.\u00a0Rezultati se lahko razlikujejo od posameznika do posameznika, odvisno od \u0161tevilnih dejavnikov, vklju\u010dno s spolom in starostjo.<\/i><\/div>\n\n    <div class=\"xs_social_share_widget xs_share_url after_content \t\tmain_content  wslu-style-1 wslu-share-box-shaped wslu-fill-colored wslu-none wslu-share-horizontal wslu-theme-font-no wslu-main_content\">\n\n\t\t\n        <ul>\n\t\t\t        <\/ul>\n    <\/div> \n","protected":false},"excerpt":{"rendered":"<p>Scitec Nutrition predstavlja novo generacijo boosterjev, ki sprostijo va\u0161o ultimativno mo\u0161ko mo\u010d, mo\u010d in agresivnost&#8230; &#8230;za napredno oja\u010ditev in podporo je tukaj Macatron! Macatron je popolnoma naravna re\u0161itev za bodybuilderje, ki so pripravljeni svojo fizi\u010dno zmogljivost popeljati do skrajnosti. Kvercetin dihidrat Macatron\u00a0Complex (Maca, D-asparaginska kislina, Kopriva, Avena, Testofen , Mangosteen in Saw Palmetto) Cink in [&hellip;]<\/p>\n","protected":false},"featured_media":7714,"comment_status":"open","ping_status":"closed","template":"","meta":{"_acf_changed":false,"bwfblock_default_font":"","content-type":""},"brand":[],"product_brand":[],"product_cat":[158,151,134],"product_tag":[],"class_list":{"0":"post-7716","1":"product","2":"type-product","3":"status-publish","4":"has-post-thumbnail","6":"product_cat-akcija-sl","7":"product_cat-ojacevalci-hormonov-sl","8":"product_cat-sportna-prehrana-sl","10":"first","11":"outofstock","12":"sale","13":"purchasable","14":"product-type-simple"},"acf":[],"_links":{"self":[{"href":"https:\/\/zetanutrition.hr\/sl\/wp-json\/wp\/v2\/product\/7716","targetHints":{"allow":["GET"]}}],"collection":[{"href":"https:\/\/zetanutrition.hr\/sl\/wp-json\/wp\/v2\/product"}],"about":[{"href":"https:\/\/zetanutrition.hr\/sl\/wp-json\/wp\/v2\/types\/product"}],"replies":[{"embeddable":true,"href":"https:\/\/zetanutrition.hr\/sl\/wp-json\/wp\/v2\/comments?post=7716"}],"wp:featuredmedia":[{"embeddable":true,"href":"https:\/\/zetanutrition.hr\/sl\/wp-json\/wp\/v2\/media\/7714"}],"wp:attachment":[{"href":"https:\/\/zetanutrition.hr\/sl\/wp-json\/wp\/v2\/media?parent=7716"}],"wp:term":[{"taxonomy":"brand","embeddable":true,"href":"https:\/\/zetanutrition.hr\/sl\/wp-json\/wp\/v2\/brand?post=7716"},{"taxonomy":"product_brand","embeddable":true,"href":"https:\/\/zetanutrition.hr\/sl\/wp-json\/wp\/v2\/product_brand?post=7716"},{"taxonomy":"product_cat","embeddable":true,"href":"https:\/\/zetanutrition.hr\/sl\/wp-json\/wp\/v2\/product_cat?post=7716"},{"taxonomy":"product_tag","embeddable":true,"href":"https:\/\/zetanutrition.hr\/sl\/wp-json\/wp\/v2\/product_tag?post=7716"}],"curies":[{"name":"wp","href":"https:\/\/api.w.org\/{rel}","templated":true}]}}