{"id":7437,"date":"2024-03-25T15:04:29","date_gmt":"2024-03-25T15:04:29","guid":{"rendered":"https:\/\/zetanutrition.hrproduct\/whisper-400g\/"},"modified":"2024-11-21T12:49:45","modified_gmt":"2024-11-21T12:49:45","slug":"whisper-400g","status":"publish","type":"product","link":"https:\/\/zetanutrition.hr\/sl\/izdelek\/whisper-400g\/","title":{"rendered":"WHISPER 400G"},"content":{"rendered":"<p><b><i>Samo \u0161epetajte in va\u0161e telo vam bo sledilo<\/i><\/b><\/p>\n<p>&nbsp;<\/p>\n<p>Ljudje vam \u017eelijo povedati, da zmaga ni vse &#8230; Da vas uspeh ne osre\u010duje &#8230; Ali da preizku\u0161anje novih stvari ne re\u0161i va\u0161ih te\u017eav.<\/p>\n<p>No\u010dejo vam povedati, da \u0161e nikoli niso ni\u010desar poskusili ali osvojili.<\/p>\n<p>\u010ce vam je pomembno dose\u010di neverjetno zmogljivost in neomejeno koncentracijo &#8230; morate razmi\u0161ljati druga\u010de.<\/p>\n<p>Karkoli re\u010dete, sklep je va\u0161, pa naj bo to prosta misel ali le <b><i>\u0160EPET.<\/i><\/b><\/p>\n<p>&nbsp;<\/p>\n<p><i>VSTOPITE V SVET PRED VADBO BREZ KOFEINA<\/i><\/p>\n<p>Najnovej\u0161a kreacija\u00a0<b><i>Genius Nutrition\u00ae<\/i><\/b>\u00a0pred vadbo\u00a0je pravzaprav edinstven in obse\u017een dodatek.\u00a0Vsebuje \u0161iroko paleto makrohranil za \u0161tevilne koristi za telo in um, kar vam daje mo\u017enost, da dose\u017eete \u0161e nekaj ponovitev in ostanete navdu\u0161eni.<\/p>\n<p>Novi\u00a0<b>WHISPER\u00a0<i>\u00ae<\/i><\/b>\u00a0je zasnovan za pove\u010danje mo\u010di in vzdr\u017eljivosti ter vam daje dovolj energije in osredoto\u010denosti med vadbo in ves dan.<\/p>\n<p>Ni pomembno, kak\u0161no \u017eivljenje \u017eivi\u0161.<\/p>\n<p>V\u010dasih je te\u017eko ohraniti energijo za trdo vadbo, ko imate poln delovni urnik, zato se pogosto zana\u0161ate na stimulanse, da zapolnite vrzeli.<\/p>\n<p><b>WHISPER\u00a0<i>\u00ae<\/i><\/b>\u00a0je nov izbolj\u0161an dodatek za vadbo, ki je narejen brez sladkorja, ogljikovih hidratov, ma\u0161\u010dob in kar je najpomembneje, brez kave, kar je lahko odli\u010dna stvar za ljudi, ki so na strogem ali pripravljalna dieta.<\/p>\n<p>Spodbuda je subtilna, vendar je tam.\u00a0Ne vr\u017ee vas iz sede\u017ea, enako velja za spu\u0161\u010danje \u2013 postopoma in gladko.<\/p>\n<p>\u010ceprav lahko po\u017eivila pove\u010dajo fizi\u010dno zmogljivost in spodbujajo agresijo v telovadnici, imajo stranske u\u010dinke, ki lahko poslab\u0161ajo \u0161portno zmogljivost, med drugim \u017eiv\u010dnost, razdra\u017eljivost, nespe\u010dnost &#8230; Vse to ote\u017euje koncentracijo na igro.<\/p>\n<p>Ampak to ni edino.<\/p>\n<p>Na\u0161a me\u0161anica Whisper<b><i>\u00ae<\/i><\/b> NOX (<i>L-citrulin malat 2:1 in arginin AKG<\/i> 2:1) 50\/50 vam bo dala dovolj spodbuda za vzdr\u017eljivost polnih vadb (brez goljufanja).\u00a0Po vadbi dvigovanja te\u017ekih elementov se boste po\u010dutili zadovoljni z ob\u010dutkom, da so va\u0161e mi\u0161ice resni\u010dno dale vse od sebe.<\/p>\n<p>Citrulin malat, arginin in beta-alanin so skupaj sestavni del celi\u010dnega dihanja, med katerim se kisik in ogljik pretvorita v CO\u00a02\u00a0za ustvarjanje energije v celi\u010dnih mitohondrijih in za\u0161\u010dito mi\u0161ic pred utrujenostjo.<\/p>\n<p>Prav tako je dokazano, da ima kombinacija aminokislin L-citrulin in L-arginin antiateroskleroti\u010dne u\u010dinke.\u00a0Vendar pa nekatere nove \u0161tudije ka\u017eejo, da lahko kombinacija tudi hitro pove\u010da biolo\u0161ko uporabnost du\u0161ikovega oksida (NO) po kratkotrajnem dodatku.<\/p>\n<p>Ob\u010duten porast energije, mo\u010di in posledi\u010dno &#8220;\u010diste&#8221; mi\u0161i\u010dne mase je bolj\u0161i pump pri treningu.\u00a0Brez napak z elementom pove\u010dave celice WHISPER&#8217;S.<\/p>\n<p>\u010ce imate cilje napredovati pri vadbi in nimate popolnega urnika\/prehrane\/rutine, je WHISPER\u00a0<b><i>\u00ae<\/i><\/b>\u00a0na\u010din, kako to storiti in izkoristiti.<\/p>\n<p>&#8216;\u00a0Zakaj bi \u0161el v telovadnico, \u010de ne bo\u0161 dal vsega od sebe,&#8217; je na\u0161 odnos?<\/p>\n<p>V kombinaciji vam bodo na\u0161e sestavine dale hardcore izku\u0161njo, vendar s \u0161epetom na va\u0161 sistem telesa\/um &#8211; Brez te\u017eav s spanjem, palpitacij in podobnih te\u017eav.<\/p>\n<p>Toda zaradi mo\u010dnej\u0161ega odmerka beta-alanina za\u010detnikom predlagamo manj\u0161e odmerke zaradi nenavadnega ob\u010dutka, ki ga obi\u010dajno opisujemo kot &#8220;mravljin\u010denje ko\u017ee&#8221;.\u00a0Obi\u010dajno se pojavi na obrazu, vratu in hrbtu rok.\u00a0(ni stranski u\u010dinek)<\/p>\n<p>Dobili boste ve\u010d vzdr\u017eljivosti in \u010drpanja (pripravite se na \u010drpanje ves dan in videli boste, da vam \u017eile pokajo bolj kot kdaj koli prej).<\/p>\n<p>Mehke, neinvazivne sestavine, pome\u0161ane z zeli\u0161\u010dnimi spojinami in kompleksom vitamina B, so lahko bolj prilagodljive in odporne kot tradicionalne trde me\u0161anice.<\/p>\n<p>Vendar naj vas ime ne zavede.\u00a0\u010ce ste kdaj opravili uspe\u0161no vadbo, veste, da je super te\u017eka, vendar boste s WHISPER\u00a0<b><i>\u00ae<\/i><\/b>\u00a0ponosno kon\u010dali.<\/p>\n<p>Brez napak s tem aluzivnim slabim fantom &#8211; Bolj\u0161i pump pri treningu, znatno pove\u010danje energije, mo\u010di in posledi\u010dno &#8220;\u010dista&#8221; mi\u0161i\u010dna masa brez kofeina!<\/p>\n<p>&nbsp;<\/p>\n<p><b>100 % dopolnilo pred vadbo brez kofeina<\/b><\/p>\n<ul>\n<li>Dopolnilo brez po\u017eivil<\/li>\n<\/ul>\n<ul>\n<li>Pove\u010dana mi\u0161i\u010dna mo\u010d in vzdr\u017eljivost<\/li>\n<\/ul>\n<ul>\n<li>Stabilna in stalna oskrba z energijo \u010dez dan<\/li>\n<\/ul>\n<ul>\n<li>Izbolj\u0161a vaskularnost in vam daje noro napihnjenost<\/li>\n<li><i>Zeli\u0161\u010dne spojine (Amaranthus, Artic root, Schisandra)<\/i><\/li>\n<li><i>Vitamini B3, B6<\/i><\/li>\n<\/ul>\n<p>&nbsp;<\/p>\n<p><b><i>Kaj je notri?<\/i><\/b><\/p>\n<p><b>L-citrulin malat 2:1.\u00a0Arginin AKG 2:1 (6000 mg).<\/p>\n<p><b>L-citrulin malat<\/b> \u2013 \u0161tudije ka\u017eejo, da dodatek citrulin malata prepre\u010duje razgradnjo mi\u0161ic in zagotavlja razli\u010dne koristi za srce in o\u017eilje.\u00a0Ta vrhunska sestavina pomaga pove\u010dati ravni du\u0161ikovega oksida za vrhunsko u\u010dinkovitost.<\/p>\n<p><b>L-arginin<\/b>&#8211; #1 dokazana pol-esencialna aminokislina, ki slu\u017ei kot predhodnik du\u0161ikovega oksida, mo\u010dan vazodilatator v kombinaciji s citrulinom.<\/p>\n<p><b>Beta-alanin (4000 mg)<\/b>&#8211; Skupaj s histidinom proizvaja karnozin.\u00a0Karnozin se nato shrani v va\u0161ih skeletnih mi\u0161icah.\u00a0Karnozin zmanj\u0161a kopi\u010denje mle\u010dne kisline v mi\u0161icah med vadbo, kar vodi do izbolj\u0161ane atletske uspe\u0161nosti.<\/p>\n<p>Betain (trimetilglicin) (2000 mg) je aktivni presnovek holina v telesu in je sestavni del pese.\u00a0Ima klju\u010dno vlogo pri metilaciji v telesu skupaj s folatom in je osmoregulator kot kreatin.<\/p>\n<p><b>GPLC (1500 mg)<\/b> se zdi koristen prehranski dodatek za pove\u010danje anaerobne delovne zmogljivosti, potencialne atletske zmogljivosti in pove\u010danje mi\u0161i\u010dne \u010drpalke.<\/p>\n<p><b>GlycoPump\u00a0<i>\u00ae<\/i>\u00a0\u00a0(1500 mg)\u00a0<\/b>spodbuja absorpcijo vode in omogo\u010da, da se med vadbo zadr\u017ei, kar vam daje vidno velikost in ohranja hidracijo.<\/p>\n<p><b>L-norvalin (100 mg)<\/b>&#8211; Raziskave ka\u017eejo, da je L-norvalin mo\u010dan zaviralec aktivnosti arginaze zaradi svoje strukturne podobnosti z ornitinom, kar povzro\u010da povratno regulacijo aktivnosti arginaze.\u00a0Ko zavirate arginazo, NO, jo nenehno proizvajate z vi\u0161jo hitrostjo.<\/p>\n<p><b>Amarant cruentus (500 mg)<\/b> je bogat z antioksidanti, ki vas okrepijo s krepitvijo imunskega sistema in energije.<\/p>\n<p><b>Arkti\u010dni koren (350mg)<\/b>pove\u010duje odpornost telesa na fizi\u010dni in psihi\u010dni stres, utrujenost, depresijo in bolezni.<\/p>\n<p><b>\u0160isandra (300 mg)<\/b>je mo\u010dna rastlina, ki pove\u010duje energijo, mo\u010d in naravno spodbuja proizvodnjo testosterona.\u00a0Poleg tega zmanj\u0161uje stres.<\/p>\n<p><b>Vitamin B3 (10 mg)<\/b> med drugim sodeluje pri nastajanju rde\u010dih krvni\u010dk, ki prena\u0161ajo kisik do mi\u0161ic, spolnih hormonov in nevrotransmiterjev.<\/p>\n<p><b>Vitamin B6 (4,2 mg)<\/b>spodbuja anabolizem (sintezo beljakovin in regeneracijo mi\u0161i\u010dnega tkiva), delovanje \u017eiv\u010dnega sistema, sintezo nevrotransmiterjev.<\/p>\n<p><b>NAVODILA ZA UPORABO<\/b><\/p>\n<p>\u27a0 Zme\u0161ajte 1 merico Whisper\u00ae in 200-300 ml vode v shaker skodelici in popijte 5-10 minut pred treningom na prazen \u017eelodec.<\/p>\n<p><strong>Opozorilo!\u00a0<\/strong>\u00a0Ta izdelek je nagnjen k strjevanju, saj vsebuje sestavine, ki so razvr\u0161\u010dene kot higroskopne.\u00a0Absorbirajo vlago iz okolja, kar lahko povzro\u010di nabiranje prahu v trdih blokih.\u00a0To je povsem obi\u010dajen proces in ne pomeni, da je izdelek zastarel.\u00a0Su\u0161enje izdelka ne vpliva na njegovo u\u010dinkovitost ali okus.\u00a0Za uporabo izdelka je dovolj, da preme\u0161ate posodo ali zlomite strjene ko\u0161\u010dke.\u00a0Hraniti na suhem mestu, da prepre\u010dite strjevanje.<\/p>\n<p>Prehranska dopolnila so namenjena samo zdravim ljudem.\u00a0Ne jemljite, \u010de ste nose\u010di ali dojite.\u00a0Hraniti izven dosega otrok.\u00a0Tega prehranskega dopolnila ne smemo uporabljati kot nadomestilo za raznoliko in uravnote\u017eeno prehrano.\u00a0Ne prekora\u010dite priporo\u010denega dnevnega odmerka.\u00a0Po mo\u017enosti porabite pred datumom, ki je naveden na embala\u017ei.\u00a0Hraniti na hladnem in suhem mestu.<\/p>\n\n    <div class=\"xs_social_share_widget xs_share_url after_content \t\tmain_content  wslu-style-1 wslu-share-box-shaped wslu-fill-colored wslu-none wslu-share-horizontal wslu-theme-font-no wslu-main_content\">\n\n\t\t\n        <ul>\n\t\t\t        <\/ul>\n    <\/div> \n","protected":false},"excerpt":{"rendered":"<p>Samo \u0161epetajte in va\u0161e telo vam bo sledilo &nbsp; Ljudje vam \u017eelijo povedati, da zmaga ni vse &#8230; Da vas uspeh ne osre\u010duje &#8230; Ali da preizku\u0161anje novih stvari ne re\u0161i va\u0161ih te\u017eav. No\u010dejo vam povedati, da \u0161e nikoli niso ni\u010desar poskusili ali osvojili. \u010ce vam je pomembno dose\u010di neverjetno zmogljivost in neomejeno koncentracijo &#8230; [&hellip;]<\/p>\n","protected":false},"featured_media":5816,"comment_status":"open","ping_status":"closed","template":"","meta":{"_acf_changed":false,"bwfblock_default_font":"","content-type":""},"brand":[178],"product_brand":[],"product_cat":[158,137,134],"product_tag":[],"class_list":{"0":"post-7437","1":"product","2":"type-product","3":"status-publish","4":"has-post-thumbnail","6":"brand-genius-nutrition","7":"product_cat-akcija-sl","8":"product_cat-preworkout-sl","9":"product_cat-sportna-prehrana-sl","11":"first","12":"instock","13":"sale","14":"taxable","15":"shipping-taxable","16":"purchasable","17":"product-type-variable"},"acf":[],"_links":{"self":[{"href":"https:\/\/zetanutrition.hr\/sl\/wp-json\/wp\/v2\/product\/7437","targetHints":{"allow":["GET"]}}],"collection":[{"href":"https:\/\/zetanutrition.hr\/sl\/wp-json\/wp\/v2\/product"}],"about":[{"href":"https:\/\/zetanutrition.hr\/sl\/wp-json\/wp\/v2\/types\/product"}],"replies":[{"embeddable":true,"href":"https:\/\/zetanutrition.hr\/sl\/wp-json\/wp\/v2\/comments?post=7437"}],"wp:featuredmedia":[{"embeddable":true,"href":"https:\/\/zetanutrition.hr\/sl\/wp-json\/wp\/v2\/media\/5816"}],"wp:attachment":[{"href":"https:\/\/zetanutrition.hr\/sl\/wp-json\/wp\/v2\/media?parent=7437"}],"wp:term":[{"taxonomy":"brand","embeddable":true,"href":"https:\/\/zetanutrition.hr\/sl\/wp-json\/wp\/v2\/brand?post=7437"},{"taxonomy":"product_brand","embeddable":true,"href":"https:\/\/zetanutrition.hr\/sl\/wp-json\/wp\/v2\/product_brand?post=7437"},{"taxonomy":"product_cat","embeddable":true,"href":"https:\/\/zetanutrition.hr\/sl\/wp-json\/wp\/v2\/product_cat?post=7437"},{"taxonomy":"product_tag","embeddable":true,"href":"https:\/\/zetanutrition.hr\/sl\/wp-json\/wp\/v2\/product_tag?post=7437"}],"curies":[{"name":"wp","href":"https:\/\/api.w.org\/{rel}","templated":true}]}}