{"id":7358,"date":"2024-03-25T15:46:17","date_gmt":"2024-03-25T15:46:17","guid":{"rendered":"https:\/\/zetanutrition.hrproduct\/carnogen-beta-alanine-300g\/"},"modified":"2024-11-11T13:39:35","modified_gmt":"2024-11-11T13:39:35","slug":"carnogen-beta-alanine-300g","status":"publish","type":"product","link":"https:\/\/zetanutrition.hr\/sl\/izdelek\/carnogen-beta-alanine-300g\/","title":{"rendered":"CARNOGEN BETA-ALANINE 300G"},"content":{"rendered":"<p><b>BETA-ALANIN<\/b><b>IZ GENIUS NUTRITION\u00ae<\/b><\/p>\n<p>Ta sestavina zagotavlja takoj\u0161nje rezultate v smislu vzdr\u017eljivosti, mo\u010di in sposobnosti vadbe z visoko intenzivnostjo.\u00a0Karnogen beta-alanin je aminokislina, ki se ve\u017ee z aminokislino histidin kmalu po vstopu v telo.\u00a0Histidin se pridobiva iz virov hrane z visoko vsebnostjo beljakovin in se v telesu proizvaja v zadostnih koli\u010dinah.\u00a0Rezultat kombinacije teh dveh aminokislin je karnozin.<\/p>\n<p>Glavna vloga karnozina je pufer vodikovih ionov v mi\u0161icah.\u00a0Na ta na\u010din prepre\u010di padec mi\u0161i\u010dnega pH\u00a0in zakisanje mi\u0161ic.\u00a0Zakisanost mi\u0161ic vodi v mi\u0161i\u010dno utrujenost in povzro\u010da bole\u010dine.<\/p>\n<p>Povzro\u010da tudi odpoved mi\u0161ic in izgubo mo\u010di po visoko intenzivni vadbi ali po visoko intenzivnem intervalnem treningu.\u00a0V kislem okolju je energija, ki jo zagotavlja ATP, omejena (ATP ali adenozin trifosfat shranjuje in pretvarja energijo, ki jo celice potrebujejo glede na presnovne potrebe).<\/p>\n<p>&nbsp;<\/p>\n<p><b>ZAKAJ KARNOGEN<\/b><\/p>\n<p>\u2714\u00a0100 % zelo mo\u010dan beta-alanin<\/p>\n<p>\u2714\u00a0Pove\u010da \u010drpanje, mo\u010d in vzdr\u017eljivost<\/p>\n<p>\u2714\u00a0Pomaga vzdr\u017eevati normalno energijsko presnovo<\/p>\n<p>\u2714\u00a0Pomaga ohranjati normalno presnovo beljakovin in glikogena<\/p>\n<p>\u2714\u00a0Podpira nastajanje rde\u010dih krvni\u010dk<\/p>\n<p>\u2714\u00a0Pomaga zmanj\u0161ati utrujenost<\/p>\n<p>&nbsp;<\/p>\n<p><b>Priporo\u010dena uporaba:\u00a0<\/b>Za ve\u010djo mo\u010d zdru\u017eite porcijo Carnogena (3 g) z na\u0161imi vrhunskimi izdelki pred\/med vadbo Fury Extreme in Intra-HD ali GlycoGex.\u00a0CARNOGEN nima dodanih arom in ga lahko zme\u0161ate s katerim koli dodatkom v va\u0161 \u0161ejk.<\/p>\n<p>&nbsp;<\/p>\n<blockquote><p><b>NAVODILA ZA UPORABO:<\/b><\/p>\n<p>\u27a0 Samo na dan treninga: Zme\u0161ajte 1 merico izdelka (3 g Carnogen Beta-Alanine) in 100 ml vode.\u00a0Zau\u017eijte 5 minut pred treningom.\u00a0Najve\u010dji priporo\u010deni odmerek: 1\/2 merice na dan.<\/p>\n<p>\u27a0\u00a01 merica = 3000 mg<\/p><\/blockquote>\n<p>&nbsp;<\/p>\n<p><b>Sestavine:<\/b>100% beta-alanin.<\/p>\n<p><b>Opozorilo!\u00a0<\/b>Prehranska dopolnila so namenjena izklju\u010dno zdravim osebam.\u00a0Ne jemljite, \u010de ste nose\u010di ali dojite.\u00a0Hraniti izven dosega otrok.\u00a0Tega prehranskega dopolnila ne smemo uporabljati kot nadomestilo za raznoliko in uravnote\u017eeno prehrano.\u00a0Ne prekora\u010dite priporo\u010denega dnevnega odmerka.\u00a0Po mo\u017enosti porabite pred datumom, ki je naveden na embala\u017ei.\u00a0Hraniti na hladnem in suhem mestu.<\/p>\n\n    <div class=\"xs_social_share_widget xs_share_url after_content \t\tmain_content  wslu-style-1 wslu-share-box-shaped wslu-fill-colored wslu-none wslu-share-horizontal wslu-theme-font-no wslu-main_content\">\n\n\t\t\n        <ul>\n\t\t\t        <\/ul>\n    <\/div> \n","protected":false},"excerpt":{"rendered":"<p>BETA-ALANINIZ GENIUS NUTRITION\u00ae Ta sestavina zagotavlja takoj\u0161nje rezultate v smislu vzdr\u017eljivosti, mo\u010di in sposobnosti vadbe z visoko intenzivnostjo.\u00a0Karnogen beta-alanin je aminokislina, ki se ve\u017ee z aminokislino histidin kmalu po vstopu v telo.\u00a0Histidin se pridobiva iz virov hrane z visoko vsebnostjo beljakovin in se v telesu proizvaja v zadostnih koli\u010dinah.\u00a0Rezultat kombinacije teh dveh aminokislin je karnozin. [&hellip;]<\/p>\n","protected":false},"featured_media":7356,"comment_status":"open","ping_status":"closed","template":"","meta":{"_acf_changed":false,"bwfblock_default_font":"","content-type":""},"brand":[178],"product_brand":[],"product_cat":[158,145,137,134],"product_tag":[],"class_list":{"0":"post-7358","1":"product","2":"type-product","3":"status-publish","4":"has-post-thumbnail","6":"brand-genius-nutrition","7":"product_cat-akcija-sl","8":"product_cat-aminokisline-sl","9":"product_cat-preworkout-sl","10":"product_cat-sportna-prehrana-sl","12":"first","13":"outofstock","14":"sale","15":"purchasable","16":"product-type-simple"},"acf":[],"_links":{"self":[{"href":"https:\/\/zetanutrition.hr\/sl\/wp-json\/wp\/v2\/product\/7358","targetHints":{"allow":["GET"]}}],"collection":[{"href":"https:\/\/zetanutrition.hr\/sl\/wp-json\/wp\/v2\/product"}],"about":[{"href":"https:\/\/zetanutrition.hr\/sl\/wp-json\/wp\/v2\/types\/product"}],"replies":[{"embeddable":true,"href":"https:\/\/zetanutrition.hr\/sl\/wp-json\/wp\/v2\/comments?post=7358"}],"wp:featuredmedia":[{"embeddable":true,"href":"https:\/\/zetanutrition.hr\/sl\/wp-json\/wp\/v2\/media\/7356"}],"wp:attachment":[{"href":"https:\/\/zetanutrition.hr\/sl\/wp-json\/wp\/v2\/media?parent=7358"}],"wp:term":[{"taxonomy":"brand","embeddable":true,"href":"https:\/\/zetanutrition.hr\/sl\/wp-json\/wp\/v2\/brand?post=7358"},{"taxonomy":"product_brand","embeddable":true,"href":"https:\/\/zetanutrition.hr\/sl\/wp-json\/wp\/v2\/product_brand?post=7358"},{"taxonomy":"product_cat","embeddable":true,"href":"https:\/\/zetanutrition.hr\/sl\/wp-json\/wp\/v2\/product_cat?post=7358"},{"taxonomy":"product_tag","embeddable":true,"href":"https:\/\/zetanutrition.hr\/sl\/wp-json\/wp\/v2\/product_tag?post=7358"}],"curies":[{"name":"wp","href":"https:\/\/api.w.org\/{rel}","templated":true}]}}