{"id":7349,"date":"2024-03-25T15:49:27","date_gmt":"2024-03-25T15:49:27","guid":{"rendered":"https:\/\/zetanutrition.hrproduct\/citruline-200g\/"},"modified":"2025-12-24T14:09:06","modified_gmt":"2025-12-24T14:09:06","slug":"citruline-200g","status":"publish","type":"product","link":"https:\/\/zetanutrition.hr\/sl\/izdelek\/citruline-200g\/","title":{"rendered":"CITRULINE 200G"},"content":{"rendered":"<p>L-citrulin je aminokislina, ki se kmalu po vstopu v telo pretvori v L-arginin.\u00a0V nasprotju s splo\u0161nim prepri\u010danjem je L-citrulin u\u010dinkovitej\u0161i od L-arginina.\u00a0Poleg tega ima arginin izjemno nizko stopnjo absorpcije.\u00a0Zato uporabljamo samo citrulin, ki se pretvori v arginin in podpira proizvodnjo in \u010drpanje du\u0161ikovega oksida med vadbo.\u00a0Du\u0161ikov oksid ima pomembno vlogo pri vazodilataciji in krvnem obtoku.\u00a0Pove\u010danje ravni du\u0161ikovega oksida povzro\u010di \u0161irjenje krvnih \u017eil in posledi\u010dno kri dovaja ve\u010d kisika v mi\u0161ice.<\/p>\n<p><strong>Navodila za uporabo<\/strong><br \/>\n<strong>\u27a0<\/strong>\u00a0Zme\u0161ajte 1 merico izdelka in 250 ml hladne vode ter popijte 20 minut pred treningom.\u00a0Zau\u017eijete lahko ve\u010d obrokov, odvisno od va\u0161e stopnje aktivnosti.<br \/>\n<strong>\u21bb<\/strong>\u00a01 merica = 3000 mg \/ 66 obrokov na posodo<\/p>\n<p>Proizvedeno v skladu s priznanimi standardi kakovosti proizvodnje (GMP) in standardi varnosti hrane (HACCP).\u00a0Kakovost Genius Nutrition\u00ae, naj\u010distej\u0161e surovine.<\/p>\n<p>Opozorilo!\u00a0Ta izdelek je nagnjen k strjevanju, ker vsebuje sestavine, ki so razvr\u0161\u010dene kot higroskopske.\u00a0Absorbirajo vlago iz okolja, kar lahko povzro\u010di nabiranje prahu v trdih blokih.\u00a0To je povsem obi\u010dajen proces in ne pomeni, da je izdelek zastarel.\u00a0Su\u0161enje izdelka ne vpliva na njegovo u\u010dinkovitost ali okus.\u00a0Za uporabo izdelka je dovolj, da preme\u0161ate posodo ali zlomite strjene ko\u0161\u010dke.\u00a0Hraniti na suhem mestu, da prepre\u010dite strjevanje.<\/p>\n<p>Prehranska dopolnila so namenjena samo zdravim ljudem.\u00a0Ne jemljite, \u010de ste nose\u010di ali dojite.\u00a0Hraniti izven dosega otrok.\u00a0Tega prehranskega dopolnila ne smemo uporabljati kot nadomestilo za raznoliko in uravnote\u017eeno prehrano.\u00a0Ne prekora\u010dite priporo\u010denega dnevnega odmerka.\u00a0Po mo\u017enosti porabite pred datumom, ki je naveden na embala\u017ei.\u00a0Hraniti na hladnem in suhem mestu.<\/p>\n\n    <div class=\"xs_social_share_widget xs_share_url after_content \t\tmain_content  wslu-style-1 wslu-share-box-shaped wslu-fill-colored wslu-none wslu-share-horizontal wslu-theme-font-no wslu-main_content\">\n\n\t\t\n        <ul>\n\t\t\t        <\/ul>\n    <\/div> \n","protected":false},"excerpt":{"rendered":"<p>L-citrulin je aminokislina, ki se kmalu po vstopu v telo pretvori v L-arginin.\u00a0V nasprotju s splo\u0161nim prepri\u010danjem je L-citrulin u\u010dinkovitej\u0161i od L-arginina.\u00a0Poleg tega ima arginin izjemno nizko stopnjo absorpcije.\u00a0Zato uporabljamo samo citrulin, ki se pretvori v arginin in podpira proizvodnjo in \u010drpanje du\u0161ikovega oksida med vadbo.\u00a0Du\u0161ikov oksid ima pomembno vlogo pri vazodilataciji in krvnem obtoku.\u00a0Pove\u010danje [&hellip;]<\/p>\n","protected":false},"featured_media":7347,"comment_status":"open","ping_status":"closed","template":"","meta":{"_acf_changed":false,"bwfblock_default_font":"","content-type":""},"brand":[],"product_brand":[],"product_cat":[158,145,137,134],"product_tag":[],"class_list":{"0":"post-7349","1":"product","2":"type-product","3":"status-publish","4":"has-post-thumbnail","6":"product_cat-akcija-sl","7":"product_cat-aminokisline-sl","8":"product_cat-preworkout-sl","9":"product_cat-sportna-prehrana-sl","11":"first","12":"outofstock","13":"sale","14":"purchasable","15":"product-type-simple"},"acf":[],"_links":{"self":[{"href":"https:\/\/zetanutrition.hr\/sl\/wp-json\/wp\/v2\/product\/7349","targetHints":{"allow":["GET"]}}],"collection":[{"href":"https:\/\/zetanutrition.hr\/sl\/wp-json\/wp\/v2\/product"}],"about":[{"href":"https:\/\/zetanutrition.hr\/sl\/wp-json\/wp\/v2\/types\/product"}],"replies":[{"embeddable":true,"href":"https:\/\/zetanutrition.hr\/sl\/wp-json\/wp\/v2\/comments?post=7349"}],"wp:featuredmedia":[{"embeddable":true,"href":"https:\/\/zetanutrition.hr\/sl\/wp-json\/wp\/v2\/media\/7347"}],"wp:attachment":[{"href":"https:\/\/zetanutrition.hr\/sl\/wp-json\/wp\/v2\/media?parent=7349"}],"wp:term":[{"taxonomy":"brand","embeddable":true,"href":"https:\/\/zetanutrition.hr\/sl\/wp-json\/wp\/v2\/brand?post=7349"},{"taxonomy":"product_brand","embeddable":true,"href":"https:\/\/zetanutrition.hr\/sl\/wp-json\/wp\/v2\/product_brand?post=7349"},{"taxonomy":"product_cat","embeddable":true,"href":"https:\/\/zetanutrition.hr\/sl\/wp-json\/wp\/v2\/product_cat?post=7349"},{"taxonomy":"product_tag","embeddable":true,"href":"https:\/\/zetanutrition.hr\/sl\/wp-json\/wp\/v2\/product_tag?post=7349"}],"curies":[{"name":"wp","href":"https:\/\/api.w.org\/{rel}","templated":true}]}}