{"id":7326,"date":"2024-04-03T15:22:54","date_gmt":"2024-04-03T15:22:54","guid":{"rendered":"https:\/\/zetanutrition.hrproduct\/maca-2\/"},"modified":"2025-09-28T09:27:42","modified_gmt":"2025-09-28T09:27:42","slug":"maca-2","status":"publish","type":"product","link":"https:\/\/zetanutrition.hr\/sl\/izdelek\/maca-2\/","title":{"rendered":"MACA"},"content":{"rendered":"<p>Tablete <strong>Zumub Maca<\/strong> vsebujejo izvle\u010dek korenine mace \u2013 super sestavino, ki zanesljivo zaseda svoje mesto med naju\u010dinkovitej\u0161imi naravnimi optimizatorji.<\/p>\n<p>Maca, znana kot perujski ginseng, se v Peruju \u0161iroko uporablja za razli\u010dne namene.\u00a0Menijo, da je koren <a href=\"https:\/\/www.zumub.com\/EN\/natural-optimizers\/maca\" target=\"_blank\" rel=\"noopener\">mac<\/a><\/p>\n<ul>\n<li>Pove\u010dajte energijo in vzdr\u017eljivost<\/li>\n<li>Pove\u010dajte spolni nagon in libido pri mo\u0161kih in \u017eenskah<\/li>\n<\/ul>\n<h3>Zakaj je Zumub Mac tako vsestranski in zmogljiv?<\/h3>\n<p>Da bi zagotovili najbolj pozitivno in koristno izku\u0161njo s korenino mace, smo izdelali \u010disti izvle\u010dek, ki vam omogo\u010da, da u\u017eivate v dobrotah rastline v priro\u010dni obliki.<\/p>\n<p>Vendar je to le na\u0161 skromen prispevek k vsemogo\u010dnosti narave. Mislimo, kaj bi \u0161e lahko dodali na ta neverjeten seznam vitaminov in mineralov?<\/p>\n<h3><a href=\"https:\/\/www.zumub.com\/EN\/zumbu\" target=\"_blank\" rel=\"noopener\">Zumub<\/a> Maca je naravni vir<\/h3>\n<ul>\n<li>Vitamin C<\/li>\n<li>Vitamini B kompleksa<\/li>\n<li>Baker<\/li>\n<li>Kalcij<\/li>\n<li>Cink<\/li>\n<\/ul>\n<p>Vendar pa je dodatek ve\u010d kot le kombinacija teh hranil.<\/p>\n<p>Kupite Zumub Maca tablete in si oglejte, kako starodavna mo\u010d deluje za vas \u2013 la\u017eje in bolj priro\u010dno kot kdaj koli prej.<\/p>\n<div class=\"descmargin small\"><i>Zavrnitev odgovornosti: Ta izdelek ni namenjen diagnosticiranju, zdravljenju ali prepre\u010devanju katere koli bolezni. Rezultati se lahko razlikujejo od posameznika do posameznika, odvisno od \u0161tevilnih dejavnikov, vklju\u010dno s spolom in starostjo.<\/i><\/div>\n\n    <div class=\"xs_social_share_widget xs_share_url after_content \t\tmain_content  wslu-style-1 wslu-share-box-shaped wslu-fill-colored wslu-none wslu-share-horizontal wslu-theme-font-no wslu-main_content\">\n\n\t\t\n        <ul>\n\t\t\t        <\/ul>\n    <\/div> \n","protected":false},"excerpt":{"rendered":"<p>Tablete Zumub Maca vsebujejo izvle\u010dek korenine mace \u2013 super sestavino, ki zanesljivo zaseda svoje mesto med naju\u010dinkovitej\u0161imi naravnimi optimizatorji. Maca, znana kot perujski ginseng, se v Peruju \u0161iroko uporablja za razli\u010dne namene.\u00a0Menijo, da je koren mac Pove\u010dajte energijo in vzdr\u017eljivost Pove\u010dajte spolni nagon in libido pri mo\u0161kih in \u017eenskah Zakaj je Zumub Mac tako vsestranski [&hellip;]<\/p>\n","protected":false},"featured_media":14299,"comment_status":"open","ping_status":"closed","template":"","meta":{"_acf_changed":false,"bwfblock_default_font":"","content-type":""},"brand":[],"product_brand":[],"product_cat":[158,672,151,134,149],"product_tag":[],"class_list":{"0":"post-7326","1":"product","2":"type-product","3":"status-publish","4":"has-post-thumbnail","6":"product_cat-akcija-sl","7":"product_cat-lepoto-in-nego","8":"product_cat-ojacevalci-hormonov-sl","9":"product_cat-sportna-prehrana-sl","10":"product_cat-zdravje-sl","12":"first","13":"outofstock","14":"sale","15":"purchasable","16":"product-type-simple"},"acf":[],"_links":{"self":[{"href":"https:\/\/zetanutrition.hr\/sl\/wp-json\/wp\/v2\/product\/7326","targetHints":{"allow":["GET"]}}],"collection":[{"href":"https:\/\/zetanutrition.hr\/sl\/wp-json\/wp\/v2\/product"}],"about":[{"href":"https:\/\/zetanutrition.hr\/sl\/wp-json\/wp\/v2\/types\/product"}],"replies":[{"embeddable":true,"href":"https:\/\/zetanutrition.hr\/sl\/wp-json\/wp\/v2\/comments?post=7326"}],"wp:featuredmedia":[{"embeddable":true,"href":"https:\/\/zetanutrition.hr\/sl\/wp-json\/wp\/v2\/media\/14299"}],"wp:attachment":[{"href":"https:\/\/zetanutrition.hr\/sl\/wp-json\/wp\/v2\/media?parent=7326"}],"wp:term":[{"taxonomy":"brand","embeddable":true,"href":"https:\/\/zetanutrition.hr\/sl\/wp-json\/wp\/v2\/brand?post=7326"},{"taxonomy":"product_brand","embeddable":true,"href":"https:\/\/zetanutrition.hr\/sl\/wp-json\/wp\/v2\/product_brand?post=7326"},{"taxonomy":"product_cat","embeddable":true,"href":"https:\/\/zetanutrition.hr\/sl\/wp-json\/wp\/v2\/product_cat?post=7326"},{"taxonomy":"product_tag","embeddable":true,"href":"https:\/\/zetanutrition.hr\/sl\/wp-json\/wp\/v2\/product_tag?post=7326"}],"curies":[{"name":"wp","href":"https:\/\/api.w.org\/{rel}","templated":true}]}}