{"id":7266,"date":"2024-07-19T16:25:47","date_gmt":"2024-07-19T16:25:47","guid":{"rendered":"https:\/\/zetanutrition.hrproduct\/kreatin-bomboni\/"},"modified":"2026-02-27T11:51:50","modified_gmt":"2026-02-27T11:51:50","slug":"kreatinski-bonboni","status":"publish","type":"product","link":"https:\/\/zetanutrition.hr\/sl\/izdelek\/kreatinski-bonboni\/","title":{"rendered":"ZETA Kreatin monohidrat bonboni 120 kom"},"content":{"rendered":"<p><strong>Bonboni z kreatin monohidratom ZETA Nutrition<\/strong><\/p>\n<p>\u0160portniki in rekreativci z intenzivnim treningom spodbujajo anaboli\u010dne procese.<\/p>\n<p>S telesno aktivnostjo se porabljajo glikogenske rezerve, porablja pa se tudi kreatin.<\/p>\n<p>Ko se molekula ATP uporabi med kontrakcijo, se spremeni v ADP (adenozin difosfat).<\/p>\n<p>Ker ADP ni mogo\u010de uporabiti za energijo, mu je treba izgubljeno fosfatno skupino dodati nazaj, da ponovno postane energijsko aktiven ATP.<\/p>\n<p>Tu je za nas pomemben kreatin, ki je nepogre\u0161ljiv del suplementacije.<\/p>\n<p>Kreatinski bonboni spodbujajo:<\/p>\n<p>1. Vidno pove\u010danje mi\u0161i\u010dne mase<br \/>\n2. Izbolj\u0161a okrevanje<br \/>\n3. Bistveno pove\u010da energijo<br \/>\n4. Spodbuja mo\u017eganske funkcije<\/p>\n<p>Postre\u017eba: Uporabite kot dodatek, vzemite 4 gumijaste bonbone (5g) na dan za mo\u0161ke ali 2 bonbona za \u017eenske.<\/p>\n<p>Kreatin bonboni ZETA so popoln nadomestek za kreatin v prahu<br \/>\nker je bolj prakti\u010den in neustavljivo spominja na slastne haribo bonbone.<\/p>\n<p>Kreatinski bonboni dokazano vplivajo na rast \u010diste mi\u0161i\u010dne mase in mi\u0161i\u010dnega volumna.<\/p>\n<p>Zavrnitev odgovornosti: ta izdelek ni namenjen za<br \/>\ndiagnosticiranje, zdravljenje ali prepre\u010devanje katere koli bolezni.<br \/>\nRezultati se lahko razlikujejo od posameznika do posameznika, odvisno od zaporedja<br \/>\ndejavnikov, vklju\u010dno s spolom in starostjo.<\/p>\n\n    <div class=\"xs_social_share_widget xs_share_url after_content \t\tmain_content  wslu-style-1 wslu-share-box-shaped wslu-fill-colored wslu-none wslu-share-horizontal wslu-theme-font-no wslu-main_content\">\n\n\t\t\n        <ul>\n\t\t\t        <\/ul>\n    <\/div> \n","protected":false},"excerpt":{"rendered":"<p>Bonboni z kreatin monohidratom ZETA Nutrition \u0160portniki in rekreativci z intenzivnim treningom spodbujajo anaboli\u010dne procese. S telesno aktivnostjo se porabljajo glikogenske rezerve, porablja pa se tudi kreatin. Ko se molekula ATP uporabi med kontrakcijo, se spremeni v ADP (adenozin difosfat). Ker ADP ni mogo\u010de uporabiti za energijo, mu je treba izgubljeno fosfatno skupino dodati nazaj, [&hellip;]<\/p>\n","protected":false},"featured_media":14714,"comment_status":"open","ping_status":"closed","template":"","meta":{"_acf_changed":false,"bwfblock_default_font":"","content-type":""},"brand":[206],"product_brand":[],"product_cat":[158,143,134],"product_tag":[],"class_list":{"0":"post-7266","1":"product","2":"type-product","3":"status-publish","4":"has-post-thumbnail","6":"brand-zeta-nutrition","7":"product_cat-akcija-sl","8":"product_cat-kreatin-sl","9":"product_cat-sportna-prehrana-sl","11":"first","12":"instock","13":"sale","14":"purchasable","15":"product-type-variable"},"acf":[],"_links":{"self":[{"href":"https:\/\/zetanutrition.hr\/sl\/wp-json\/wp\/v2\/product\/7266","targetHints":{"allow":["GET"]}}],"collection":[{"href":"https:\/\/zetanutrition.hr\/sl\/wp-json\/wp\/v2\/product"}],"about":[{"href":"https:\/\/zetanutrition.hr\/sl\/wp-json\/wp\/v2\/types\/product"}],"replies":[{"embeddable":true,"href":"https:\/\/zetanutrition.hr\/sl\/wp-json\/wp\/v2\/comments?post=7266"}],"wp:featuredmedia":[{"embeddable":true,"href":"https:\/\/zetanutrition.hr\/sl\/wp-json\/wp\/v2\/media\/14714"}],"wp:attachment":[{"href":"https:\/\/zetanutrition.hr\/sl\/wp-json\/wp\/v2\/media?parent=7266"}],"wp:term":[{"taxonomy":"brand","embeddable":true,"href":"https:\/\/zetanutrition.hr\/sl\/wp-json\/wp\/v2\/brand?post=7266"},{"taxonomy":"product_brand","embeddable":true,"href":"https:\/\/zetanutrition.hr\/sl\/wp-json\/wp\/v2\/product_brand?post=7266"},{"taxonomy":"product_cat","embeddable":true,"href":"https:\/\/zetanutrition.hr\/sl\/wp-json\/wp\/v2\/product_cat?post=7266"},{"taxonomy":"product_tag","embeddable":true,"href":"https:\/\/zetanutrition.hr\/sl\/wp-json\/wp\/v2\/product_tag?post=7266"}],"curies":[{"name":"wp","href":"https:\/\/api.w.org\/{rel}","templated":true}]}}