{"id":7219,"date":"2023-11-22T10:43:07","date_gmt":"2023-11-22T10:43:07","guid":{"rendered":"https:\/\/zetanutrition.hrproduct\/casein\/"},"modified":"2024-12-03T13:04:47","modified_gmt":"2024-12-03T13:04:47","slug":"casein","status":"publish","type":"product","link":"https:\/\/zetanutrition.hr\/sl\/proizvod\/casein\/","title":{"rendered":"KAZEIN"},"content":{"rendered":"<h3>Zumub kazein<\/h3>\n<p>Za elitne bodybuilderje in \u0161portnike, kot ste vi, lahko \u010dasovna razporeditev vnosa beljakovin naredi \u010dude\u017ee za va\u0161o postavo.\u00a0\u010ce i\u0161\u010dete popoln vir beljakovin, ki bo hranil va\u0161e mi\u0161ice v dalj\u0161em \u010dasovnem obdobju, je odgovor nih\u010de drug kot Zumub Casein!<\/p>\n<p><a href=\"https:\/\/www.zumub.com\/EN\/casein\/casein-1kg\" target=\"_blank\" rel=\"noopener\">Kazein<\/a>\u00a0je popoln vir beljakovin, kar pomeni, da se pona\u0161a z vsemi esencialnimi aminokislinami (EAA), vklju\u010dno z razvejanimi verige aminokislin (BCAA), ki se uporabljajo za izgradnjo, popravilo in za\u0161\u010dito pustega mi\u0161i\u010dnega tkiva.\u00a0Za razliko od sirotkinih beljakovin, ki se hitro prebavijo, je <a href=\"https:\/\/www.zumub.com\/EN\/casein\" target=\"_blank\" rel=\"noopener\">kazein<\/a> znan po svojih lastnostih po\u010dasne absorpcije, zaradi \u010desar je popoln beljakovinski napitek za u\u017eivanje med obroki. ali tik pred spanjem!<\/p>\n<h3>Kak\u0161ne so prednosti u\u017eivanja beljakovin kazeina?<\/h3>\n<ul type=\"disc\">\n<li>Podpira razvoj vitkih mi\u0161ic<\/li>\n<li>Pospe\u0161uje okrevanje mi\u0161ic<\/li>\n<li>Zagotavlja dolgoro\u010dno za\u0161\u010dito pred mi\u0161i\u010dnim katabolizmom<\/li>\n<\/ul>\n<p>Takoj, ko kazein vstopi v va\u0161 prebavni trakt, se oblikuje v gelasto snov, ki se po\u010dasi prebavi \u2013 ustvarja enakomerno oskrbo va\u0161ih mi\u0161ic z aminokislinami.\u00a0Zato je dobro, da kazein u\u017eivate takrat, ko ve\u010d ur ne boste imeli dostopa do polnega obroka.<\/p>\n<p><a href=\"https:\/\/www.zumub.com\/EN\/zumbu\" target=\"_blank\" rel=\"noopener\">Zumub<\/a>\u00a0se zaveda, kako pomembno je dobiti pravo koli\u010dino beljakovin, zato vam Zumub ponuja najbolj\u0161e, ne da bi var\u010deval s kakovostjo. konkuren\u010dna cena &#8211; skoraj 22 g beljakovin na porcijo, z manj kot 2 g sladkorja in ma\u0161\u010dob.<\/p>\n<p>Ker Zumub Casein dela za vas, lahko pri\u010dakujete, da se boste vsak dan zbudili z mo\u010dnej\u0161imi, \u010dvrstej\u0161imi in mo\u010dnej\u0161imi mi\u0161icami!<\/p>\n<p>Izkusite vrhunsko podporo pri izgradnji mi\u0161ic, ki traja ve\u010d ur &#8230; poskusite Zumub Casein \u0161e danes!<\/p>\n<p>Ta izdelek ne vklju\u010duje lopatice<\/p>\n<div class=\"descmargin small\"><i>Zavrnitev odgovornosti: Ta izdelek ni namenjen diagnosticiranju, zdravljenju ali prepre\u010devanju katere koli bolezni.\u00a0Rezultati se lahko razlikujejo od posameznika do posameznika, odvisno od \u0161tevilnih dejavnikov, vklju\u010dno s spolom in starostjo.<\/i><\/div>\n\n    <div class=\"xs_social_share_widget xs_share_url after_content \t\tmain_content  wslu-style-1 wslu-share-box-shaped wslu-fill-colored wslu-none wslu-share-horizontal wslu-theme-font-no wslu-main_content\">\n\n\t\t\n        <ul>\n\t\t\t        <\/ul>\n    <\/div> \n","protected":false},"excerpt":{"rendered":"<p>Zumub kazein Za elitne bodybuilderje in \u0161portnike, kot ste vi, lahko \u010dasovna razporeditev vnosa beljakovin naredi \u010dude\u017ee za va\u0161o postavo.\u00a0\u010ce i\u0161\u010dete popoln vir beljakovin, ki bo hranil va\u0161e mi\u0161ice v dalj\u0161em \u010dasovnem obdobju, je odgovor nih\u010de drug kot Zumub Casein! Kazein\u00a0je popoln vir beljakovin, kar pomeni, da se pona\u0161a z vsemi esencialnimi aminokislinami (EAA), vklju\u010dno [&hellip;]<\/p>\n","protected":false},"featured_media":13972,"comment_status":"open","ping_status":"closed","template":"","meta":{"_acf_changed":false,"bwfblock_default_font":"","content-type":""},"brand":[207],"product_brand":[],"product_cat":[158,139,666],"product_tag":[],"class_list":{"0":"post-7219","1":"product","2":"type-product","3":"status-publish","4":"has-post-thumbnail","6":"brand-zumub","7":"product_cat-akcija-sl","8":"product_cat-beljakovine-sl","9":"product_cat-kazein-sl","11":"first","12":"outofstock","13":"sale","14":"taxable","15":"shipping-taxable","16":"purchasable","17":"product-type-variable"},"acf":[],"_links":{"self":[{"href":"https:\/\/zetanutrition.hr\/sl\/wp-json\/wp\/v2\/product\/7219","targetHints":{"allow":["GET"]}}],"collection":[{"href":"https:\/\/zetanutrition.hr\/sl\/wp-json\/wp\/v2\/product"}],"about":[{"href":"https:\/\/zetanutrition.hr\/sl\/wp-json\/wp\/v2\/types\/product"}],"replies":[{"embeddable":true,"href":"https:\/\/zetanutrition.hr\/sl\/wp-json\/wp\/v2\/comments?post=7219"}],"wp:featuredmedia":[{"embeddable":true,"href":"https:\/\/zetanutrition.hr\/sl\/wp-json\/wp\/v2\/media\/13972"}],"wp:attachment":[{"href":"https:\/\/zetanutrition.hr\/sl\/wp-json\/wp\/v2\/media?parent=7219"}],"wp:term":[{"taxonomy":"brand","embeddable":true,"href":"https:\/\/zetanutrition.hr\/sl\/wp-json\/wp\/v2\/brand?post=7219"},{"taxonomy":"product_brand","embeddable":true,"href":"https:\/\/zetanutrition.hr\/sl\/wp-json\/wp\/v2\/product_brand?post=7219"},{"taxonomy":"product_cat","embeddable":true,"href":"https:\/\/zetanutrition.hr\/sl\/wp-json\/wp\/v2\/product_cat?post=7219"},{"taxonomy":"product_tag","embeddable":true,"href":"https:\/\/zetanutrition.hr\/sl\/wp-json\/wp\/v2\/product_tag?post=7219"}],"curies":[{"name":"wp","href":"https:\/\/api.w.org\/{rel}","templated":true}]}}