{"id":7060,"date":"2024-03-25T13:00:21","date_gmt":"2024-03-25T13:00:21","guid":{"rendered":"https:\/\/zetanutrition.hrproduct\/warcry-clear-whey\/"},"modified":"2025-06-09T17:46:20","modified_gmt":"2025-06-09T17:46:20","slug":"warcry-clear-whey","status":"publish","type":"product","link":"https:\/\/zetanutrition.hr\/sl\/proizvod\/warcry-clear-whey\/","title":{"rendered":"WARCRY\u00ae CLEAR WHEY 500g"},"content":{"rendered":"<p><strong><br \/>\nO IZDELKU<\/strong><\/p>\n<p>Predstavljajte si beljakovinski \u0161ejk, tako osve\u017eujo\u010d kot va\u0161 najljub\u0161i sadni sok, vendar poln 22 g beljakovin za izgradnjo mi\u0161ic na porcijo.\u00a0To je WARCRY\u00ae CLEAR WHEY.\u00a0Ustvarjen za zahtevne \u0161portnike, ki ne sklepajo kompromisov pri okusu ali kakovosti, za tiste, ki \u017eelijo zgraditi \u010disto mi\u0161i\u010dno maso in pospe\u0161iti \u010das okrevanja, Clear Whey zagotavlja okusno in apetitno izku\u0161njo z vsako porcijo.\u00a0In najbolj\u0161i del?\u00a0Na porcijo je skoraj popolnoma brez sladkorja, ogljikovih hidratov in ma\u0161\u010dob, kar je popolnoma usklajeno s cilji glede kalori\u010dnega primanjkljaja.<\/p>\n<p>Osnova WARCRY\u00ae CLEAR WHEY so beljakovine sirotke, znane po svoji hitri absorpciji in lastnostih obnavljanja mi\u0161ic.\u00a0Kar ga lo\u010duje od drugega, je inovativen postopek filtracije, ki odstrani tradicionalno kremastost in pusti lahkotno, bistro teko\u010dino, polno beljakovin in okusa.\u00a0Ta postopek ne zagotavlja samo osve\u017eujo\u010dega okusa, temve\u010d tudi omogo\u010da hitro prebavo in absorpcijo, kar je idealno za okrevanje po vadbi.<\/p>\n<p>Brez kompromisov: ni\u010d sladkorja, ni\u010d ogljikovih hidratov in ni\u010d ma\u0161\u010dob.\u00a0Clear Whey je esenca \u010distega prehranjevanja, namenjena oskrbi va\u0161ega telesa z esencialnimi aminokislinami.\u00a0Revolucija okusov: Minili so dnevi gostih in grudastih beljakovinskih napitkov.\u00a0So\u010dni in osve\u017eujo\u010di okusi Clear Whey so u\u017eitek za \u010dute, saj beljakovinski dodatek spremenijo v poslastico in ne v opravilo.\u00a0Enostavno me\u0161anje: Adijo grudice.\u00a0Edinstvena formula WARCRY\u00ae CLEAR WHEY zagotavlja enostavno me\u0161anje z minimalnim naporom.<\/p>\n<p><strong><br \/>\nUPORABNI\u0160KA IZKU\u0160NJA<\/strong><\/p>\n<p>Od prve porcije Clear Whey izstopa po svojih lahkih in osve\u017eilnih profilih okusa, zaradi \u010desar je popolna pija\u010da za kateri koli \u010das dneva \u2013 bodisi po vadbi, kot prigrizek ali celo kot okusen in z beljakovinami bogat za\u010detek jutra. .\u00a0Uporabniki so navdu\u0161eni nad odsotnostjo tipi\u010dne teksture, ki jo najdemo v tradicionalnih beljakovinskih pra\u0161kih z okusom mleka, raznolikost okusov Clear Whey pa naredi njihovo beljakovinsko rutino zanimivo in prijetno.<\/p>\n<p><strong><br \/>\nSCENARIJI UPORABE<\/strong><\/p>\n<p>Okrevanje po vadbi: Hitro delujo\u010d in lahko prebavljiv Clear Whey je idealen za okrevanje mi\u0161ic po intenzivnem treningu.\u00a0Kadar koli Protein Boost: Potrebujete pove\u010danje beljakovin brez te\u017ee tradicionalnega \u0161ejka?\u00a0Clear Whey je va\u0161a re\u0161itev.\u00a0Alternativa zdravim prigrizkom: Hrepenite po ne\u010dem sladkem, a hranljivem?\u00a0Clear Whey zadovolji va\u0161e brbon\u010dice.<\/p>\n<p>WARCRY\u00ae CLEAR WHEY je zasnovan za tiste, ki cenijo telesno pripravljenost in zdravje, ne da bi \u017ertvovali okus.\u00a0Ne glede na to, ali ste elitni \u0161portnik, vikend bojevnik ali preprosto nekdo, ki \u017eeli svoji prehrani dodati ve\u010d beljakovin, je Clear Whey va\u0161 popoln partner.<\/p>\n<p><strong><br \/>\nVERJAMEMO V KAKOVOST<\/strong>i<\/p>\n<p>Verjamemo v \u010distost, kakovost in okus.\u00a0Na\u0161a predanost tem na\u010delom je o\u010ditna v vsaki skodelici WARCRY\u00ae CLEAR WHEY.\u00a0Izberemo samo najbolj\u0161e sestavine, s \u010dimer zagotovimo, da vsaka porcija podpira va\u0161e zdravstvene in telesne cilje, hkrati pa razveseli va\u0161e brbon\u010dice.<\/p>\n<p><strong><br \/>\nZAKLJU\u010cEK<\/strong><\/p>\n<p>WARCRY\u00ae CLEAR WHEY je ve\u010d kot le beljakovinski dodatek;\u00a0je izbira \u017eivljenjskega sloga za tiste, ki i\u0161\u010dejo najbolj\u0161i okus, kakovost in prehrano.\u00a0Z 22 g \u010distih beljakovin, brez sladkorja, ogljikovih hidratov in ma\u0161\u010dob ter vrsto so\u010dnih okusov je Clear Whey va\u0161e skrivno oro\u017eje pri doseganju va\u0161ih fitnes ciljev, saj u\u017eivate v vsakem koraku potovanja.<\/p>\n<p><strong><br \/>\nNAVODILA ZA UPORABO:<br \/>\n<\/strong>\u27a0 Po vadbi zme\u0161ajte 1 merico (25 g) CLEAR WHEY v stresalniku s 300 ml hladne vode, dobro pretresite in pustite stati vsaj 20 sekund, da pena izgine pred zau\u017eitjem.<br \/>\n\u27a0 1 merica = 1 porcija<\/p>\n<p>\u21bb Ve\u010d obrokov lahko vzamete glede na ugotovljene potrebe po beljakovinah.<\/p>\n<p><strong>OPOZORILO!\u00a0<\/strong>Vsa dopolnila se priporo\u010dajo izklju\u010dno zdravim ljudem.\u00a0Ni priporo\u010dljivo za nose\u010dnice in doje\u010de \u017eenske.\u00a0Hraniti izven dosega otrok.\u00a0Uporaba tega prehranskega dopolnila ne nadome\u0161\u010da normalne in uravnote\u017eene prehrane.\u00a0Ne prekora\u010dite priporo\u010denega dnevnega odmerka.\u00a0Priporo\u010dljivo je, da ga porabite pred iztekom roka uporabnosti, ki je naveden na embala\u017ei.\u00a0Hraniti na suhem in hladnem mestu.\u00a0Hranilne vrednosti se lahko nekoliko razlikujejo glede na okus.<\/p>\n\n    <div class=\"xs_social_share_widget xs_share_url after_content \t\tmain_content  wslu-style-1 wslu-share-box-shaped wslu-fill-colored wslu-none wslu-share-horizontal wslu-theme-font-no wslu-main_content\">\n\n\t\t\n        <ul>\n\t\t\t        <\/ul>\n    <\/div> \n","protected":false},"excerpt":{"rendered":"<p>O IZDELKU Predstavljajte si beljakovinski \u0161ejk, tako osve\u017eujo\u010d kot va\u0161 najljub\u0161i sadni sok, vendar poln 22 g beljakovin za izgradnjo mi\u0161ic na porcijo.\u00a0To je WARCRY\u00ae CLEAR WHEY.\u00a0Ustvarjen za zahtevne \u0161portnike, ki ne sklepajo kompromisov pri okusu ali kakovosti, za tiste, ki \u017eelijo zgraditi \u010disto mi\u0161i\u010dno maso in pospe\u0161iti \u010das okrevanja, Clear Whey zagotavlja okusno in [&hellip;]<\/p>\n","protected":false},"featured_media":5810,"comment_status":"open","ping_status":"closed","template":"","meta":{"_acf_changed":false,"bwfblock_default_font":"","content-type":""},"brand":[],"product_brand":[],"product_cat":[158,139,724],"product_tag":[],"class_list":{"0":"post-7060","1":"product","2":"type-product","3":"status-publish","4":"has-post-thumbnail","6":"product_cat-akcija-sl","7":"product_cat-beljakovine-sl","8":"product_cat-whey-protein-sl","10":"first","11":"outofstock","12":"sale","13":"taxable","14":"shipping-taxable","15":"purchasable","16":"product-type-variable"},"acf":[],"_links":{"self":[{"href":"https:\/\/zetanutrition.hr\/sl\/wp-json\/wp\/v2\/product\/7060","targetHints":{"allow":["GET"]}}],"collection":[{"href":"https:\/\/zetanutrition.hr\/sl\/wp-json\/wp\/v2\/product"}],"about":[{"href":"https:\/\/zetanutrition.hr\/sl\/wp-json\/wp\/v2\/types\/product"}],"replies":[{"embeddable":true,"href":"https:\/\/zetanutrition.hr\/sl\/wp-json\/wp\/v2\/comments?post=7060"}],"wp:featuredmedia":[{"embeddable":true,"href":"https:\/\/zetanutrition.hr\/sl\/wp-json\/wp\/v2\/media\/5810"}],"wp:attachment":[{"href":"https:\/\/zetanutrition.hr\/sl\/wp-json\/wp\/v2\/media?parent=7060"}],"wp:term":[{"taxonomy":"brand","embeddable":true,"href":"https:\/\/zetanutrition.hr\/sl\/wp-json\/wp\/v2\/brand?post=7060"},{"taxonomy":"product_brand","embeddable":true,"href":"https:\/\/zetanutrition.hr\/sl\/wp-json\/wp\/v2\/product_brand?post=7060"},{"taxonomy":"product_cat","embeddable":true,"href":"https:\/\/zetanutrition.hr\/sl\/wp-json\/wp\/v2\/product_cat?post=7060"},{"taxonomy":"product_tag","embeddable":true,"href":"https:\/\/zetanutrition.hr\/sl\/wp-json\/wp\/v2\/product_tag?post=7060"}],"curies":[{"name":"wp","href":"https:\/\/api.w.org\/{rel}","templated":true}]}}