{"id":7051,"date":"2024-10-01T14:11:54","date_gmt":"2024-10-01T14:11:54","guid":{"rendered":"https:\/\/zetanutrition.hrproduct\/mutant-whey-2270-g\/"},"modified":"2025-03-03T13:34:38","modified_gmt":"2025-03-03T13:34:38","slug":"mutant-whey-2270-g","status":"publish","type":"product","link":"https:\/\/zetanutrition.hr\/sl\/proizvod\/mutant-whey-2270-g\/","title":{"rendered":"MUTANT WHEY 2270 g"},"content":{"rendered":"<p>Spoznajte Mutant Whey, kjer se neprimerljiva izku\u0161nja okusa sre\u010da s kakovostnimi sirotkinimi beljakovinami. Vsaka porcija je polna 22 gramov visokokakovostnih sirotkinih beljakovin, 10 gramov EAA in 5 gramov BCAA (naravnih).<\/p>\n<p>&nbsp;<\/p>\n<p>Ta mo\u010dna beljakovinska me\u0161anica vsebuje le 140-150 kalorij na \u0161ejk in je obogatena z mo\u010dnim odmerkom kalcija. Mutant Whey je na voljo v najbolj\u0161ih gurmanskih okusih, da bo va\u0161 proteinski napitek prava poslastica!<\/p>\n<p>&nbsp;<\/p>\n<h4>Klju\u010dne prednosti<\/h4>\n<p>&nbsp;<\/p>\n<ul>\n<li>100 % gurmanska me\u0161anica sirotkinih beljakovin<\/li>\n<li>Za podporo mi\u0161ic<\/li>\n<li>22 g beljakovin na porcijo<\/li>\n<li>10 g EAA in 5 g BCAA<\/li>\n<li>Enostavno me\u0161anje in laboratorijsko testirano<\/li>\n<li>63 obrokov<\/li>\n<li>Paleta slastnih gurmanskih okusov<\/li>\n<\/ul>\n<p>&nbsp;<\/p>\n<h4>Prednosti Mutant Whey<\/h4>\n<p>Mutant Whey opravi delo z zmogljivimi 22 grami visokokakovostnih beljakovin, ki spodbujajo rast mi\u0161ic in podpirajo okrevanje mi\u0161ic po intenzivni vadbi. Obogaten je s kalcijem za podporo ravni energije in normalno delovanje mi\u0161ic.<\/p>\n<p>&nbsp;<\/p>\n<p>Toda tisto, zaradi \u010desar so te sirotkine beljakovine res posebne, je izbor slastnih gurmanskih okusov. Prav tako je enostaven za me\u0161anje, zaradi \u010desar je priro\u010den in okusen beljakovinski prah.<\/p>\n<p>&nbsp;<\/p>\n<h4>Priporo\u010dena uporaba Mutant Whey<\/h4>\n<p>Dodajte 180-240 ml hladne vode v va\u0161 shaker, nato dodajte eno merico Mutant Whey (36 g) in dobro stresajte 10-15 sekund.<\/p>\n<p>&nbsp;<\/p>\n<p>Namig: uporabite ve\u010d ali manj teko\u010dine, da bo va\u0161 proteinski napitek gostej\u0161i ali redkej\u0161i.<\/p>\n<p>&nbsp;<\/p>\n<p><em>Opomba: koli\u010dina kalorij se lahko razlikuje glede na okus.<\/em><\/p>\n\n    <div class=\"xs_social_share_widget xs_share_url after_content \t\tmain_content  wslu-style-1 wslu-share-box-shaped wslu-fill-colored wslu-none wslu-share-horizontal wslu-theme-font-no wslu-main_content\">\n\n\t\t\n        <ul>\n\t\t\t        <\/ul>\n    <\/div> \n","protected":false},"excerpt":{"rendered":"<p>Spoznajte Mutant Whey, kjer se neprimerljiva izku\u0161nja okusa sre\u010da s kakovostnimi sirotkinimi beljakovinami. Vsaka porcija je polna 22 gramov visokokakovostnih sirotkinih beljakovin, 10 gramov EAA in 5 gramov BCAA (naravnih). &nbsp; Ta mo\u010dna beljakovinska me\u0161anica vsebuje le 140-150 kalorij na \u0161ejk in je obogatena z mo\u010dnim odmerkom kalcija. Mutant Whey je na voljo v najbolj\u0161ih [&hellip;]<\/p>\n","protected":false},"featured_media":13900,"comment_status":"open","ping_status":"closed","template":"","meta":{"_acf_changed":false,"bwfblock_default_font":"","content-type":""},"brand":[],"product_brand":[],"product_cat":[158,139,724],"product_tag":[],"class_list":{"0":"post-7051","1":"product","2":"type-product","3":"status-publish","4":"has-post-thumbnail","6":"product_cat-akcija-sl","7":"product_cat-beljakovine-sl","8":"product_cat-whey-protein-sl","10":"first","11":"outofstock","12":"sale","13":"taxable","14":"shipping-taxable","15":"purchasable","16":"product-type-variable"},"acf":[],"_links":{"self":[{"href":"https:\/\/zetanutrition.hr\/sl\/wp-json\/wp\/v2\/product\/7051","targetHints":{"allow":["GET"]}}],"collection":[{"href":"https:\/\/zetanutrition.hr\/sl\/wp-json\/wp\/v2\/product"}],"about":[{"href":"https:\/\/zetanutrition.hr\/sl\/wp-json\/wp\/v2\/types\/product"}],"replies":[{"embeddable":true,"href":"https:\/\/zetanutrition.hr\/sl\/wp-json\/wp\/v2\/comments?post=7051"}],"wp:featuredmedia":[{"embeddable":true,"href":"https:\/\/zetanutrition.hr\/sl\/wp-json\/wp\/v2\/media\/13900"}],"wp:attachment":[{"href":"https:\/\/zetanutrition.hr\/sl\/wp-json\/wp\/v2\/media?parent=7051"}],"wp:term":[{"taxonomy":"brand","embeddable":true,"href":"https:\/\/zetanutrition.hr\/sl\/wp-json\/wp\/v2\/brand?post=7051"},{"taxonomy":"product_brand","embeddable":true,"href":"https:\/\/zetanutrition.hr\/sl\/wp-json\/wp\/v2\/product_brand?post=7051"},{"taxonomy":"product_cat","embeddable":true,"href":"https:\/\/zetanutrition.hr\/sl\/wp-json\/wp\/v2\/product_cat?post=7051"},{"taxonomy":"product_tag","embeddable":true,"href":"https:\/\/zetanutrition.hr\/sl\/wp-json\/wp\/v2\/product_tag?post=7051"}],"curies":[{"name":"wp","href":"https:\/\/api.w.org\/{rel}","templated":true}]}}