{"id":14482,"date":"2025-12-18T09:08:30","date_gmt":"2025-12-18T09:08:30","guid":{"rendered":"https:\/\/zetanutrition.hr\/product\/zeta-omega-3-softgel-60-kapsula\/"},"modified":"2025-12-18T09:28:12","modified_gmt":"2025-12-18T09:28:12","slug":"zeta-omega-3-softgel-60-kapsula","status":"publish","type":"product","link":"https:\/\/zetanutrition.hr\/sl\/izdelek\/zeta-omega-3-softgel-60-kapsula\/","title":{"rendered":"ZETA omega 3 Softgel 60 kapsula"},"content":{"rendered":"<h2 data-start=\"1956\" data-end=\"1988\"><strong data-start=\"1959\" data-end=\"1988\">ZETA <\/strong><strong data-start=\"4885\" data-end=\"4913\">OMEGA 3 ULTRA KONCENTRAT<\/strong><\/h2>\n<p data-start=\"4915\" data-end=\"4964\"><strong data-start=\"4915\" data-end=\"4964\">Visoko koncentrirane omega-3 ma\u0161\u010dobne kisline<\/strong><\/p>\n<p data-start=\"4966\" data-end=\"5121\">Ta izdelek vsebuje <strong data-start=\"4985\" data-end=\"5026\">ultra koncentrirano ribje olje (&gt;85%)<\/strong> z visokim dele\u017eem <strong data-start=\"5045\" data-end=\"5059\">EPA in DHA<\/strong>, ki prispevata k normalnemu delovanju srca, mo\u017eganov in vida.<\/p>\n<p data-start=\"5123\" data-end=\"5195\">Ena porcija zagotavlja kar <strong data-start=\"5150\" data-end=\"5194\">1135 mg skupnih omega-3 ma\u0161\u010dobnih kislin<\/strong>.<\/p>\n<p data-start=\"5197\" data-end=\"5218\"><strong data-start=\"5197\" data-end=\"5218\">Glavne prednosti:<\/strong><\/p>\n<ul data-start=\"5219\" data-end=\"5382\">\n<li data-start=\"5219\" data-end=\"5256\">\n<p data-start=\"5221\" data-end=\"5256\">780 mg EPA in 260 mg DHA na porcijo<\/p>\n<\/li>\n<li data-start=\"5257\" data-end=\"5290\">\n<p data-start=\"5259\" data-end=\"5290\">Visoka \u010distost in koncentracija<\/p>\n<\/li>\n<li data-start=\"5291\" data-end=\"5325\">\n<p data-start=\"5293\" data-end=\"5325\">Podpora zdravju srca in mo\u017eganov<\/p>\n<\/li>\n<li data-start=\"5326\" data-end=\"5354\">\n<p data-start=\"5328\" data-end=\"5354\">Prispeva k normalnemu vidu<\/p>\n<\/li>\n<li data-start=\"5355\" data-end=\"5382\">\n<p data-start=\"5357\" data-end=\"5382\">Z naravnimi antioksidanti<\/p>\n<\/li>\n<\/ul>\n<p data-start=\"5384\" data-end=\"5447\"><strong data-start=\"5384\" data-end=\"5408\">Priporo\u010dena uporaba:<\/strong><br data-start=\"5408\" data-end=\"5411\" \/>Zau\u017eijte 2 kapsuli dnevno ob obroku.<\/p>\n\n    <div class=\"xs_social_share_widget xs_share_url after_content \t\tmain_content  wslu-style-1 wslu-share-box-shaped wslu-fill-colored wslu-none wslu-share-horizontal wslu-theme-font-no wslu-main_content\">\n\n\t\t\n        <ul>\n\t\t\t        <\/ul>\n    <\/div> \n","protected":false},"excerpt":{"rendered":"<p>ZETA OMEGA 3 ULTRA KONCENTRAT Visoko koncentrirane omega-3 ma\u0161\u010dobne kisline Ta izdelek vsebuje ultra koncentrirano ribje olje (&gt;85%) z visokim dele\u017eem EPA in DHA, ki prispevata k normalnemu delovanju srca, mo\u017eganov in vida. Ena porcija zagotavlja kar 1135 mg skupnih omega-3 ma\u0161\u010dobnih kislin. Glavne prednosti: 780 mg EPA in 260 mg DHA na porcijo Visoka [&hellip;]<\/p>\n","protected":false},"featured_media":14554,"comment_status":"open","ping_status":"closed","template":"","meta":{"_acf_changed":false,"bwfblock_default_font":"","content-type":""},"brand":[],"product_brand":[],"product_cat":[160,149],"product_tag":[],"class_list":{"0":"post-14482","1":"product","2":"type-product","3":"status-publish","4":"has-post-thumbnail","6":"product_cat-vitamini-i-minerali-sl","7":"product_cat-zdravje-sl","9":"first","10":"outofstock","11":"taxable","12":"shipping-taxable","13":"purchasable","14":"product-type-simple"},"acf":[],"_links":{"self":[{"href":"https:\/\/zetanutrition.hr\/sl\/wp-json\/wp\/v2\/product\/14482","targetHints":{"allow":["GET"]}}],"collection":[{"href":"https:\/\/zetanutrition.hr\/sl\/wp-json\/wp\/v2\/product"}],"about":[{"href":"https:\/\/zetanutrition.hr\/sl\/wp-json\/wp\/v2\/types\/product"}],"replies":[{"embeddable":true,"href":"https:\/\/zetanutrition.hr\/sl\/wp-json\/wp\/v2\/comments?post=14482"}],"wp:featuredmedia":[{"embeddable":true,"href":"https:\/\/zetanutrition.hr\/sl\/wp-json\/wp\/v2\/media\/14554"}],"wp:attachment":[{"href":"https:\/\/zetanutrition.hr\/sl\/wp-json\/wp\/v2\/media?parent=14482"}],"wp:term":[{"taxonomy":"brand","embeddable":true,"href":"https:\/\/zetanutrition.hr\/sl\/wp-json\/wp\/v2\/brand?post=14482"},{"taxonomy":"product_brand","embeddable":true,"href":"https:\/\/zetanutrition.hr\/sl\/wp-json\/wp\/v2\/product_brand?post=14482"},{"taxonomy":"product_cat","embeddable":true,"href":"https:\/\/zetanutrition.hr\/sl\/wp-json\/wp\/v2\/product_cat?post=14482"},{"taxonomy":"product_tag","embeddable":true,"href":"https:\/\/zetanutrition.hr\/sl\/wp-json\/wp\/v2\/product_tag?post=14482"}],"curies":[{"name":"wp","href":"https:\/\/api.w.org\/{rel}","templated":true}]}}