{"id":14357,"date":"2025-10-28T11:50:00","date_gmt":"2025-10-28T11:50:00","guid":{"rendered":"https:\/\/zetanutrition.hr\/product\/zeta-whey-professional-2kg-zeta-kreatin-monohidrat-500g\/"},"modified":"2025-10-28T12:00:40","modified_gmt":"2025-10-28T12:00:40","slug":"zeta-whey-professional-2kg-zeta-kreatin-monohidrat-500g","status":"publish","type":"product","link":"https:\/\/zetanutrition.hr\/sl\/izdelek\/zeta-whey-professional-2kg-zeta-kreatin-monohidrat-500g\/","title":{"rendered":"ZETA WHEY PROFESSIONAL 2KG + ZETA KREATIN MONOHIDRAT 500g"},"content":{"rendered":"<h3 data-start=\"1784\" data-end=\"1865\">\ud83c\udfcb\ufe0f\u200d\u2642\ufe0f ZETA 1+1 KOMBO: 100% Whey Professional 2 kg + Kreatin Monohidrat 500 g<\/h3>\n<p data-start=\"1867\" data-end=\"2120\">Okrepi svoj trening in regeneracijo z zmogljivo <strong data-start=\"1915\" data-end=\"1939\">ZETA 1+1 kombinacijo<\/strong>!<br data-start=\"1940\" data-end=\"1943\" \/>V tem paketu prejme\u0161 <strong data-start=\"1964\" data-end=\"1995\">100% Whey Professional 2 kg<\/strong> in <strong data-start=\"1999\" data-end=\"2027\">Kreatin Monohidrat 500 g<\/strong> \u2013 dva vrhunska dodatka, ki skupaj tvorita popolno osnovo za rast mi\u0161ic, mo\u010d in vzdr\u017eljivost.<\/p>\n<p data-start=\"2122\" data-end=\"2470\">\u2705 <strong data-start=\"2124\" data-end=\"2150\">100% Whey Professional<\/strong> vsebuje neverjetnih <strong data-start=\"2171\" data-end=\"2201\">30 g beljakovin na porcijo<\/strong>, pridobljenih iz visokokakovostnega koncentrata sirotke.<br data-start=\"2258\" data-end=\"2261\" \/>Odli\u010dno se raztaplja, je lahko prebavljiv in na voljo v okusih, kot so <strong data-start=\"2332\" data-end=\"2351\">Dvojna \u010dokolada<\/strong>, <strong data-start=\"2353\" data-end=\"2365\">Vanilija<\/strong> in <strong data-start=\"2369\" data-end=\"2390\">White Choco Bueno<\/strong>.<br data-start=\"2391\" data-end=\"2394\" \/>Podpira hitrej\u0161o regeneracijo po vadbi ter spodbuja rast \u010diste mi\u0161i\u010dne mase.<\/p>\n<p data-start=\"2472\" data-end=\"2749\">\u2705 <strong data-start=\"2474\" data-end=\"2501\">ZETA Kreatin Monohidrat<\/strong> je 100% \u010disti, mikronizirani kreatin brez dodanih arom, barvil ali polnil.<br data-start=\"2576\" data-end=\"2579\" \/>Pove\u010duje mo\u010d, eksplozivnost in volumen mi\u0161ic \u2013 popoln dodatek za intenzivne treninge.<br data-start=\"2664\" data-end=\"2667\" \/>Skupaj tvorita idealen \u201cpost-workout\u201d duo, ki prina\u0161a resni\u010dne in vidne rezultate.<\/p>\n<p data-start=\"2751\" data-end=\"2917\">Brez nepotrebnih dodatkov \u2013 le \u010dista kakovost in maksimalna u\u010dinkovitost.<br data-start=\"2824\" data-end=\"2827\" \/><strong data-start=\"2827\" data-end=\"2917\">Treniraj pametneje. Okrepi se hitreje. Napreduj z ZETA kombinacijo mo\u010di in beljakovin.<\/strong><\/p>\n\n    <div class=\"xs_social_share_widget xs_share_url after_content \t\tmain_content  wslu-style-1 wslu-share-box-shaped wslu-fill-colored wslu-none wslu-share-horizontal wslu-theme-font-no wslu-main_content\">\n\n\t\t\n        <ul>\n\t\t\t        <\/ul>\n    <\/div> \n","protected":false},"excerpt":{"rendered":"<p>\ud83c\udfcb\ufe0f\u200d\u2642\ufe0f ZETA 1+1 KOMBO: 100% Whey Professional 2 kg + Kreatin Monohidrat 500 g Okrepi svoj trening in regeneracijo z zmogljivo ZETA 1+1 kombinacijo!V tem paketu prejme\u0161 100% Whey Professional 2 kg in Kreatin Monohidrat 500 g \u2013 dva vrhunska dodatka, ki skupaj tvorita popolno osnovo za rast mi\u0161ic, mo\u010d in vzdr\u017eljivost. \u2705 100% Whey [&hellip;]<\/p>\n","protected":false},"featured_media":14347,"comment_status":"open","ping_status":"closed","template":"","meta":{"_acf_changed":false,"bwfblock_default_font":"","content-type":""},"brand":[206],"product_brand":[],"product_cat":[158,139,143,134,724],"product_tag":[],"class_list":{"0":"post-14357","1":"product","2":"type-product","3":"status-publish","4":"has-post-thumbnail","6":"brand-zeta-nutrition","7":"product_cat-akcija-sl","8":"product_cat-beljakovine-sl","9":"product_cat-kreatin-sl","10":"product_cat-sportna-prehrana-sl","11":"product_cat-whey-protein-sl","13":"first","14":"outofstock","15":"taxable","16":"shipping-taxable","17":"purchasable","18":"product-type-variable"},"acf":[],"_links":{"self":[{"href":"https:\/\/zetanutrition.hr\/sl\/wp-json\/wp\/v2\/product\/14357","targetHints":{"allow":["GET"]}}],"collection":[{"href":"https:\/\/zetanutrition.hr\/sl\/wp-json\/wp\/v2\/product"}],"about":[{"href":"https:\/\/zetanutrition.hr\/sl\/wp-json\/wp\/v2\/types\/product"}],"replies":[{"embeddable":true,"href":"https:\/\/zetanutrition.hr\/sl\/wp-json\/wp\/v2\/comments?post=14357"}],"wp:featuredmedia":[{"embeddable":true,"href":"https:\/\/zetanutrition.hr\/sl\/wp-json\/wp\/v2\/media\/14347"}],"wp:attachment":[{"href":"https:\/\/zetanutrition.hr\/sl\/wp-json\/wp\/v2\/media?parent=14357"}],"wp:term":[{"taxonomy":"brand","embeddable":true,"href":"https:\/\/zetanutrition.hr\/sl\/wp-json\/wp\/v2\/brand?post=14357"},{"taxonomy":"product_brand","embeddable":true,"href":"https:\/\/zetanutrition.hr\/sl\/wp-json\/wp\/v2\/product_brand?post=14357"},{"taxonomy":"product_cat","embeddable":true,"href":"https:\/\/zetanutrition.hr\/sl\/wp-json\/wp\/v2\/product_cat?post=14357"},{"taxonomy":"product_tag","embeddable":true,"href":"https:\/\/zetanutrition.hr\/sl\/wp-json\/wp\/v2\/product_tag?post=14357"}],"curies":[{"name":"wp","href":"https:\/\/api.w.org\/{rel}","templated":true}]}}