{"id":14331,"date":"2025-10-24T10:52:40","date_gmt":"2025-10-24T10:52:40","guid":{"rendered":"https:\/\/zetanutrition.hr\/product\/zeta-100-kreatin-monohidrat-500g\/"},"modified":"2025-10-24T11:10:37","modified_gmt":"2025-10-24T11:10:37","slug":"zeta-100-kreatin-monohidrat-500g","status":"publish","type":"product","link":"https:\/\/zetanutrition.hr\/sl\/izdelek\/zeta-100-kreatin-monohidrat-500g\/","title":{"rendered":"ZETA 100% Kreatin monohidrat 500g"},"content":{"rendered":"<p>ZETA kreatin monohidrat \u2013 100 % \u010disti kreatin, brez kompromisov<\/p>\n<p>Na\u0161 ZETA kreatin monohidrat vsebuje samo naj\u010distej\u0161i mikroniziran kreatin monohidrat \u2013 brez arom, polnil ali dodatkov. Zasnovan je za maksimalno zmogljivost, pove\u010dano mo\u010d in eksplozivnost med vsako vadbo.<\/p>\n<p>Prednosti izdelka:<\/p>\n<p>100 % \u010disti kreatin monohidrat (kakovost Creapure)<\/p>\n<p>Pove\u010da mo\u010d, vzdr\u017eljivost in mi\u0161i\u010dni volumen<\/p>\n<p>Brez okusa \u2013 idealen za me\u0161anje z beljakovinskimi napitki ali sokom<\/p>\n<p>Topljiva mikronizirana formula \u2013 brez grudic in brez prebavnih motenj<\/p>\n<p>Laboratorijsko preizku\u0161eno za \u010distost in varnost<\/p>\n<p>Zakaj uporabljati ZETA kreatin<\/p>\n<p>Kreatin je eno najbolj raziskanih in u\u010dinkovitih prehranskih dopolnil za \u0161portnike. Dokazano:<\/p>\n<p>pove\u010duje mo\u010d in eksplozivnost,<\/p>\n<p>pospe\u0161uje okrevanje mi\u0161ic,<\/p>\n<p>spodbuja rast puste mi\u0161i\u010dne mase.<\/p>\n<p>Redno u\u017eivanje kreatina pove\u010da zalogo fosfokreatina v mi\u0161icah, kar omogo\u010da bolj\u0161o zmogljivost pri kratkotrajnih, intenzivnih aktivnostih, kot so dvigovanje ute\u017ei, sprint in HIIT trening.<\/p>\n<p>Navodila<\/p>\n<p>1 ravno merico (5 g) zme\u0161ajte z vodo, sokom ali beljakovinskim napitkom.<\/p>\n<p>Faza nalaganja (neobvezno): 20 g na dan (4 x 5 g) 5 dni<\/p>\n<p>Vzdr\u017eevalna faza: 3\u20135 g na dan<\/p>\n<p>Vzemite vsak dan, ne glede na dan treninga.<\/p>\n\n    <div class=\"xs_social_share_widget xs_share_url after_content \t\tmain_content  wslu-style-1 wslu-share-box-shaped wslu-fill-colored wslu-none wslu-share-horizontal wslu-theme-font-no wslu-main_content\">\n\n\t\t\n        <ul>\n\t\t\t        <\/ul>\n    <\/div> \n","protected":false},"excerpt":{"rendered":"<p>ZETA kreatin monohidrat \u2013 100 % \u010disti kreatin, brez kompromisov Na\u0161 ZETA kreatin monohidrat vsebuje samo naj\u010distej\u0161i mikroniziran kreatin monohidrat \u2013 brez arom, polnil ali dodatkov. Zasnovan je za maksimalno zmogljivost, pove\u010dano mo\u010d in eksplozivnost med vsako vadbo. Prednosti izdelka: 100 % \u010disti kreatin monohidrat (kakovost Creapure) Pove\u010da mo\u010d, vzdr\u017eljivost in mi\u0161i\u010dni volumen Brez okusa [&hellip;]<\/p>\n","protected":false},"featured_media":14853,"comment_status":"open","ping_status":"closed","template":"","meta":{"_acf_changed":false,"bwfblock_default_font":"","content-type":""},"brand":[],"product_brand":[],"product_cat":[158,143,134],"product_tag":[],"class_list":{"0":"post-14331","1":"product","2":"type-product","3":"status-publish","4":"has-post-thumbnail","6":"product_cat-akcija-sl","7":"product_cat-kreatin-sl","8":"product_cat-sportna-prehrana-sl","10":"first","11":"instock","12":"sale","13":"taxable","14":"shipping-taxable","15":"purchasable","16":"product-type-simple"},"acf":[],"_links":{"self":[{"href":"https:\/\/zetanutrition.hr\/sl\/wp-json\/wp\/v2\/product\/14331","targetHints":{"allow":["GET"]}}],"collection":[{"href":"https:\/\/zetanutrition.hr\/sl\/wp-json\/wp\/v2\/product"}],"about":[{"href":"https:\/\/zetanutrition.hr\/sl\/wp-json\/wp\/v2\/types\/product"}],"replies":[{"embeddable":true,"href":"https:\/\/zetanutrition.hr\/sl\/wp-json\/wp\/v2\/comments?post=14331"}],"wp:featuredmedia":[{"embeddable":true,"href":"https:\/\/zetanutrition.hr\/sl\/wp-json\/wp\/v2\/media\/14853"}],"wp:attachment":[{"href":"https:\/\/zetanutrition.hr\/sl\/wp-json\/wp\/v2\/media?parent=14331"}],"wp:term":[{"taxonomy":"brand","embeddable":true,"href":"https:\/\/zetanutrition.hr\/sl\/wp-json\/wp\/v2\/brand?post=14331"},{"taxonomy":"product_brand","embeddable":true,"href":"https:\/\/zetanutrition.hr\/sl\/wp-json\/wp\/v2\/product_brand?post=14331"},{"taxonomy":"product_cat","embeddable":true,"href":"https:\/\/zetanutrition.hr\/sl\/wp-json\/wp\/v2\/product_cat?post=14331"},{"taxonomy":"product_tag","embeddable":true,"href":"https:\/\/zetanutrition.hr\/sl\/wp-json\/wp\/v2\/product_tag?post=14331"}],"curies":[{"name":"wp","href":"https:\/\/api.w.org\/{rel}","templated":true}]}}