{"id":14035,"date":"2025-08-08T10:22:53","date_gmt":"2025-08-08T10:22:53","guid":{"rendered":"https:\/\/zetanutrition.hr\/product\/zeta-pro-mjerica\/"},"modified":"2025-08-08T10:36:09","modified_gmt":"2025-08-08T10:36:09","slug":"zeta-pro-mjerica","status":"publish","type":"product","link":"https:\/\/zetanutrition.hr\/sl\/izdelek\/zeta-pro-mjerica\/","title":{"rendered":"Zeta Pro Merica"},"content":{"rendered":"<p data-start=\"96\" data-end=\"155\"><strong data-start=\"96\" data-end=\"153\">Zeta Pro Merica \u2013 Natan\u010dno odmerjanje brez razsipanja<\/strong><\/p>\n<p data-start=\"157\" data-end=\"448\">Pozabite na nered v kuhinji in fitnesu!<br data-start=\"196\" data-end=\"199\" \/><strong data-start=\"199\" data-end=\"218\">Zeta Pro Merica<\/strong> je zasnovana z dolgo, ergonomsko oblikovano ro\u010dico, ki omogo\u010da enostavno in natan\u010dno doziranje kreatina, beljakovin, pre-workouta in drugih pra\u0161kastih dodatkov \u2013 <strong data-start=\"381\" data-end=\"417\">direktno v shaker ali steklenico<\/strong> brez da razsujete niti gram.<\/p>\n<p data-start=\"450\" data-end=\"847\">\u2714 <strong data-start=\"452\" data-end=\"477\">Ergonomska in trpe\u017ena<\/strong> \u2013 izdelana iz kakovostne, \u010dvrste plastike za dolgotrajno uporabo.<br data-start=\"543\" data-end=\"546\" \/>\u2714 <strong data-start=\"548\" data-end=\"564\">Dolga ro\u010dica<\/strong> \u2013 enostavno dose\u017ee dno vsake posode ali kantice.<br data-start=\"613\" data-end=\"616\" \/>\u2714 <strong data-start=\"618\" data-end=\"637\">Brez razsipanja<\/strong> \u2013 natan\u010dna oblika \u017elice za \u010disto doziranje.<br data-start=\"681\" data-end=\"684\" \/>\u2714 <strong data-start=\"686\" data-end=\"709\">Univerzalna uporaba<\/strong> \u2013 za vse pra\u0161kaste dodatke in kuhinjske potrebe.<br data-start=\"758\" data-end=\"761\" \/>\u2714 <strong data-start=\"763\" data-end=\"781\">Premium dizajn<\/strong> \u2013 elegantna \u010drna barva z ekskluzivnim Zeta Nutrition logotipom.<\/p>\n<p data-start=\"849\" data-end=\"954\">\ud83d\udca1 <strong data-start=\"852\" data-end=\"871\">Popolna re\u0161itev<\/strong> za vsakega ljubitelja fitnesa, ki ceni urejenost, natan\u010dnost in kakovost opreme.<\/p>\n\n    <div class=\"xs_social_share_widget xs_share_url after_content \t\tmain_content  wslu-style-1 wslu-share-box-shaped wslu-fill-colored wslu-none wslu-share-horizontal wslu-theme-font-no wslu-main_content\">\n\n\t\t\n        <ul>\n\t\t\t        <\/ul>\n    <\/div> \n","protected":false},"excerpt":{"rendered":"<p>Zeta Pro Merica \u2013 Natan\u010dno odmerjanje brez razsipanja Pozabite na nered v kuhinji in fitnesu!Zeta Pro Merica je zasnovana z dolgo, ergonomsko oblikovano ro\u010dico, ki omogo\u010da enostavno in natan\u010dno doziranje kreatina, beljakovin, pre-workouta in drugih pra\u0161kastih dodatkov \u2013 direktno v shaker ali steklenico brez da razsujete niti gram. \u2714 Ergonomska in trpe\u017ena \u2013 izdelana iz [&hellip;]<\/p>\n","protected":false},"featured_media":14033,"comment_status":"open","ping_status":"closed","template":"","meta":{"_acf_changed":false,"bwfblock_default_font":"","content-type":""},"brand":[],"product_brand":[],"product_cat":[158,156],"product_tag":[],"class_list":{"0":"post-14035","1":"product","2":"type-product","3":"status-publish","4":"has-post-thumbnail","6":"product_cat-akcija-sl","7":"product_cat-sportna-oprema-in-oblacila-sl","9":"first","10":"instock","11":"sale","12":"purchasable","13":"product-type-simple"},"acf":[],"_links":{"self":[{"href":"https:\/\/zetanutrition.hr\/sl\/wp-json\/wp\/v2\/product\/14035","targetHints":{"allow":["GET"]}}],"collection":[{"href":"https:\/\/zetanutrition.hr\/sl\/wp-json\/wp\/v2\/product"}],"about":[{"href":"https:\/\/zetanutrition.hr\/sl\/wp-json\/wp\/v2\/types\/product"}],"replies":[{"embeddable":true,"href":"https:\/\/zetanutrition.hr\/sl\/wp-json\/wp\/v2\/comments?post=14035"}],"wp:featuredmedia":[{"embeddable":true,"href":"https:\/\/zetanutrition.hr\/sl\/wp-json\/wp\/v2\/media\/14033"}],"wp:attachment":[{"href":"https:\/\/zetanutrition.hr\/sl\/wp-json\/wp\/v2\/media?parent=14035"}],"wp:term":[{"taxonomy":"brand","embeddable":true,"href":"https:\/\/zetanutrition.hr\/sl\/wp-json\/wp\/v2\/brand?post=14035"},{"taxonomy":"product_brand","embeddable":true,"href":"https:\/\/zetanutrition.hr\/sl\/wp-json\/wp\/v2\/product_brand?post=14035"},{"taxonomy":"product_cat","embeddable":true,"href":"https:\/\/zetanutrition.hr\/sl\/wp-json\/wp\/v2\/product_cat?post=14035"},{"taxonomy":"product_tag","embeddable":true,"href":"https:\/\/zetanutrition.hr\/sl\/wp-json\/wp\/v2\/product_tag?post=14035"}],"curies":[{"name":"wp","href":"https:\/\/api.w.org\/{rel}","templated":true}]}}