{"id":13683,"date":"2025-06-18T10:01:00","date_gmt":"2025-06-18T10:01:00","guid":{"rendered":"https:\/\/zetanutrition.hr\/product\/alfa-lipoicna-kiselina-60-kapsula\/"},"modified":"2025-06-18T10:46:56","modified_gmt":"2025-06-18T10:46:56","slug":"alfa-lipoicna-kiselina-60-kapsula","status":"publish","type":"product","link":"https:\/\/zetanutrition.hr\/sl\/izdelek\/alfa-lipoicna-kiselina-60-kapsula\/","title":{"rendered":"Alfa lipoi\u010dna kislina 60 kapsul"},"content":{"rendered":"<p>Tablete Zumub alfa lipoi\u010dne kisline vsebujejo spojino z mo\u010dnim antioksidativnim potencialom. Ta element je pravzaprav \u00bbdoma\u010din\u00ab \u010dlove\u0161kemu telesu in ga lahko zau\u017eijemo tudi z u\u017eivanjem mesa.<\/p>\n<p>Zumub alfa lipoi\u010dna kislina lahko<br \/>\nOkrepi u\u010dinke vitaminov C in E \u2013 splo\u0161no priznanih antioksidantov, ki \u0161\u010ditijo celice pred staranjem in \u0161kodljivimi prostimi radikali.<br \/>\nPrepre\u010di razgradnjo vitaminov C in E, zaradi \u010desar so u\u010dinkovitej\u0161i.<br \/>\nPozitivno vpliva na presnovo celic, pove\u010duje njihovo raven proizvodnje energije in potencial regeneracije.<br \/>\nTablete Zumub alfa lipoi\u010dne kisline zagotavljajo antioksidativne lastnosti in lahko izbolj\u0161ajo va\u0161e splo\u0161no po\u010dutje.<\/p>\n<p>Opozorilo: Ta izdelek ni namenjen diagnosticiranju, zdravljenju, prepre\u010devanju ali ozdravitvi katere koli bolezni. Rezultati se lahko razlikujejo od osebe do osebe, odvisno od \u0161tevilnih dejavnikov, vklju\u010dno s spolom in starostjo.<\/p>\n\n    <div class=\"xs_social_share_widget xs_share_url after_content \t\tmain_content  wslu-style-1 wslu-share-box-shaped wslu-fill-colored wslu-none wslu-share-horizontal wslu-theme-font-no wslu-main_content\">\n\n\t\t\n        <ul>\n\t\t\t        <\/ul>\n    <\/div> \n","protected":false},"excerpt":{"rendered":"<p>Tablete Zumub alfa lipoi\u010dne kisline vsebujejo spojino z mo\u010dnim antioksidativnim potencialom. Ta element je pravzaprav \u00bbdoma\u010din\u00ab \u010dlove\u0161kemu telesu in ga lahko zau\u017eijemo tudi z u\u017eivanjem mesa. Zumub alfa lipoi\u010dna kislina lahko Okrepi u\u010dinke vitaminov C in E \u2013 splo\u0161no priznanih antioksidantov, ki \u0161\u010ditijo celice pred staranjem in \u0161kodljivimi prostimi radikali. Prepre\u010di razgradnjo vitaminov C in [&hellip;]<\/p>\n","protected":false},"featured_media":13680,"comment_status":"open","ping_status":"closed","template":"","meta":{"_acf_changed":false,"bwfblock_default_font":"","content-type":""},"brand":[207],"product_brand":[],"product_cat":[158,160,149],"product_tag":[],"class_list":{"0":"post-13683","1":"product","2":"type-product","3":"status-publish","4":"has-post-thumbnail","6":"brand-zumub","7":"product_cat-akcija-sl","8":"product_cat-vitamini-i-minerali-sl","9":"product_cat-zdravje-sl","11":"first","12":"instock","13":"sale","14":"purchasable","15":"product-type-simple"},"acf":[],"_links":{"self":[{"href":"https:\/\/zetanutrition.hr\/sl\/wp-json\/wp\/v2\/product\/13683","targetHints":{"allow":["GET"]}}],"collection":[{"href":"https:\/\/zetanutrition.hr\/sl\/wp-json\/wp\/v2\/product"}],"about":[{"href":"https:\/\/zetanutrition.hr\/sl\/wp-json\/wp\/v2\/types\/product"}],"replies":[{"embeddable":true,"href":"https:\/\/zetanutrition.hr\/sl\/wp-json\/wp\/v2\/comments?post=13683"}],"wp:featuredmedia":[{"embeddable":true,"href":"https:\/\/zetanutrition.hr\/sl\/wp-json\/wp\/v2\/media\/13680"}],"wp:attachment":[{"href":"https:\/\/zetanutrition.hr\/sl\/wp-json\/wp\/v2\/media?parent=13683"}],"wp:term":[{"taxonomy":"brand","embeddable":true,"href":"https:\/\/zetanutrition.hr\/sl\/wp-json\/wp\/v2\/brand?post=13683"},{"taxonomy":"product_brand","embeddable":true,"href":"https:\/\/zetanutrition.hr\/sl\/wp-json\/wp\/v2\/product_brand?post=13683"},{"taxonomy":"product_cat","embeddable":true,"href":"https:\/\/zetanutrition.hr\/sl\/wp-json\/wp\/v2\/product_cat?post=13683"},{"taxonomy":"product_tag","embeddable":true,"href":"https:\/\/zetanutrition.hr\/sl\/wp-json\/wp\/v2\/product_tag?post=13683"}],"curies":[{"name":"wp","href":"https:\/\/api.w.org\/{rel}","templated":true}]}}