{"id":13595,"date":"2025-06-10T19:16:32","date_gmt":"2025-06-10T19:16:32","guid":{"rendered":"https:\/\/zetanutrition.hr\/product\/novo-x7-testosteron-booster-60-kapsula\/"},"modified":"2025-06-10T19:19:25","modified_gmt":"2025-06-10T19:19:25","slug":"novo-x7-testosteron-booster-60-kapsula","status":"publish","type":"product","link":"https:\/\/zetanutrition.hr\/sl\/proizvod\/novo-x7-testosteron-booster-60-kapsula\/","title":{"rendered":"NEW-X7 BOOSTER TESTOSTERONA 60 KAPS"},"content":{"rendered":"<p>NOVO\u00a0\u00a0X7 \u2013\u00a0\u00a0Ob\u010dutite rezultate v svojih mi\u0161icah in dimljah<\/p>\n<p>Biti utrujen in hoditi v telovadnico brez ve\u010djega napredka, potem pa ve\u010ddnevno okrevanje je lahko frustriraju\u0107e. Tudi nizka raven testosterona je lahko zelo frustrirajo\u010da.<\/p>\n<p>Po\u010dakaj! Je povezava tukaj?<\/p>\n<p>Testosteron je eden klju\u010dnih hormonov, ki je odgovoren za \u0161tevilne funkcije v va\u0161em telesu.<\/p>\n<p>Pomaga pri izgradnji mi\u0161i\u010dne mase, pove\u010da mo\u010d in vzdr\u017eljivost, skraj\u0161a \u010das okrevanja po treningu in pospe\u0161i regeneracijo mi\u0161ic.<\/p>\n<p>Najpomembnej\u0161a stvar pri testosteronu je, da vam daje mo\u0161ke zna\u010dilnosti, ki jih potrebujete, da se dobro po\u010dutite.<\/p>\n<p>VSAK DAN OSTANITE MO\u010cNI, SAMOZAVESTNI IN MO\u017dI<\/p>\n<p>Testosteron je hormon, ki je nujen za napredek v katerem koli \u0161portu. Njegove najpomembnej\u0161e lastnosti so: \u017eelja, ve\u010d mi\u0161ic in hitro okrevanje po vadbi.<\/p>\n<p>Vendar je \u0161e ve\u010d.<\/p>\n<p>Ne govorimo o nenavadnih novih zdravilih, pripravljenih v laboratoriju. Revolucija je v tem, da je Genius Nutrition\u00ae zdru\u017eil 10 zeli\u0161\u010d in mineralov, ki vam pomagajo ponovno odkriti va\u0161o ljubezen do telovadnice.<\/p>\n<p>rezultat? Ve\u010d mi\u0161i\u010dne mase in manj utrujenosti.<\/p>\n<p>V samo eni tableti NOVO X7 vsebuje ve\u010d kot 800 mg zeli\u0161\u010dnih izvle\u010dkov in mineralov, ki se \u017ee tiso\u010dletja uporabljajo za pomo\u010d in spodbujanje naravne proizvodnje testosterona ter ohranjanje njegove stabilnosti.<\/p>\n<p>Aktivne sestavine vklju\u010dujejo visoke ravni saponinov iz Tribulusa, Fenugreek, Maca, Tongkat Ali in Ashwagandha v kombinaciji s cinkom, selenom in vitaminom D3, zahvaljujo\u010d katerim lahko kar najbolje izkoristite svoj trening.<\/p>\n<p>Nekateri bodo rekli, da spodbujevalci testosterona ne delujejo. Imajo prav, ker morate imeti natan\u010den odmerek in sestavine, ki se ujemajo, da boste ob\u010dutili rezultate.<\/p>\n<p>NOVO X7 je skrivni recept, ki je me\u0161an v to\u010dno dolo\u010denem razmerju, ne da bi poru\u0161il hormonsko ravnovesje.<\/p>\n<p>Genius Nutrition\u00ae je ustvaril prehransko dopolnilo, ki zdru\u017euje najbolj\u0161e, kar trenutno lahko ponudi znanost, brez iluzij in nerealnih obljub. NOVO X7 izbolj\u0161a fizi\u010dni in du\u0161evni odziv na stres, zahvaljujo\u010d podpori, ki jo zagotavljajo zeli\u0161\u010dni izvle\u010dki in dokazano prakti\u010dni aktivni elementi. Izbolj\u0161uje po\u010dutje in hormonsko ravnovesje, \u0161e posebej pri ljudeh, ki so izpostavljeni intenzivnemu stresu.<\/p>\n<p>Kot dolgoletni privr\u017eenci velike ajurvedske fitoterapevtske prakse smo a\u0161vagando vklju\u010dili kot klju\u010dni element.<\/p>\n<p>\u0160tudije so pokazale, da u\u017eivanje a\u0161vagande ob\u010dutno zni\u017ea raven kortizola, dejavnika, ki deluje antagonisti\u010dno na mo\u0161ke hormone, predvsem na presnovni ravni.<\/p>\n<p>Formula NOVO X7 vsebuje tudi triplat, \u0161e en fitoterapevtski element, ki lahko pove\u010da koncentracijo testosterona in ima podobne u\u010dinke, saj se ve\u017ee na iste receptorje in posnema njihove u\u010dinke.<\/p>\n<p>Priznavamo, da lahko genetski potencial vpliva na \u010drevesje, ne na roke in prsi. Toda spet lahko pomaga optimalna raven testosterona.<\/p>\n<p>Testosteron je velik plus za izgubo ma\u0161\u010dobe (v nasprotju s samo izgubo &#8220;te\u017ee&#8221;). Kot verjetno ugibate, je to \u0161e posebej pomembno za starej\u0161e mo\u0161ke, \u0161e vedno pa predstavlja te\u017eavo tridesetletnikom v telovadnici.<\/p>\n<p>Testosteron pomaga graditi mi\u0161ice, pove\u010duje ob\u010dutljivost za inzulin, ohranja zdravje presnove in zagotavlja vse druge bistvene koristi.<\/p>\n<p>Pove\u010da raven testosterona za ve\u010djo mo\u010d in vzdr\u017eljivost<\/p>\n<p>Skraj\u0161a \u010das okrevanja po vadbi za nebole\u010do regeneracijo mi\u0161ic<\/p>\n<p>Pospe\u0161uje izgradnjo mi\u0161ic s spodbujanjem proizvodnje androgenov<\/p>\n<p>Zagotavlja naraven na\u010din za pove\u010danje testosterona brez stranskih u\u010dinkov<\/p>\n<p>Super hitro delujo\u010da formula<\/p>\n<p>Kaj je noter?<\/p>\n<p>Synifera (izvle\u010dek a\u0161vagande, 7%) 210 mg &#8211; pove\u010da u\u010dinkovitost vadbe, mo\u010d in izgubo ma\u0161\u010dobe, hkrati pa pove\u010da raven testosterona<\/p>\n<p>Izvle\u010dek piskavice (40 % saponin Grunin, Trigonella foenum-graecum) 180 mg vsebuje protivnetne spojine, kot so flavonoidni antioksidanti.<\/p>\n<p>Izvle\u010dek Tribulusa (90 % saponinov, 20 % protodioscina) 180 mg\u00a0spodbuja znatno pove\u010danje mo\u010di in mi\u0161i\u010dne mase v 5-28 dneh<\/p>\n<p>Izvle\u010dek matse (4:1) 160 mg\u00a0pomaga vzpostaviti in vzdr\u017eevati hormonsko ravnovesje ter neguje celoten endokrini sistem, vklju\u010dno s \u0161\u010ditnico. Zato pozitivno vpliva na odpravljanje kroni\u010dne utrujenosti in izbolj\u0161anje razpolo\u017eenja.<\/p>\n<p>Tongkat Ali (100:1) 120 mg lahko pove\u010da mi\u0161i\u010dno maso in mo\u010d, hkrati pa pospe\u0161i izgubo ma\u0161\u010dobe pri zdravih vaditeljih.<\/p>\n<p>Kopriva (200:1) 50 mg \u0160tudije na \u017eivalih ka\u017eejo, da lahko to mo\u010dno zeli\u0161\u010de prepre\u010di pretvorbo testosterona v dihidrotestosteron.<\/p>\n<p>Veinox (Epikatehin) 50 mg\u00a0pove\u010da proizvodnjo du\u0161ikovega oksida, mitohondrijsko biogenezo in u\u010dinkovitost med vadbo.<\/p>\n<p>Cinkov glukonat 5 mg u\u010dinkovito uravnava presnovo hormonov tudi po intenzivni telesni aktivnosti.<\/p>\n<p>Selen (natrijev selenat) 41,25uq ima klju\u010dno vlogo pri razvoju in vzdr\u017eevanju mi\u0161ic.<\/p>\n<p>Vitamin D3 10uq lahko pove\u010da raven testosterona, \u0161e posebej, \u010de vam primanjkuje vitamina D.<\/p>\n<p>Priporo\u010den dnevni odmerek: 1-2 kapsuli z velikim kozarcem vode.<\/p>\n<p>Opozorilo! Prehranska dopolnila so namenjena izklju\u010dno zdravim ljudem. Ne jemljite, \u010de ste nose\u010di ali dojite. Hraniti izven dosega otrok. To prehransko dopolnilo se ne sme uporabljati kot nadomestilo za raznoliko in uravnote\u017eeno prehrano. Ne prekora\u010dite priporo\u010denega dnevnega odmerka. Po mo\u017enosti porabite pred datumom, ki je naveden na embala\u017ei. Hraniti na hladnem in suhem mestu.<\/p>\n\n    <div class=\"xs_social_share_widget xs_share_url after_content \t\tmain_content  wslu-style-1 wslu-share-box-shaped wslu-fill-colored wslu-none wslu-share-horizontal wslu-theme-font-no wslu-main_content\">\n\n\t\t\n        <ul>\n\t\t\t        <\/ul>\n    <\/div> \n","protected":false},"excerpt":{"rendered":"<p>NOVO\u00a0\u00a0X7 \u2013\u00a0\u00a0Ob\u010dutite rezultate v svojih mi\u0161icah in dimljah Biti utrujen in hoditi v telovadnico brez ve\u010djega napredka, potem pa ve\u010ddnevno okrevanje je lahko frustriraju\u0107e. Tudi nizka raven testosterona je lahko zelo frustrirajo\u010da. Po\u010dakaj! Je povezava tukaj? Testosteron je eden klju\u010dnih hormonov, ki je odgovoren za \u0161tevilne funkcije v va\u0161em telesu. Pomaga pri izgradnji mi\u0161i\u010dne mase, [&hellip;]<\/p>\n","protected":false},"featured_media":13592,"comment_status":"open","ping_status":"closed","template":"","meta":{"_acf_changed":false,"bwfblock_default_font":"","content-type":""},"brand":[178],"product_brand":[],"product_cat":[158,151,134],"product_tag":[],"class_list":{"0":"post-13595","1":"product","2":"type-product","3":"status-publish","4":"has-post-thumbnail","6":"brand-genius-nutrition","7":"product_cat-akcija-sl","8":"product_cat-ojacevalci-hormonov-sl","9":"product_cat-sportna-prehrana-sl","11":"first","12":"outofstock","13":"sale","14":"purchasable","15":"product-type-simple"},"acf":[],"_links":{"self":[{"href":"https:\/\/zetanutrition.hr\/sl\/wp-json\/wp\/v2\/product\/13595","targetHints":{"allow":["GET"]}}],"collection":[{"href":"https:\/\/zetanutrition.hr\/sl\/wp-json\/wp\/v2\/product"}],"about":[{"href":"https:\/\/zetanutrition.hr\/sl\/wp-json\/wp\/v2\/types\/product"}],"replies":[{"embeddable":true,"href":"https:\/\/zetanutrition.hr\/sl\/wp-json\/wp\/v2\/comments?post=13595"}],"wp:featuredmedia":[{"embeddable":true,"href":"https:\/\/zetanutrition.hr\/sl\/wp-json\/wp\/v2\/media\/13592"}],"wp:attachment":[{"href":"https:\/\/zetanutrition.hr\/sl\/wp-json\/wp\/v2\/media?parent=13595"}],"wp:term":[{"taxonomy":"brand","embeddable":true,"href":"https:\/\/zetanutrition.hr\/sl\/wp-json\/wp\/v2\/brand?post=13595"},{"taxonomy":"product_brand","embeddable":true,"href":"https:\/\/zetanutrition.hr\/sl\/wp-json\/wp\/v2\/product_brand?post=13595"},{"taxonomy":"product_cat","embeddable":true,"href":"https:\/\/zetanutrition.hr\/sl\/wp-json\/wp\/v2\/product_cat?post=13595"},{"taxonomy":"product_tag","embeddable":true,"href":"https:\/\/zetanutrition.hr\/sl\/wp-json\/wp\/v2\/product_tag?post=13595"}],"curies":[{"name":"wp","href":"https:\/\/api.w.org\/{rel}","templated":true}]}}