{"id":13552,"date":"2025-06-08T13:59:11","date_gmt":"2025-06-08T13:59:11","guid":{"rendered":"https:\/\/zetanutrition.hr\/product\/oat-whey-1kg\/"},"modified":"2025-06-08T14:02:30","modified_gmt":"2025-06-08T14:02:30","slug":"oat-whey-1kg","status":"publish","type":"product","link":"https:\/\/zetanutrition.hr\/sl\/izdelek\/oat-whey-1kg\/","title":{"rendered":"OAT &#038; WHEY 1KG"},"content":{"rendered":"<p>Zumub Oats &amp; Whey &#8230; ko se oves in sirotka zdru\u017eita, da obogatita va\u0161 dan!<\/p>\n<p>Zumub Oat &amp; Whey je vrhunski vsestranski pripravek, ki omogo\u010da la\u017eje in bolj priro\u010dno u\u017eivanje pravih koli\u010din bistvenih makro in mikrohranil za podporo va\u0161emu fizi\u010dno aktivnemu \u017eivljenjskemu slogu.<\/p>\n<p>Zumub Oat &amp; Whey vsebuje dve spojini<br \/>\nOves \u2013 to \u017eito je splo\u0161no znano kot bogat vir vitaminov in mineralov, kot so mangan, fosfor, kalcij, \u017eelezo, selen, magnezij, cink in vitamini skupine B. Zagotavlja tudi znatne koli\u010dine beljakovin in daje ob\u010dutek sitosti zaradi impresivne koncentracije prehranskih vlaknin.<br \/>\nKoncentrat sirotkinih beljakovin je verjetno eden najbolj\u0161ih virov beljakovin na trgu, saj ima vse, kar je potrebno za zagotavljanje koristi, povezanih z beljakovinami \u2013 je visoko biolo\u0161ko razpolo\u017eljiv, prijeten za \u017eelodec in vsebuje celotno paleto aminokislin, zaradi \u010desar je popolna beljakovina.<br \/>\nZumub oves in sirotka &#8211; dobrota, udobje in svoboda<br \/>\nVrhunska prehrana in energija &#8211; kombinacija ovsa in koncentrata sirotkinih beljakovin je ravno prava podpora za ves dan.<br \/>\nHitro in priro\u010dno &#8211; samo zme\u0161ajte z vodo ali va\u0161o najljub\u0161o pija\u010do in u\u017eivajte kot nadomestek obroka.<br \/>\nRazli\u010dni na\u010dini uporabe &#8211; postrezite ga kot nadev, specite pala\u010dinke ali ga pripravite kot alternativo obi\u010dajni moki.<\/p>\n<p>Kupite Zumub Oats &amp; Whey in izkusite, da je zdravo \u017eivljenje lahko okusno in enostavno.<\/p>\n<p>Zavrnitev odgovornosti: Ta izdelek ni namenjen diagnosticiranju, zdravljenju ali prepre\u010devanju katere koli bolezni. Rezultati se lahko razlikujejo od osebe do osebe, odvisno od \u0161tevilnih dejavnikov, vklju\u010dno s spolom in starostjo.<\/p>\n\n    <div class=\"xs_social_share_widget xs_share_url after_content \t\tmain_content  wslu-style-1 wslu-share-box-shaped wslu-fill-colored wslu-none wslu-share-horizontal wslu-theme-font-no wslu-main_content\">\n\n\t\t\n        <ul>\n\t\t\t        <\/ul>\n    <\/div> \n","protected":false},"excerpt":{"rendered":"<p>Zumub Oats &amp; Whey &#8230; ko se oves in sirotka zdru\u017eita, da obogatita va\u0161 dan! Zumub Oat &amp; Whey je vrhunski vsestranski pripravek, ki omogo\u010da la\u017eje in bolj priro\u010dno u\u017eivanje pravih koli\u010din bistvenih makro in mikrohranil za podporo va\u0161emu fizi\u010dno aktivnemu \u017eivljenjskemu slogu. Zumub Oat &amp; Whey vsebuje dve spojini Oves \u2013 to \u017eito je [&hellip;]<\/p>\n","protected":false},"featured_media":13548,"comment_status":"open","ping_status":"closed","template":"","meta":{"_acf_changed":false,"bwfblock_default_font":"","content-type":""},"brand":[207],"product_brand":[],"product_cat":[158,139,153,162,134,724,149],"product_tag":[],"class_list":{"0":"post-13552","1":"product","2":"type-product","3":"status-publish","4":"has-post-thumbnail","6":"brand-zumub","7":"product_cat-akcija-sl","8":"product_cat-beljakovine-sl","9":"product_cat-povecanje-teze-in-pridobivanje-teze-sl","10":"product_cat-sladki-koticek-sl","11":"product_cat-sportna-prehrana-sl","12":"product_cat-whey-protein-sl","13":"product_cat-zdravje-sl","15":"first","16":"outofstock","17":"sale","18":"taxable","19":"shipping-taxable","20":"purchasable","21":"product-type-variable"},"acf":[],"_links":{"self":[{"href":"https:\/\/zetanutrition.hr\/sl\/wp-json\/wp\/v2\/product\/13552","targetHints":{"allow":["GET"]}}],"collection":[{"href":"https:\/\/zetanutrition.hr\/sl\/wp-json\/wp\/v2\/product"}],"about":[{"href":"https:\/\/zetanutrition.hr\/sl\/wp-json\/wp\/v2\/types\/product"}],"replies":[{"embeddable":true,"href":"https:\/\/zetanutrition.hr\/sl\/wp-json\/wp\/v2\/comments?post=13552"}],"wp:featuredmedia":[{"embeddable":true,"href":"https:\/\/zetanutrition.hr\/sl\/wp-json\/wp\/v2\/media\/13548"}],"wp:attachment":[{"href":"https:\/\/zetanutrition.hr\/sl\/wp-json\/wp\/v2\/media?parent=13552"}],"wp:term":[{"taxonomy":"brand","embeddable":true,"href":"https:\/\/zetanutrition.hr\/sl\/wp-json\/wp\/v2\/brand?post=13552"},{"taxonomy":"product_brand","embeddable":true,"href":"https:\/\/zetanutrition.hr\/sl\/wp-json\/wp\/v2\/product_brand?post=13552"},{"taxonomy":"product_cat","embeddable":true,"href":"https:\/\/zetanutrition.hr\/sl\/wp-json\/wp\/v2\/product_cat?post=13552"},{"taxonomy":"product_tag","embeddable":true,"href":"https:\/\/zetanutrition.hr\/sl\/wp-json\/wp\/v2\/product_tag?post=13552"}],"curies":[{"name":"wp","href":"https:\/\/api.w.org\/{rel}","templated":true}]}}