{"id":13537,"date":"2025-06-08T13:49:44","date_gmt":"2025-06-08T13:49:44","guid":{"rendered":"https:\/\/zetanutrition.hr\/product\/hidrolizirani-kolagen-300g\/"},"modified":"2025-06-08T13:55:07","modified_gmt":"2025-06-08T13:55:07","slug":"hidrolizirani-kolagen-300g","status":"publish","type":"product","link":"https:\/\/zetanutrition.hr\/sl\/izdelek\/hidrolizirani-kolagen-300g\/","title":{"rendered":"HIDROLIZIRANI KOLAGEN 300g"},"content":{"rendered":"<p>Zumub hidroliziran kolagen v prahu je visoko kakovostno prehransko dopolnilo z odli\u010dno biolo\u0161ko uporabnostjo, namenjeno spodbujanju zdravja kosti, sklepov in hrustanca ter ohranjanju lepote ko\u017ee, las in nohtov.<\/p>\n<p>Kaj je kolagen in zakaj ga jemati kot prehransko dopolnilo?<\/p>\n<p>Kolagen je ena najpogostej\u0161ih beljakovin v \u010dlove\u0161kem telesu in predstavlja \u2153 vseh beljakovin. Je izjemno pomemben za celovitost kosti in vezivnega tkiva, prisoten je tudi v mazalni teko\u010dini okoli sklepov in je odgovoren za pro\u017enost ko\u017ee, mo\u010dne nohte in zdrave lase.<\/p>\n<p>\u010ceprav telo naravno sintetizira kolagen, se njegova proizvodnja z leti zmanj\u0161a, kar lahko privede do nelagodja med gibanjem, pove\u0161ene ko\u017ee, gub in drugih s tem povezanih te\u017eav.<\/p>\n<p>Zato je kakovostno dopolnjevanje u\u010dinkovit in prakti\u010den na\u010din za prepre\u010devanje povezanih te\u017eav in u\u017eivanje v \u017eivljenju, polnem lepote in vitalnosti.<\/p>\n<p>Zumub hidroliziran kolagen v prahu<br \/>\nHidroliziran kolagen &#8211; visoko biolo\u0161ko uporabna oblika za maksimalno absorpcijo;<\/p>\n<p>Okrepljen s 100 % priporo\u010denega dnevnega vnosa vitamina C kot antioksidanta;<br \/>\nOkrepljen z magnezijem za ve\u010d energije in podporo kostem;<br \/>\nBrez dodanega sladkorja<br \/>\nNaravna barva<\/p>\n<p>Vklju\u010ditev Zumub kolagena v prahu v va\u0161o dnevno rutino je povsem preprosta. Samo eno porcijo raztopite v kozarcu vode in popijte kot prijeten osve\u017eilni napitek \u2013 hitro, okusno in takooooo dobro.<\/p>\n<p>Zavrnitev odgovornosti: Ta izdelek ni namenjen diagnosticiranju, zdravljenju ali prepre\u010devanju katere koli bolezni. Rezultati se lahko razlikujejo od osebe do osebe, odvisno od \u0161tevilnih dejavnikov, vklju\u010dno s spolom in starostjo.<\/p>\n\n    <div class=\"xs_social_share_widget xs_share_url after_content \t\tmain_content  wslu-style-1 wslu-share-box-shaped wslu-fill-colored wslu-none wslu-share-horizontal wslu-theme-font-no wslu-main_content\">\n\n\t\t\n        <ul>\n\t\t\t        <\/ul>\n    <\/div> \n","protected":false},"excerpt":{"rendered":"<p>Zumub hidroliziran kolagen v prahu je visoko kakovostno prehransko dopolnilo z odli\u010dno biolo\u0161ko uporabnostjo, namenjeno spodbujanju zdravja kosti, sklepov in hrustanca ter ohranjanju lepote ko\u017ee, las in nohtov. Kaj je kolagen in zakaj ga jemati kot prehransko dopolnilo? Kolagen je ena najpogostej\u0161ih beljakovin v \u010dlove\u0161kem telesu in predstavlja \u2153 vseh beljakovin. Je izjemno pomemben za [&hellip;]<\/p>\n","protected":false},"featured_media":13533,"comment_status":"open","ping_status":"closed","template":"","meta":{"_acf_changed":false,"bwfblock_default_font":"","content-type":""},"brand":[207],"product_brand":[],"product_cat":[672,160,149],"product_tag":[],"class_list":{"0":"post-13537","1":"product","2":"type-product","3":"status-publish","4":"has-post-thumbnail","6":"brand-zumub","7":"product_cat-lepoto-in-nego","8":"product_cat-vitamini-i-minerali-sl","9":"product_cat-zdravje-sl","11":"first","12":"outofstock","13":"sale","14":"taxable","15":"shipping-taxable","16":"purchasable","17":"product-type-variable"},"acf":[],"_links":{"self":[{"href":"https:\/\/zetanutrition.hr\/sl\/wp-json\/wp\/v2\/product\/13537","targetHints":{"allow":["GET"]}}],"collection":[{"href":"https:\/\/zetanutrition.hr\/sl\/wp-json\/wp\/v2\/product"}],"about":[{"href":"https:\/\/zetanutrition.hr\/sl\/wp-json\/wp\/v2\/types\/product"}],"replies":[{"embeddable":true,"href":"https:\/\/zetanutrition.hr\/sl\/wp-json\/wp\/v2\/comments?post=13537"}],"wp:featuredmedia":[{"embeddable":true,"href":"https:\/\/zetanutrition.hr\/sl\/wp-json\/wp\/v2\/media\/13533"}],"wp:attachment":[{"href":"https:\/\/zetanutrition.hr\/sl\/wp-json\/wp\/v2\/media?parent=13537"}],"wp:term":[{"taxonomy":"brand","embeddable":true,"href":"https:\/\/zetanutrition.hr\/sl\/wp-json\/wp\/v2\/brand?post=13537"},{"taxonomy":"product_brand","embeddable":true,"href":"https:\/\/zetanutrition.hr\/sl\/wp-json\/wp\/v2\/product_brand?post=13537"},{"taxonomy":"product_cat","embeddable":true,"href":"https:\/\/zetanutrition.hr\/sl\/wp-json\/wp\/v2\/product_cat?post=13537"},{"taxonomy":"product_tag","embeddable":true,"href":"https:\/\/zetanutrition.hr\/sl\/wp-json\/wp\/v2\/product_tag?post=13537"}],"curies":[{"name":"wp","href":"https:\/\/api.w.org\/{rel}","templated":true}]}}