{"id":13515,"date":"2025-06-08T13:33:04","date_gmt":"2025-06-08T13:33:04","guid":{"rendered":"https:\/\/zetanutrition.hr\/product\/kofein-100-kapsula\/"},"modified":"2025-06-08T13:34:54","modified_gmt":"2025-06-08T13:34:54","slug":"kofein-100-kapsula","status":"publish","type":"product","link":"https:\/\/zetanutrition.hr\/sl\/proizvod\/kofein-100-kapsula\/","title":{"rendered":"KOFEIN 100 kapsul"},"content":{"rendered":"<p>Kofeinske tablete Zumub vsebujejo vrhunski brezvodni kofein \u2013 dehidrirani izvle\u010dek, ki ponuja vi\u0161jo koncentracijo snovi, ki se \u017ee stoletja uporablja za ve\u010d energije, bolj\u0161i fokus in ostrej\u0161o koncentracijo.<\/p>\n<p>Kako delujejo kofeinske tablete Zumub?<\/p>\n<p>Kofein deluje v mo\u017eganih \u2013 organu, ki uravnava skoraj vsako aktivnost v telesu \u2013 du\u0161evno ali telesno.<\/p>\n<p>Kot dodatno korist \u0161tudije ka\u017eejo, da lahko kofein nudi antioksidativno podporo proti po\u0161kodbam prostih radikalov.<\/p>\n<p>Zakaj\u00a0Zumub\u00a0kofeinske tablete in ne skodelica kave?<br \/>\nVrhunska kakovost, ki ji lahko zaupate<br \/>\nVisoka koncentracija kofeina<br \/>\nBrez vpliva na okus \u2013 v primeru, da vam okus kave kot napitka ni v\u0161e\u010d<br \/>\nLa\u017eje za \u017eelodec, saj kofein v kapsulah ne vsebuje kislin, ki so prisotne v obi\u010dajni kavi.<br \/>\nManj kalori\u010dno, primerno za tiste, ki imajo radi kavo z mlekom, smetano ali sladkorjem<\/p>\n<p>Ne glede na razlog, zakaj ste se odlo\u010dili zamenjati energijsko pija\u010do s prehranskim dopolnilom, so kofeinske tablete Zumub odli\u010dna izbira, saj so oblikovane z mislijo na va\u0161e potrebe \u2013 da vam pomagajo ostati zdravi in \u200b\u200baktivni, hkrati pa prihranijo \u010das in u\u017eivajo \u017eivljenje.<\/p>\n<p>Izjava o omejitvi odgovornosti: Ta izdelek ni namenjen diagnosticiranju, zdravljenju ali prepre\u010devanju kakr\u0161nega koli<\/p>\n\n    <div class=\"xs_social_share_widget xs_share_url after_content \t\tmain_content  wslu-style-1 wslu-share-box-shaped wslu-fill-colored wslu-none wslu-share-horizontal wslu-theme-font-no wslu-main_content\">\n\n\t\t\n        <ul>\n\t\t\t        <\/ul>\n    <\/div> \n","protected":false},"excerpt":{"rendered":"<p>Kofeinske tablete Zumub vsebujejo vrhunski brezvodni kofein \u2013 dehidrirani izvle\u010dek, ki ponuja vi\u0161jo koncentracijo snovi, ki se \u017ee stoletja uporablja za ve\u010d energije, bolj\u0161i fokus in ostrej\u0161o koncentracijo. Kako delujejo kofeinske tablete Zumub? Kofein deluje v mo\u017eganih \u2013 organu, ki uravnava skoraj vsako aktivnost v telesu \u2013 du\u0161evno ali telesno. Kot dodatno korist \u0161tudije ka\u017eejo, [&hellip;]<\/p>\n","protected":false},"featured_media":13512,"comment_status":"open","ping_status":"closed","template":"","meta":{"_acf_changed":false,"bwfblock_default_font":"","content-type":""},"brand":[207],"product_brand":[],"product_cat":[158,130,154,151,137,134],"product_tag":[],"class_list":{"0":"post-13515","1":"product","2":"type-product","3":"status-publish","4":"has-post-thumbnail","6":"brand-zumub","7":"product_cat-akcija-sl","8":"product_cat-dieta-in-hujsanje-sl","9":"product_cat-hujsanje-sl","10":"product_cat-ojacevalci-hormonov-sl","11":"product_cat-preworkout-sl","12":"product_cat-sportna-prehrana-sl","14":"first","15":"outofstock","16":"sale","17":"purchasable","18":"product-type-simple"},"acf":[],"_links":{"self":[{"href":"https:\/\/zetanutrition.hr\/sl\/wp-json\/wp\/v2\/product\/13515","targetHints":{"allow":["GET"]}}],"collection":[{"href":"https:\/\/zetanutrition.hr\/sl\/wp-json\/wp\/v2\/product"}],"about":[{"href":"https:\/\/zetanutrition.hr\/sl\/wp-json\/wp\/v2\/types\/product"}],"replies":[{"embeddable":true,"href":"https:\/\/zetanutrition.hr\/sl\/wp-json\/wp\/v2\/comments?post=13515"}],"wp:featuredmedia":[{"embeddable":true,"href":"https:\/\/zetanutrition.hr\/sl\/wp-json\/wp\/v2\/media\/13512"}],"wp:attachment":[{"href":"https:\/\/zetanutrition.hr\/sl\/wp-json\/wp\/v2\/media?parent=13515"}],"wp:term":[{"taxonomy":"brand","embeddable":true,"href":"https:\/\/zetanutrition.hr\/sl\/wp-json\/wp\/v2\/brand?post=13515"},{"taxonomy":"product_brand","embeddable":true,"href":"https:\/\/zetanutrition.hr\/sl\/wp-json\/wp\/v2\/product_brand?post=13515"},{"taxonomy":"product_cat","embeddable":true,"href":"https:\/\/zetanutrition.hr\/sl\/wp-json\/wp\/v2\/product_cat?post=13515"},{"taxonomy":"product_tag","embeddable":true,"href":"https:\/\/zetanutrition.hr\/sl\/wp-json\/wp\/v2\/product_tag?post=13515"}],"curies":[{"name":"wp","href":"https:\/\/api.w.org\/{rel}","templated":true}]}}