{"id":13492,"date":"2025-06-08T13:07:36","date_gmt":"2025-06-08T13:07:36","guid":{"rendered":"https:\/\/zetanutrition.hr\/product\/selen-60-kapsula\/"},"modified":"2025-06-08T13:12:31","modified_gmt":"2025-06-08T13:12:31","slug":"selen-60-kapsula","status":"publish","type":"product","link":"https:\/\/zetanutrition.hr\/sl\/izdelek\/selen-60-kapsula\/","title":{"rendered":"SELEN 60 KAPS"},"content":{"rendered":"<p>Kapsule Zumub Selenium vsebujejo selen \u2013 pomemben element v sledovih, ki ga \u010dlove\u0161ko telo ne more sintetizirati samo. Ima pa klju\u010dno vlogo pri splo\u0161nem dobrem po\u010dutju. Zato poskrbite, da ga dobite dovolj iz \u017eivil, kot so ore\u0161\u010dki, predvsem brazilski orehi, \u0161pina\u010da, tuna, morski sade\u017ei, puran in jajca.<\/p>\n<p>V\u010dasih tega minerala ni enostavno dobiti s hrano in prehransko dopolnilo je lahko dobra izbira. Zumub to ve in zato je bil ustvarjen Zumub Selenium.<\/p>\n<p>Zdravstvene koristi dodatka selena pri Zumubu<br \/>\nZagotavlja lahko antioksidativno podporo za blokiranje delovanja prostih radikalov.<br \/>\nSpodbuja splo\u0161no dobro po\u010dutje.<br \/>\nIma klju\u010dno vlogo pri metabolizmu.<br \/>\nPomemben je za \u0161tevilne znotrajceli\u010dne procese.<\/p>\n<p>Za pove\u010danje u\u010dinkovitosti Zumub Selenium kapsule vsebujejo tudi vitamin E \u2013 \u0161e en mo\u010dan antioksidant. \u010ce so vam predpisali dodatek selena ali preprosto veste, da ga s prehrano ne zau\u017eijete dovolj, kupite kapsule Zumub Selenium in u\u017eivajte v zanesljivi kakovosti.<\/p>\n<p>Zavrnitev odgovornosti: Ta izdelek ni namenjen diagnosticiranju, zdravljenju ali prepre\u010devanju katere koli bolezni. Rezultati se lahko razlikujejo od osebe do osebe, odvisno od \u0161tevilnih dejavnikov, vklju\u010dno s spolom in starostjo.<\/p>\n\n    <div class=\"xs_social_share_widget xs_share_url after_content \t\tmain_content  wslu-style-1 wslu-share-box-shaped wslu-fill-colored wslu-none wslu-share-horizontal wslu-theme-font-no wslu-main_content\">\n\n\t\t\n        <ul>\n\t\t\t        <\/ul>\n    <\/div> \n","protected":false},"excerpt":{"rendered":"<p>Kapsule Zumub Selenium vsebujejo selen \u2013 pomemben element v sledovih, ki ga \u010dlove\u0161ko telo ne more sintetizirati samo. Ima pa klju\u010dno vlogo pri splo\u0161nem dobrem po\u010dutju. Zato poskrbite, da ga dobite dovolj iz \u017eivil, kot so ore\u0161\u010dki, predvsem brazilski orehi, \u0161pina\u010da, tuna, morski sade\u017ei, puran in jajca. V\u010dasih tega minerala ni enostavno dobiti s hrano [&hellip;]<\/p>\n","protected":false},"featured_media":13489,"comment_status":"open","ping_status":"closed","template":"","meta":{"_acf_changed":false,"bwfblock_default_font":"","content-type":""},"brand":[207],"product_brand":[],"product_cat":[158,160,149],"product_tag":[],"class_list":{"0":"post-13492","1":"product","2":"type-product","3":"status-publish","4":"has-post-thumbnail","6":"brand-zumub","7":"product_cat-akcija-sl","8":"product_cat-vitamini-i-minerali-sl","9":"product_cat-zdravje-sl","11":"first","12":"instock","13":"sale","14":"purchasable","15":"product-type-simple"},"acf":[],"_links":{"self":[{"href":"https:\/\/zetanutrition.hr\/sl\/wp-json\/wp\/v2\/product\/13492","targetHints":{"allow":["GET"]}}],"collection":[{"href":"https:\/\/zetanutrition.hr\/sl\/wp-json\/wp\/v2\/product"}],"about":[{"href":"https:\/\/zetanutrition.hr\/sl\/wp-json\/wp\/v2\/types\/product"}],"replies":[{"embeddable":true,"href":"https:\/\/zetanutrition.hr\/sl\/wp-json\/wp\/v2\/comments?post=13492"}],"wp:featuredmedia":[{"embeddable":true,"href":"https:\/\/zetanutrition.hr\/sl\/wp-json\/wp\/v2\/media\/13489"}],"wp:attachment":[{"href":"https:\/\/zetanutrition.hr\/sl\/wp-json\/wp\/v2\/media?parent=13492"}],"wp:term":[{"taxonomy":"brand","embeddable":true,"href":"https:\/\/zetanutrition.hr\/sl\/wp-json\/wp\/v2\/brand?post=13492"},{"taxonomy":"product_brand","embeddable":true,"href":"https:\/\/zetanutrition.hr\/sl\/wp-json\/wp\/v2\/product_brand?post=13492"},{"taxonomy":"product_cat","embeddable":true,"href":"https:\/\/zetanutrition.hr\/sl\/wp-json\/wp\/v2\/product_cat?post=13492"},{"taxonomy":"product_tag","embeddable":true,"href":"https:\/\/zetanutrition.hr\/sl\/wp-json\/wp\/v2\/product_tag?post=13492"}],"curies":[{"name":"wp","href":"https:\/\/api.w.org\/{rel}","templated":true}]}}