{"id":13472,"date":"2025-06-08T12:56:38","date_gmt":"2025-06-08T12:56:38","guid":{"rendered":"https:\/\/zetanutrition.hr\/product\/glukozamin-sulfat\/"},"modified":"2025-06-08T12:59:10","modified_gmt":"2025-06-08T12:59:10","slug":"glukozamin-sulfat","status":"publish","type":"product","link":"https:\/\/zetanutrition.hr\/sl\/izdelek\/glukozamin-sulfat\/","title":{"rendered":"GLUKOZAMIN SULFAT"},"content":{"rendered":"<p>Zumub Glucosamine Sulfate je zasnovan tako, da podpira va\u0161e kosti, hrustanec in sklepe. Obstajajo razli\u010dne vrste glukozamina, vendar smo za na\u0161 izdelek izbrali najbolj raziskano vrsto: glukozamin sulfat.<\/p>\n<p>Kot \u017ee ime pove, je aktivna sestavina tega prehranskega dopolnila Zumub glukozamin sulfat \u2013 naravna snov, ki jo najdemo v \u010dlove\u0161kem telesu. Vrhunski glukozamin sulfat Zumub vam pomaga pridobiti ve\u010d tega zelo koristnega elementa.<\/p>\n<p>Glukozamin je sestavni del hrustanca in sodeluje pri nastajanju nekaterih kemikalij, ki so vklju\u010dene v proces izgradnje kit, hrustanca in vezivnega tkiva. Hkrati lahko glukozamin pomaga podpirati delovanje teh kemikalij in prepre\u010duje njihovo degeneracijo.<\/p>\n<p>Zumub glukozamin sulfat zagotavlja dobro prehrano tkiv, ki \u017eivijo po svojih pravilih \u2013 kosti, sklepi in hrustanec. Z Zumub Glucosamine Sulfate spodbudite nastanek pravega lubrikanta z velikim potencialom za olaj\u0161anje va\u0161ih gibov.<\/p>\n<p>Zavrnitev odgovornosti: Ta izdelek ni namenjen diagnosticiranju, zdravljenju ali prepre\u010devanju katere koli bolezni. Rezultati se lahko razlikujejo od osebe do osebe, odvisno od \u0161tevilnih dejavnikov, vklju\u010dno s spolom in starostjo.<\/p>\n\n    <div class=\"xs_social_share_widget xs_share_url after_content \t\tmain_content  wslu-style-1 wslu-share-box-shaped wslu-fill-colored wslu-none wslu-share-horizontal wslu-theme-font-no wslu-main_content\">\n\n\t\t\n        <ul>\n\t\t\t        <\/ul>\n    <\/div> \n","protected":false},"excerpt":{"rendered":"<p>Zumub Glucosamine Sulfate je zasnovan tako, da podpira va\u0161e kosti, hrustanec in sklepe. Obstajajo razli\u010dne vrste glukozamina, vendar smo za na\u0161 izdelek izbrali najbolj raziskano vrsto: glukozamin sulfat. Kot \u017ee ime pove, je aktivna sestavina tega prehranskega dopolnila Zumub glukozamin sulfat \u2013 naravna snov, ki jo najdemo v \u010dlove\u0161kem telesu. Vrhunski glukozamin sulfat Zumub vam [&hellip;]<\/p>\n","protected":false},"featured_media":13469,"comment_status":"open","ping_status":"closed","template":"","meta":{"_acf_changed":false,"bwfblock_default_font":"","content-type":""},"brand":[207],"product_brand":[],"product_cat":[158,160,149],"product_tag":[],"class_list":{"0":"post-13472","1":"product","2":"type-product","3":"status-publish","4":"has-post-thumbnail","6":"brand-zumub","7":"product_cat-akcija-sl","8":"product_cat-vitamini-i-minerali-sl","9":"product_cat-zdravje-sl","11":"first","12":"instock","13":"sale","14":"purchasable","15":"product-type-simple"},"acf":[],"_links":{"self":[{"href":"https:\/\/zetanutrition.hr\/sl\/wp-json\/wp\/v2\/product\/13472","targetHints":{"allow":["GET"]}}],"collection":[{"href":"https:\/\/zetanutrition.hr\/sl\/wp-json\/wp\/v2\/product"}],"about":[{"href":"https:\/\/zetanutrition.hr\/sl\/wp-json\/wp\/v2\/types\/product"}],"replies":[{"embeddable":true,"href":"https:\/\/zetanutrition.hr\/sl\/wp-json\/wp\/v2\/comments?post=13472"}],"wp:featuredmedia":[{"embeddable":true,"href":"https:\/\/zetanutrition.hr\/sl\/wp-json\/wp\/v2\/media\/13469"}],"wp:attachment":[{"href":"https:\/\/zetanutrition.hr\/sl\/wp-json\/wp\/v2\/media?parent=13472"}],"wp:term":[{"taxonomy":"brand","embeddable":true,"href":"https:\/\/zetanutrition.hr\/sl\/wp-json\/wp\/v2\/brand?post=13472"},{"taxonomy":"product_brand","embeddable":true,"href":"https:\/\/zetanutrition.hr\/sl\/wp-json\/wp\/v2\/product_brand?post=13472"},{"taxonomy":"product_cat","embeddable":true,"href":"https:\/\/zetanutrition.hr\/sl\/wp-json\/wp\/v2\/product_cat?post=13472"},{"taxonomy":"product_tag","embeddable":true,"href":"https:\/\/zetanutrition.hr\/sl\/wp-json\/wp\/v2\/product_tag?post=13472"}],"curies":[{"name":"wp","href":"https:\/\/api.w.org\/{rel}","templated":true}]}}