{"id":13424,"date":"2025-06-08T12:25:00","date_gmt":"2025-06-08T12:25:00","guid":{"rendered":"https:\/\/zetanutrition.hr\/product\/protein-caramel-latte-500g\/"},"modified":"2025-06-08T12:28:15","modified_gmt":"2025-06-08T12:28:15","slug":"protein-caramel-latte-500g","status":"publish","type":"product","link":"https:\/\/zetanutrition.hr\/sl\/izdelek\/protein-caramel-latte-500g\/","title":{"rendered":"PROTEIN CARAMEL LATTE 500G"},"content":{"rendered":"<p>Zumub Protein Caramel Latte<\/p>\n<p>Imate radi tople napitke s sladkim, tola\u017eilnim pridihom? Zumub Protein Caramel Latte zdru\u017euje gladek okus karamele z visokokakovostnimi beljakovinami in ustvarja okusno alternativo za va\u0161o dnevno rutino.<\/p>\n<p>Z 19 g beljakovin in 90 mg kofeina na porcijo je idealen za tiste, ki \u017eelijo energijo in hranila v eni pija\u010di \u2013 bodisi za zajtrk, med odmorom ali po vadbi. Preprosto dodajte vro\u010do vodo, preme\u0161ajte in u\u017eivajte.<\/p>\n<p>Zna\u010dilnosti in prednosti:<br \/>\nVisoka vsebnost beljakovin: 19 g beljakovin na porcijo<br \/>\nS kofeinom: 90 mg na odmerek za podporo energije in osredoto\u010denosti<br \/>\nNizka vsebnost sladkorja: bolj uravnote\u017eena mo\u017enost za va\u0161o dnevno rutino<br \/>\nKremna tekstura: obogatena z Vana-Cappa\u00ae za gladko in razko\u0161no izku\u0161njo<br \/>\nVisoka vsebnost kalcija in fosforja<br \/>\nVir kalija in magnezija<br \/>\nNavodila za pripravo:<\/p>\n<p>Dodajte 1 odmerek (30 g) v 250 ml vro\u010de vode (najve\u010d 70 \u00b0C).<br \/>\nDobro preme\u0161ajte, dokler se popolnoma ne raztopi.<br \/>\nPustite stati za trenutek, da naravno nastane kremasta penasta plast.<br \/>\nU\u017eivajte!<\/p>\n<p>Zumub Protein Caramel Latte \u2013 sladek okus in funkcionalna lahkotnost naenkrat.<\/p>\n<p>Zavrnitev odgovornosti: Ta izdelek ni namenjen diagnosticiranju, zdravljenju ali prepre\u010devanju katere koli bolezni. Rezultati se lahko razlikujejo od osebe do osebe, odvisno od \u0161tevilnih dejavnikov, vklju\u010dno s spolom in starostjo.<\/p>\n\n    <div class=\"xs_social_share_widget xs_share_url after_content \t\tmain_content  wslu-style-1 wslu-share-box-shaped wslu-fill-colored wslu-none wslu-share-horizontal wslu-theme-font-no wslu-main_content\">\n\n\t\t\n        <ul>\n\t\t\t        <\/ul>\n    <\/div> \n","protected":false},"excerpt":{"rendered":"<p>Zumub Protein Caramel Latte Imate radi tople napitke s sladkim, tola\u017eilnim pridihom? Zumub Protein Caramel Latte zdru\u017euje gladek okus karamele z visokokakovostnimi beljakovinami in ustvarja okusno alternativo za va\u0161o dnevno rutino. Z 19 g beljakovin in 90 mg kofeina na porcijo je idealen za tiste, ki \u017eelijo energijo in hranila v eni pija\u010di \u2013 bodisi [&hellip;]<\/p>\n","protected":false},"featured_media":13422,"comment_status":"open","ping_status":"closed","template":"","meta":{"_acf_changed":false,"bwfblock_default_font":"","content-type":""},"brand":[],"product_brand":[],"product_cat":[158,139,724],"product_tag":[],"class_list":{"0":"post-13424","1":"product","2":"type-product","3":"status-publish","4":"has-post-thumbnail","6":"product_cat-akcija-sl","7":"product_cat-beljakovine-sl","8":"product_cat-whey-protein-sl","10":"first","11":"outofstock","12":"sale","13":"purchasable","14":"product-type-simple"},"acf":[],"_links":{"self":[{"href":"https:\/\/zetanutrition.hr\/sl\/wp-json\/wp\/v2\/product\/13424","targetHints":{"allow":["GET"]}}],"collection":[{"href":"https:\/\/zetanutrition.hr\/sl\/wp-json\/wp\/v2\/product"}],"about":[{"href":"https:\/\/zetanutrition.hr\/sl\/wp-json\/wp\/v2\/types\/product"}],"replies":[{"embeddable":true,"href":"https:\/\/zetanutrition.hr\/sl\/wp-json\/wp\/v2\/comments?post=13424"}],"wp:featuredmedia":[{"embeddable":true,"href":"https:\/\/zetanutrition.hr\/sl\/wp-json\/wp\/v2\/media\/13422"}],"wp:attachment":[{"href":"https:\/\/zetanutrition.hr\/sl\/wp-json\/wp\/v2\/media?parent=13424"}],"wp:term":[{"taxonomy":"brand","embeddable":true,"href":"https:\/\/zetanutrition.hr\/sl\/wp-json\/wp\/v2\/brand?post=13424"},{"taxonomy":"product_brand","embeddable":true,"href":"https:\/\/zetanutrition.hr\/sl\/wp-json\/wp\/v2\/product_brand?post=13424"},{"taxonomy":"product_cat","embeddable":true,"href":"https:\/\/zetanutrition.hr\/sl\/wp-json\/wp\/v2\/product_cat?post=13424"},{"taxonomy":"product_tag","embeddable":true,"href":"https:\/\/zetanutrition.hr\/sl\/wp-json\/wp\/v2\/product_tag?post=13424"}],"curies":[{"name":"wp","href":"https:\/\/api.w.org\/{rel}","templated":true}]}}