{"id":13389,"date":"2025-06-08T12:01:47","date_gmt":"2025-06-08T12:01:47","guid":{"rendered":"https:\/\/zetanutrition.hr\/product\/vitamin-d-3-k2\/"},"modified":"2025-06-08T12:04:04","modified_gmt":"2025-06-08T12:04:04","slug":"vitamin-d-3-k2","status":"publish","type":"product","link":"https:\/\/zetanutrition.hr\/sl\/izdelek\/vitamin-d-3-k2\/","title":{"rendered":"VITAMIN D-3 + K2"},"content":{"rendered":"<p>Tablete Zumub Vitamin D3 + K2 so uravnote\u017eeno prehransko dopolnilo, namenjeno spodbujanju zdravja sklepov in mo\u010dnih kosti.<\/p>\n<p>Oba vitamina sta koristna za kosti in sklepe, a njuna kombinacija lahko naredi \u0161e ve\u010d dobrega.<\/p>\n<p>Vitamin D3 ne le uravnava absorpcijo kalcija in fosforja, ampak lahko tudi krepi imunski sistem.<\/p>\n<p>Vitamin K2 uravnava tudi absorpcijo kalcija tako, da prepre\u010duje njegovo shranjevanje v mehkih tkivih, kot so krvne \u017eile in ledvice.<\/p>\n<p>Vitamina D3 in K2 v kombinaciji lahko zagotovita celosten u\u010dinek, skupno jemanje obeh vitaminov pa pove\u010da u\u010dinke vsakega izmed njih.<\/p>\n<p>Izberite tablete Zumub Vitamin D3 + K2 za podporo zdravju sklepov in kosti.<\/p>\n<p>Zavrnitev odgovornosti: Ta izdelek ni namenjen diagnosticiranju, zdravljenju ali prepre\u010devanju katere koli bolezni. Rezultati se lahko razlikujejo od osebe do osebe, odvisno od \u0161tevilnih dejavnikov, vklju\u010dno s spolom in starostjo.<\/p>\n\n    <div class=\"xs_social_share_widget xs_share_url after_content \t\tmain_content  wslu-style-1 wslu-share-box-shaped wslu-fill-colored wslu-none wslu-share-horizontal wslu-theme-font-no wslu-main_content\">\n\n\t\t\n        <ul>\n\t\t\t        <\/ul>\n    <\/div> \n","protected":false},"excerpt":{"rendered":"<p>Tablete Zumub Vitamin D3 + K2 so uravnote\u017eeno prehransko dopolnilo, namenjeno spodbujanju zdravja sklepov in mo\u010dnih kosti. Oba vitamina sta koristna za kosti in sklepe, a njuna kombinacija lahko naredi \u0161e ve\u010d dobrega. Vitamin D3 ne le uravnava absorpcijo kalcija in fosforja, ampak lahko tudi krepi imunski sistem. Vitamin K2 uravnava tudi absorpcijo kalcija tako, [&hellip;]<\/p>\n","protected":false},"featured_media":13387,"comment_status":"open","ping_status":"closed","template":"","meta":{"_acf_changed":false,"bwfblock_default_font":"","content-type":""},"brand":[],"product_brand":[],"product_cat":[158,160,149],"product_tag":[],"class_list":{"0":"post-13389","1":"product","2":"type-product","3":"status-publish","4":"has-post-thumbnail","6":"product_cat-akcija-sl","7":"product_cat-vitamini-i-minerali-sl","8":"product_cat-zdravje-sl","10":"first","11":"outofstock","12":"sale","13":"purchasable","14":"product-type-simple"},"acf":[],"_links":{"self":[{"href":"https:\/\/zetanutrition.hr\/sl\/wp-json\/wp\/v2\/product\/13389","targetHints":{"allow":["GET"]}}],"collection":[{"href":"https:\/\/zetanutrition.hr\/sl\/wp-json\/wp\/v2\/product"}],"about":[{"href":"https:\/\/zetanutrition.hr\/sl\/wp-json\/wp\/v2\/types\/product"}],"replies":[{"embeddable":true,"href":"https:\/\/zetanutrition.hr\/sl\/wp-json\/wp\/v2\/comments?post=13389"}],"wp:featuredmedia":[{"embeddable":true,"href":"https:\/\/zetanutrition.hr\/sl\/wp-json\/wp\/v2\/media\/13387"}],"wp:attachment":[{"href":"https:\/\/zetanutrition.hr\/sl\/wp-json\/wp\/v2\/media?parent=13389"}],"wp:term":[{"taxonomy":"brand","embeddable":true,"href":"https:\/\/zetanutrition.hr\/sl\/wp-json\/wp\/v2\/brand?post=13389"},{"taxonomy":"product_brand","embeddable":true,"href":"https:\/\/zetanutrition.hr\/sl\/wp-json\/wp\/v2\/product_brand?post=13389"},{"taxonomy":"product_cat","embeddable":true,"href":"https:\/\/zetanutrition.hr\/sl\/wp-json\/wp\/v2\/product_cat?post=13389"},{"taxonomy":"product_tag","embeddable":true,"href":"https:\/\/zetanutrition.hr\/sl\/wp-json\/wp\/v2\/product_tag?post=13389"}],"curies":[{"name":"wp","href":"https:\/\/api.w.org\/{rel}","templated":true}]}}