{"id":13370,"date":"2025-06-08T11:45:48","date_gmt":"2025-06-08T11:45:48","guid":{"rendered":"https:\/\/zetanutrition.hr\/product\/vitamin-c-60-gumenih-bombona\/"},"modified":"2025-06-08T11:48:32","modified_gmt":"2025-06-08T11:48:32","slug":"vitamin-c-60-gumenih-bombona","status":"publish","type":"product","link":"https:\/\/zetanutrition.hr\/sl\/izdelek\/vitamin-c-60-gumenih-bombona\/","title":{"rendered":"VITAMIN C 60 GUMIJASTI BONBONI"},"content":{"rendered":"<p>Zumub gumijevi z vitaminom C \u2013 za\u0161\u010dita, ki jo potrebuje va\u0161e telo<\/p>\n<p>Okrepite svoj imunski sistem na priro\u010den in okusen na\u010din z \u017eve\u010dilnimi bomboni z vitaminom C. Z visoko vsebnostjo vitamina C so ti gumiji popolna re\u0161itev za spodbujanje vsakodnevnega zdravja in za\u0161\u010dite.<\/p>\n<p>Zna\u010dilnosti in prednosti:<\/p>\n<p>Krepi imunski sistem: 80 mg vitamina C na porcijo, bistvenega pomena za normalno delovanje imunskega sistema.<br \/>\nCeli\u010dna za\u0161\u010dita: pomaga za\u0161\u010dititi celice pred ne\u017eeleno oksidacijo.<br \/>\nZdravje ko\u017ee in kosti: Pomaga pri ustvarjanju kolagena za normalno delovanje ko\u017ee, kosti, dlesni in zob.<br \/>\nVe\u010d energije: podpira metabolizem, ki proizvaja energijo, zmanj\u0161uje utrujenost in iz\u010drpanost.<\/p>\n<p>Okus in formula:<\/p>\n<p>Zdrava formula: Brez dodanih sladkorjev in primerna za vegetarijance.<br \/>\nSlasten okus: Okus pomaran\u010de, zaradi katerega je vsakodnevna nega prijetnej\u0161a.<\/p>\n<p>Zakaj izbrati gumije Zumub Vitamin C?<\/p>\n<p>Prakti\u010dno in okusno prehransko dopolnilo za vsakodnevno za\u0161\u010dito telesa.<br \/>\nIdealno za krepitev imunskega sistema v \u010dasu pove\u010danega stresa.<\/p>\n<p>Idealno za vklju\u010ditev v rutino odraslih in mladih.<\/p>\n<p>Gumije Zumub Vitamin C &#8211; nega, ki si jo va\u0161e telo zaslu\u017ei vsak dan!<\/p>\n<p>Zavrnitev odgovornosti: Ta izdelek ni namenjen diagnosticiranju, zdravljenju ali prepre\u010devanju katere koli bolezni. Rezultati se lahko razlikujejo od osebe do osebe, odvisno od \u0161tevilnih dejavnikov, vklju\u010dno s spolom in starostjo.<\/p>\n\n    <div class=\"xs_social_share_widget xs_share_url after_content \t\tmain_content  wslu-style-1 wslu-share-box-shaped wslu-fill-colored wslu-none wslu-share-horizontal wslu-theme-font-no wslu-main_content\">\n\n\t\t\n        <ul>\n\t\t\t        <\/ul>\n    <\/div> \n","protected":false},"excerpt":{"rendered":"<p>Zumub gumijevi z vitaminom C \u2013 za\u0161\u010dita, ki jo potrebuje va\u0161e telo Okrepite svoj imunski sistem na priro\u010den in okusen na\u010din z \u017eve\u010dilnimi bomboni z vitaminom C. Z visoko vsebnostjo vitamina C so ti gumiji popolna re\u0161itev za spodbujanje vsakodnevnega zdravja in za\u0161\u010dite. Zna\u010dilnosti in prednosti: Krepi imunski sistem: 80 mg vitamina C na porcijo, [&hellip;]<\/p>\n","protected":false},"featured_media":13368,"comment_status":"open","ping_status":"closed","template":"","meta":{"_acf_changed":false,"bwfblock_default_font":"","content-type":""},"brand":[207],"product_brand":[],"product_cat":[158,160,149],"product_tag":[],"class_list":{"0":"post-13370","1":"product","2":"type-product","3":"status-publish","4":"has-post-thumbnail","6":"brand-zumub","7":"product_cat-akcija-sl","8":"product_cat-vitamini-i-minerali-sl","9":"product_cat-zdravje-sl","11":"first","12":"instock","13":"sale","14":"purchasable","15":"product-type-simple"},"acf":[],"_links":{"self":[{"href":"https:\/\/zetanutrition.hr\/sl\/wp-json\/wp\/v2\/product\/13370","targetHints":{"allow":["GET"]}}],"collection":[{"href":"https:\/\/zetanutrition.hr\/sl\/wp-json\/wp\/v2\/product"}],"about":[{"href":"https:\/\/zetanutrition.hr\/sl\/wp-json\/wp\/v2\/types\/product"}],"replies":[{"embeddable":true,"href":"https:\/\/zetanutrition.hr\/sl\/wp-json\/wp\/v2\/comments?post=13370"}],"wp:featuredmedia":[{"embeddable":true,"href":"https:\/\/zetanutrition.hr\/sl\/wp-json\/wp\/v2\/media\/13368"}],"wp:attachment":[{"href":"https:\/\/zetanutrition.hr\/sl\/wp-json\/wp\/v2\/media?parent=13370"}],"wp:term":[{"taxonomy":"brand","embeddable":true,"href":"https:\/\/zetanutrition.hr\/sl\/wp-json\/wp\/v2\/brand?post=13370"},{"taxonomy":"product_brand","embeddable":true,"href":"https:\/\/zetanutrition.hr\/sl\/wp-json\/wp\/v2\/product_brand?post=13370"},{"taxonomy":"product_cat","embeddable":true,"href":"https:\/\/zetanutrition.hr\/sl\/wp-json\/wp\/v2\/product_cat?post=13370"},{"taxonomy":"product_tag","embeddable":true,"href":"https:\/\/zetanutrition.hr\/sl\/wp-json\/wp\/v2\/product_tag?post=13370"}],"curies":[{"name":"wp","href":"https:\/\/api.w.org\/{rel}","templated":true}]}}