{"id":13357,"date":"2025-06-08T11:32:38","date_gmt":"2025-06-08T11:32:38","guid":{"rendered":"https:\/\/zetanutrition.hr\/product\/koenzim-q10\/"},"modified":"2025-06-08T11:35:13","modified_gmt":"2025-06-08T11:35:13","slug":"koenzim-q10","status":"publish","type":"product","link":"https:\/\/zetanutrition.hr\/sl\/proizvod\/koenzim-q10\/","title":{"rendered":"Koenzim Q10"},"content":{"rendered":"<p>Zumub CoQ10 mehke gele vsebujejo priljubljen koencim Q10 vrhunske kakovosti v kombinaciji z vitaminom E, ki krepi antioksidativni u\u010dinek tega izdelka.<\/p>\n<p>Kaj je koencim Q10 in kako deluje?<\/p>\n<p>CoQ10 je element, ki se naravno proizvaja v \u010dlove\u0161kem telesu. Je skoraj vseprisoten \u2013 od njegovega delovanja je odvisno \u017eivljenje in zdravo delovanje vsake celice. Koencim Q10 sodeluje pri proizvodnji ATP (adenozin trifosfata) \u2013 z drugimi besedami, sodeluje pri procesu proizvodnje energije.<\/p>\n<p>Druga klju\u010dna funkcija CoQ10 je antioksidativna za\u0161\u010dita pred agresivnimi prostimi radikali, katerih delovanje lahko povzro\u010di oksidativni stres. Zumub Koencim Q10 je obogaten tudi z vitaminom E, ki prav tako prispeva k za\u0161\u010diti celic pred oksidativnim stresom in je nujen za pravilno delovanje celotnega telesa.<\/p>\n<p>Zakaj jemati mehke gele Zumub CoQ10?<\/p>\n<p>\u010ceprav lahko \u010dlove\u0161ko telo samo sintetizira koencim Q10, se lahko stopnja njegove proizvodnje s starostjo zmanj\u0161a. Ni vedno mogo\u010de dobiti dovolj CoQ10 s hrano, zato je lahko prehransko dopolnilo dobra in \u010distej\u0161a mo\u017enost.<\/p>\n<p>Razmislite o vklju\u010ditvi mehkih gelov Zumub CoQ10 v svojo prehrano, saj zagotavljamo kakovost, ki ji lahko zaupate.<\/p>\n<p>Zavrnitev odgovornosti: Ta izdelek ni namenjen diagnosticiranju, zdravljenju ali prepre\u010devanju katere koli bolezni. Rezultati se lahko razlikujejo od osebe do osebe, odvisno od \u0161tevilnih dejavnikov, vklju\u010dno s spolom in starostjo.<\/p>\n\n    <div class=\"xs_social_share_widget xs_share_url after_content \t\tmain_content  wslu-style-1 wslu-share-box-shaped wslu-fill-colored wslu-none wslu-share-horizontal wslu-theme-font-no wslu-main_content\">\n\n\t\t\n        <ul>\n\t\t\t        <\/ul>\n    <\/div> \n","protected":false},"excerpt":{"rendered":"<p>Zumub CoQ10 mehke gele vsebujejo priljubljen koencim Q10 vrhunske kakovosti v kombinaciji z vitaminom E, ki krepi antioksidativni u\u010dinek tega izdelka. Kaj je koencim Q10 in kako deluje? CoQ10 je element, ki se naravno proizvaja v \u010dlove\u0161kem telesu. Je skoraj vseprisoten \u2013 od njegovega delovanja je odvisno \u017eivljenje in zdravo delovanje vsake celice. Koencim Q10 [&hellip;]<\/p>\n","protected":false},"featured_media":13354,"comment_status":"open","ping_status":"closed","template":"","meta":{"_acf_changed":false,"bwfblock_default_font":"","content-type":""},"brand":[207],"product_brand":[],"product_cat":[158,160,149],"product_tag":[],"class_list":{"0":"post-13357","1":"product","2":"type-product","3":"status-publish","4":"has-post-thumbnail","6":"brand-zumub","7":"product_cat-akcija-sl","8":"product_cat-vitamini-i-minerali-sl","9":"product_cat-zdravje-sl","11":"first","12":"instock","13":"sale","14":"purchasable","15":"product-type-simple"},"acf":[],"_links":{"self":[{"href":"https:\/\/zetanutrition.hr\/sl\/wp-json\/wp\/v2\/product\/13357","targetHints":{"allow":["GET"]}}],"collection":[{"href":"https:\/\/zetanutrition.hr\/sl\/wp-json\/wp\/v2\/product"}],"about":[{"href":"https:\/\/zetanutrition.hr\/sl\/wp-json\/wp\/v2\/types\/product"}],"replies":[{"embeddable":true,"href":"https:\/\/zetanutrition.hr\/sl\/wp-json\/wp\/v2\/comments?post=13357"}],"wp:featuredmedia":[{"embeddable":true,"href":"https:\/\/zetanutrition.hr\/sl\/wp-json\/wp\/v2\/media\/13354"}],"wp:attachment":[{"href":"https:\/\/zetanutrition.hr\/sl\/wp-json\/wp\/v2\/media?parent=13357"}],"wp:term":[{"taxonomy":"brand","embeddable":true,"href":"https:\/\/zetanutrition.hr\/sl\/wp-json\/wp\/v2\/brand?post=13357"},{"taxonomy":"product_brand","embeddable":true,"href":"https:\/\/zetanutrition.hr\/sl\/wp-json\/wp\/v2\/product_brand?post=13357"},{"taxonomy":"product_cat","embeddable":true,"href":"https:\/\/zetanutrition.hr\/sl\/wp-json\/wp\/v2\/product_cat?post=13357"},{"taxonomy":"product_tag","embeddable":true,"href":"https:\/\/zetanutrition.hr\/sl\/wp-json\/wp\/v2\/product_tag?post=13357"}],"curies":[{"name":"wp","href":"https:\/\/api.w.org\/{rel}","templated":true}]}}