{"id":13347,"date":"2025-06-08T11:25:30","date_gmt":"2025-06-08T11:25:30","guid":{"rendered":"https:\/\/zetanutrition.hr\/product\/proteinski-keks-60g\/"},"modified":"2025-06-08T11:28:46","modified_gmt":"2025-06-08T11:28:46","slug":"proteinski-keks-60g","status":"publish","type":"product","link":"https:\/\/zetanutrition.hr\/sl\/izdelek\/proteinski-keks-60g\/","title":{"rendered":"BELJAKOVINI KEKSI 60G"},"content":{"rendered":"<p>Zumub Protein Cookie je poslastica brez ob\u010dutka krivde, ki je odli\u010dna za dopolnitev va\u0161ih beljakovinskih zalog na poti, obenem pa nudi tudi malo zadovoljstva z bogatim sladkim okusom.<\/p>\n<p>Ta mehki pi\u0161kotek ima bogat okus temne \u010dokolade in je obogaten s ko\u0161\u010dki stopljene bele \u010dokolade.<\/p>\n<p>Za uravnote\u017eenje okusa in koristi Zumub Protein Cookie vsebuje 18,6 gramov beljakovin iz mleka in soje ter vsebuje prehranske vlaknine iz zelenjave in finih ovsenih otrobov \u2013 vse z minimalnim dodanim sladkorjem in brez \u0161kodljivih snovi.<\/p>\n<p>Zumub beljakovinski pi\u0161kotek<br \/>\nVisoka vsebnost beljakovin<br \/>\nNizka vsebnost sladkorja<br \/>\nVir prehranskih vlaknin<br \/>\nBrez palmovega olja<\/p>\n<p>Ne glede na to, ali i\u0161\u010dete zabaven na\u010din za izpolnjevanje dnevnih potreb po beljakovinah ali pribolj\u0161ek, ki se prilega zdravemu \u017eivljenjskemu slogu, je Zumub Protein Cookie prigrizek, ki ponuja oboje.<\/p>\n\n    <div class=\"xs_social_share_widget xs_share_url after_content \t\tmain_content  wslu-style-1 wslu-share-box-shaped wslu-fill-colored wslu-none wslu-share-horizontal wslu-theme-font-no wslu-main_content\">\n\n\t\t\n        <ul>\n\t\t\t        <\/ul>\n    <\/div> \n","protected":false},"excerpt":{"rendered":"<p>Zumub Protein Cookie je poslastica brez ob\u010dutka krivde, ki je odli\u010dna za dopolnitev va\u0161ih beljakovinskih zalog na poti, obenem pa nudi tudi malo zadovoljstva z bogatim sladkim okusom. Ta mehki pi\u0161kotek ima bogat okus temne \u010dokolade in je obogaten s ko\u0161\u010dki stopljene bele \u010dokolade. Za uravnote\u017eenje okusa in koristi Zumub Protein Cookie vsebuje 18,6 gramov [&hellip;]<\/p>\n","protected":false},"featured_media":13345,"comment_status":"open","ping_status":"closed","template":"","meta":{"_acf_changed":false,"bwfblock_default_font":"","content-type":""},"brand":[207],"product_brand":[],"product_cat":[162,149],"product_tag":[],"class_list":{"0":"post-13347","1":"product","2":"type-product","3":"status-publish","4":"has-post-thumbnail","6":"brand-zumub","7":"product_cat-sladki-koticek-sl","8":"product_cat-zdravje-sl","10":"first","11":"outofstock","12":"purchasable","13":"product-type-simple"},"acf":[],"_links":{"self":[{"href":"https:\/\/zetanutrition.hr\/sl\/wp-json\/wp\/v2\/product\/13347","targetHints":{"allow":["GET"]}}],"collection":[{"href":"https:\/\/zetanutrition.hr\/sl\/wp-json\/wp\/v2\/product"}],"about":[{"href":"https:\/\/zetanutrition.hr\/sl\/wp-json\/wp\/v2\/types\/product"}],"replies":[{"embeddable":true,"href":"https:\/\/zetanutrition.hr\/sl\/wp-json\/wp\/v2\/comments?post=13347"}],"wp:featuredmedia":[{"embeddable":true,"href":"https:\/\/zetanutrition.hr\/sl\/wp-json\/wp\/v2\/media\/13345"}],"wp:attachment":[{"href":"https:\/\/zetanutrition.hr\/sl\/wp-json\/wp\/v2\/media?parent=13347"}],"wp:term":[{"taxonomy":"brand","embeddable":true,"href":"https:\/\/zetanutrition.hr\/sl\/wp-json\/wp\/v2\/brand?post=13347"},{"taxonomy":"product_brand","embeddable":true,"href":"https:\/\/zetanutrition.hr\/sl\/wp-json\/wp\/v2\/product_brand?post=13347"},{"taxonomy":"product_cat","embeddable":true,"href":"https:\/\/zetanutrition.hr\/sl\/wp-json\/wp\/v2\/product_cat?post=13347"},{"taxonomy":"product_tag","embeddable":true,"href":"https:\/\/zetanutrition.hr\/sl\/wp-json\/wp\/v2\/product_tag?post=13347"}],"curies":[{"name":"wp","href":"https:\/\/api.w.org\/{rel}","templated":true}]}}