{"id":13310,"date":"2025-06-08T10:20:56","date_gmt":"2025-06-08T10:20:56","guid":{"rendered":"https:\/\/zetanutrition.hr\/product\/melatonin-60-bombona\/"},"modified":"2025-06-08T10:23:35","modified_gmt":"2025-06-08T10:23:35","slug":"melatonin-60-bombona","status":"publish","type":"product","link":"https:\/\/zetanutrition.hr\/sl\/izdelek\/melatonin-60-bombona\/","title":{"rendered":"MELATONIN 60 bonbonov"},"content":{"rendered":"<p>Zumub Melatonin Gummies &#8211; Va\u0161 partner za dober spanec<\/p>\n<p>Zaspite hitreje in u\u017eivajte v mirnem spancu z Melatonin Gummies. Formulirani z melatoninom, naravnimi izvle\u010dki in vitaminom B6 so ti gumiji priro\u010dna in okusna re\u0161itev za izbolj\u0161anje kakovosti spanja in spodbujanje sprostitve.<\/p>\n<p>Zna\u010dilnosti in prednosti:<\/p>\n<p>Izbolj\u0161an spanec: 1 mg melatonina na porcijo pomaga skraj\u0161ati \u010das, ki je potreben, da zaspite, in laj\u0161a simptome \u010dasovnega zamika.<br \/>\nNaravna podpora za sprostitev: s 60 mg izvle\u010dka sivke in 20 mg izvle\u010dka baldrijana, znanih po svojih pomirjevalnih lastnostih.<br \/>\nUravnote\u017een \u017eiv\u010dni sistem: Vitamin B6 prispeva k normalnemu delovanju \u017eiv\u010dnega sistema in zdravi psiholo\u0161ki funkciji. Vitamin B6 je priznan tudi za izbolj\u0161anje kakovosti spanja.<\/p>\n<p>Okus in formula:<\/p>\n<p>Zdrava formula: Brez dodanih sladkorjev in primerna za vegetarijance.<br \/>\nSlasten okus: Okus \u010drnega ribeza, ki naredi va\u0161o ve\u010derno rutino bolj prijetno.<\/p>\n<p>Zakaj izbrati gumijeve z melatoninom Zumub?<\/p>\n<p>Prakti\u010dna in u\u010dinkovita re\u0161itev za izbolj\u0161anje spanja in spodbujanje sprostitve.<\/p>\n<p>Formulirano z naravnimi izvle\u010dki sivke in baldrijana za ve\u010dji du\u0161evni mir.<\/p>\n<p>Enostavno, okusno in enostavno za vklju\u010ditev v va\u0161o ve\u010derno rutino.<\/p>\n<p>Bolje spite in se zbudite polni energije z Zumub Melatonin Gummies &#8211; va\u0161 po\u010ditek si zaslu\u017ei najbolj\u0161o nego!<\/p>\n<p>Zavrnitev odgovornosti: Ta izdelek ni namenjen diagnosticiranju, zdravljenju ali prepre\u010devanju katere koli bolezni. Rezultati se lahko razlikujejo od osebe do osebe, odvisno od \u0161tevilnih dejavnikov, vklju\u010dno s spolom in starostjo.<\/p>\n\n    <div class=\"xs_social_share_widget xs_share_url after_content \t\tmain_content  wslu-style-1 wslu-share-box-shaped wslu-fill-colored wslu-none wslu-share-horizontal wslu-theme-font-no wslu-main_content\">\n\n\t\t\n        <ul>\n\t\t\t        <\/ul>\n    <\/div> \n","protected":false},"excerpt":{"rendered":"<p>Zumub Melatonin Gummies &#8211; Va\u0161 partner za dober spanec Zaspite hitreje in u\u017eivajte v mirnem spancu z Melatonin Gummies. Formulirani z melatoninom, naravnimi izvle\u010dki in vitaminom B6 so ti gumiji priro\u010dna in okusna re\u0161itev za izbolj\u0161anje kakovosti spanja in spodbujanje sprostitve. Zna\u010dilnosti in prednosti: Izbolj\u0161an spanec: 1 mg melatonina na porcijo pomaga skraj\u0161ati \u010das, ki [&hellip;]<\/p>\n","protected":false},"featured_media":13307,"comment_status":"open","ping_status":"closed","template":"","meta":{"_acf_changed":false,"bwfblock_default_font":"","content-type":""},"brand":[207],"product_brand":[],"product_cat":[158,672,160,149],"product_tag":[],"class_list":{"0":"post-13310","1":"product","2":"type-product","3":"status-publish","4":"has-post-thumbnail","6":"brand-zumub","7":"product_cat-akcija-sl","8":"product_cat-lepoto-in-nego","9":"product_cat-vitamini-i-minerali-sl","10":"product_cat-zdravje-sl","12":"first","13":"outofstock","14":"sale","15":"purchasable","16":"product-type-simple"},"acf":[],"_links":{"self":[{"href":"https:\/\/zetanutrition.hr\/sl\/wp-json\/wp\/v2\/product\/13310","targetHints":{"allow":["GET"]}}],"collection":[{"href":"https:\/\/zetanutrition.hr\/sl\/wp-json\/wp\/v2\/product"}],"about":[{"href":"https:\/\/zetanutrition.hr\/sl\/wp-json\/wp\/v2\/types\/product"}],"replies":[{"embeddable":true,"href":"https:\/\/zetanutrition.hr\/sl\/wp-json\/wp\/v2\/comments?post=13310"}],"wp:featuredmedia":[{"embeddable":true,"href":"https:\/\/zetanutrition.hr\/sl\/wp-json\/wp\/v2\/media\/13307"}],"wp:attachment":[{"href":"https:\/\/zetanutrition.hr\/sl\/wp-json\/wp\/v2\/media?parent=13310"}],"wp:term":[{"taxonomy":"brand","embeddable":true,"href":"https:\/\/zetanutrition.hr\/sl\/wp-json\/wp\/v2\/brand?post=13310"},{"taxonomy":"product_brand","embeddable":true,"href":"https:\/\/zetanutrition.hr\/sl\/wp-json\/wp\/v2\/product_brand?post=13310"},{"taxonomy":"product_cat","embeddable":true,"href":"https:\/\/zetanutrition.hr\/sl\/wp-json\/wp\/v2\/product_cat?post=13310"},{"taxonomy":"product_tag","embeddable":true,"href":"https:\/\/zetanutrition.hr\/sl\/wp-json\/wp\/v2\/product_tag?post=13310"}],"curies":[{"name":"wp","href":"https:\/\/api.w.org\/{rel}","templated":true}]}}