{"id":13290,"date":"2025-06-08T10:03:27","date_gmt":"2025-06-08T10:03:27","guid":{"rendered":"https:\/\/zetanutrition.hr\/product\/cink\/"},"modified":"2025-06-08T10:05:46","modified_gmt":"2025-06-08T10:05:46","slug":"cink","status":"publish","type":"product","link":"https:\/\/zetanutrition.hr\/sl\/izdelek\/cink\/","title":{"rendered":"CINK"},"content":{"rendered":"<p>Zumub cinkove tablete so zasnovane tako, da zagotavljajo vrhunsko dopolnitev z enim najpomembnej\u0161ih mineralov.<\/p>\n<p>V skrbi za va\u0161e dobro po\u010dutje smo se pri Zumubu zelo potrudili, da bi te tablete naredili u\u010dinkovite, priro\u010dne in koristne za va\u0161e dobro po\u010dutje.<\/p>\n<p>Prednosti cinkovih tablet Zumub<br \/>\nProizvodnja celic in hormonov &#8211; Cink je bistvenega pomena za vzdr\u017eevanje mo\u010dnega imunskega sistema, saj spodbuja proizvodnjo ustreznih celic in hormonov.<br \/>\nPresnova makrohranil &#8211; sodeluje pri presnovi ogljikovih hidratov in ma\u0161\u010dobnih kislin<br \/>\nZdravje ko\u017ee in kosti &#8211; cink sodeluje pri sintezi kolagena, najbolj raz\u0161irjene beljakovine v \u010dlove\u0161kem telesu, ki je odgovorna za strukturo vezivnega tkiva \u010dlove\u0161kega telesa, kot so kite in ko\u017ea, ter krepitev kosti<br \/>\nPodpira celi\u010dno rast in sintezo beljakovin<br \/>\nPodpira delovanje mo\u017eganov \u2013 pomaga pri delovanju bistvenih nevrotransmiterjev<br \/>\nPomemben za reproduktivni sistem<\/p>\n<p>Kupite Zumub cinkove tablete, da bo to vrhunsko prehransko dopolnilo celovit del va\u0161ega zdravega \u017eivljenjskega sloga.<\/p>\n<p>Zavrnitev odgovornosti: Ta izdelek ni namenjen diagnosticiranju, zdravljenju ali prepre\u010devanju katere koli bolezni. Rezultati se lahko razlikujejo od osebe do osebe, odvisno od \u0161tevilnih dejavnikov, vklju\u010dno s spolom in starostjo.<\/p>\n\n    <div class=\"xs_social_share_widget xs_share_url after_content \t\tmain_content  wslu-style-1 wslu-share-box-shaped wslu-fill-colored wslu-none wslu-share-horizontal wslu-theme-font-no wslu-main_content\">\n\n\t\t\n        <ul>\n\t\t\t        <\/ul>\n    <\/div> \n","protected":false},"excerpt":{"rendered":"<p>Zumub cinkove tablete so zasnovane tako, da zagotavljajo vrhunsko dopolnitev z enim najpomembnej\u0161ih mineralov. V skrbi za va\u0161e dobro po\u010dutje smo se pri Zumubu zelo potrudili, da bi te tablete naredili u\u010dinkovite, priro\u010dne in koristne za va\u0161e dobro po\u010dutje. Prednosti cinkovih tablet Zumub Proizvodnja celic in hormonov &#8211; Cink je bistvenega pomena za vzdr\u017eevanje mo\u010dnega [&hellip;]<\/p>\n","protected":false},"featured_media":13288,"comment_status":"open","ping_status":"closed","template":"","meta":{"_acf_changed":false,"bwfblock_default_font":"","content-type":""},"brand":[207],"product_brand":[],"product_cat":[158,160,149],"product_tag":[],"class_list":{"0":"post-13290","1":"product","2":"type-product","3":"status-publish","4":"has-post-thumbnail","6":"brand-zumub","7":"product_cat-akcija-sl","8":"product_cat-vitamini-i-minerali-sl","9":"product_cat-zdravje-sl","11":"first","12":"outofstock","13":"sale","14":"purchasable","15":"product-type-simple"},"acf":[],"_links":{"self":[{"href":"https:\/\/zetanutrition.hr\/sl\/wp-json\/wp\/v2\/product\/13290","targetHints":{"allow":["GET"]}}],"collection":[{"href":"https:\/\/zetanutrition.hr\/sl\/wp-json\/wp\/v2\/product"}],"about":[{"href":"https:\/\/zetanutrition.hr\/sl\/wp-json\/wp\/v2\/types\/product"}],"replies":[{"embeddable":true,"href":"https:\/\/zetanutrition.hr\/sl\/wp-json\/wp\/v2\/comments?post=13290"}],"wp:featuredmedia":[{"embeddable":true,"href":"https:\/\/zetanutrition.hr\/sl\/wp-json\/wp\/v2\/media\/13288"}],"wp:attachment":[{"href":"https:\/\/zetanutrition.hr\/sl\/wp-json\/wp\/v2\/media?parent=13290"}],"wp:term":[{"taxonomy":"brand","embeddable":true,"href":"https:\/\/zetanutrition.hr\/sl\/wp-json\/wp\/v2\/brand?post=13290"},{"taxonomy":"product_brand","embeddable":true,"href":"https:\/\/zetanutrition.hr\/sl\/wp-json\/wp\/v2\/product_brand?post=13290"},{"taxonomy":"product_cat","embeddable":true,"href":"https:\/\/zetanutrition.hr\/sl\/wp-json\/wp\/v2\/product_cat?post=13290"},{"taxonomy":"product_tag","embeddable":true,"href":"https:\/\/zetanutrition.hr\/sl\/wp-json\/wp\/v2\/product_tag?post=13290"}],"curies":[{"name":"wp","href":"https:\/\/api.w.org\/{rel}","templated":true}]}}