{"id":13229,"date":"2025-06-08T08:49:48","date_gmt":"2025-06-08T08:49:48","guid":{"rendered":"https:\/\/zetanutrition.hr\/product\/glycogex-isotonic-900g\/"},"modified":"2025-06-08T08:52:15","modified_gmt":"2025-06-08T08:52:15","slug":"glycogex-isotonic-900g","status":"publish","type":"product","link":"https:\/\/zetanutrition.hr\/sl\/izdelek\/glycogex-isotonic-900g\/","title":{"rendered":"GlycoGex Isotonic 900g"},"content":{"rendered":"<p>GLYCOGEX proizvajalca Genius Nutrition\u00ae je napredno prehransko dopolnilo na osnovi ogljikovih hidratov, zasnovano za uporabo pred, med ali po intenzivni vadbi. Njegova pametna formula zagotavlja vir energije, ki se hitro absorbira, pove\u010duje mi\u0161i\u010dno \u010drpalko in pospe\u0161uje dopolnjevanje zalog glikogena, ki se izpraznijo med vadbo.<\/p>\n<p>GLYCOGEX je idealen za \u0161portnike, ki \u017eelijo optimizirati svojo zmogljivost in izkoristiti u\u010dinkovito hidracijo in okrevanje. Ta izdelek vsebuje visoko razvejan cikli\u010dni dekstrin, citrulin malat in napreden kompleks Electrolytes PRO+, ki nudi popolno podporo pri ohranjanju intenzivnosti in obsega vadbe.<\/p>\n<p>KAJ JE GLYCOGEX:<\/p>\n<p>Visoko razvejan cikli\u010dni dekstrin: Sodoben vir ogljikovih hidratov z visoko molekulsko maso in nizko osmolalnostjo, ki zagotavlja hitro praznjenje \u017eelodca in u\u010dinkovit prenos energije v mi\u0161ice brez povzro\u010danja \u017eelod\u010dnega nelagodja. Idealen je za faze pred, med in po vadbi, saj podpira hitro obnavljanje glikogena in ohranja visoko intenzivnost vadbe.<\/p>\n<p>Citrulin malat:\u00a0\u00a0izbolj\u0161a pretok krvi in \u200b\u200boksigenacijo mi\u0161ic s spodbujanjem proizvodnje du\u0161ikovega oksida, kar spodbuja mi\u0161i\u010dno \u010drpalko, vzdr\u017eljivost in okrevanje. Citrulin podpira tudi sintezo rastnega hormona, pomaga pri razvoju mi\u0161i\u010dne mase in zmanj\u0161anju utrujenosti.<\/p>\n<p>Electrolytes PRO+:\u00a0\u00a0Kompleks esencialnih elektrolitov (natrij, kalij, kalcij, magnezij in klorid), ki podpira ravnovesje elektrolitov, kr\u010denje mi\u0161ic in optimalno delovanje \u017eiv\u010dnega sistema med fizi\u010dnim naporom.<\/p>\n<p>KLJU\u010cNE PREDNOSTI:<\/p>\n<p>Postopno spro\u0161\u010danje energije v dalj\u0161em obdobju<br \/>\nNizek glikemi\u010dni indeks (~32 GI)<br \/>\nHitra absorpcija brez \u017eelod\u010dnih te\u017eav<br \/>\nPolni zaloge glikogena<br \/>\nUravnava ravnovesje teko\u010din v telesu (ELECTROLYTES PRO+)<br \/>\nPomaga pri prepre\u010devanju mi\u0161i\u010dnih kr\u010dev<br \/>\nBrez umetnih barvil<\/p>\n<p>SESTAVINE:<\/p>\n<p>Cherry Bliss:<br \/>\nVisoko razvejen cikli\u010dni dekstrin, L-citrulin DL-malat, sredstva proti strjevanju (kalcijev silikat, trikalcijev fosfat, silicijev dioksid, maltodekstrin), regulator kislosti (jabol\u010dna kislina), magnezijev citrat, barvilo (sok rde\u010de pese v prahu), sladilo (sukraloza), gostilo (karboksimetil celuloza), arome, kalcij laktat, kalijev klorid, sol (natrijev klorid).<\/p>\n<p>Brez okusa:<br \/>\nVisoko razvejen cikli\u010dni dekstrin, L-citrulin DL-malat, sredstva proti sprijemanju (kalcijev silikat, trikalcijev fosfat, silicijev dioksid, maltodekstrin), magnezijev citrat, gostilo (karboksimetil celuloza), kalcijev laktat, kalijev klorid, sol (natrijev klorid).<\/p>\n<p>NAVODILA ZA UPORABO:<\/p>\n<p>\u27a0 Zme\u0161ajte 1 merico (30 g) GlycoGexa z 250\u2013300 ml hladne vode in stresajte 20\u201330 sekund. Zau\u017eijte 10\u201320 minut pred vadbo in\/ali med vadbo za podporo energije in u\u010dinkovitosti. Lahko se kombinira z Fury Extreme, Warcry, Whisper, Carnogen ali aminokislinami.<\/p>\n<p>OPOZORILO: Prehranska dopolnila niso nadomestilo za raznoliko in uravnote\u017eeno prehrano ter zdrav \u017eivljenjski slog. Ne prekora\u010dite priporo\u010denega dnevnega odmerka. Hraniti izven dosega otrok. Hraniti na hladnem in suhem mestu. Ni priporo\u010dljivo za otroke, nose\u010dnice in doje\u010de \u017eenske.<\/p>\n\n    <div class=\"xs_social_share_widget xs_share_url after_content \t\tmain_content  wslu-style-1 wslu-share-box-shaped wslu-fill-colored wslu-none wslu-share-horizontal wslu-theme-font-no wslu-main_content\">\n\n\t\t\n        <ul>\n\t\t\t        <\/ul>\n    <\/div> \n","protected":false},"excerpt":{"rendered":"<p>GLYCOGEX proizvajalca Genius Nutrition\u00ae je napredno prehransko dopolnilo na osnovi ogljikovih hidratov, zasnovano za uporabo pred, med ali po intenzivni vadbi. Njegova pametna formula zagotavlja vir energije, ki se hitro absorbira, pove\u010duje mi\u0161i\u010dno \u010drpalko in pospe\u0161uje dopolnjevanje zalog glikogena, ki se izpraznijo med vadbo. GLYCOGEX je idealen za \u0161portnike, ki \u017eelijo optimizirati svojo zmogljivost in [&hellip;]<\/p>\n","protected":false},"featured_media":13227,"comment_status":"open","ping_status":"closed","template":"","meta":{"_acf_changed":false,"bwfblock_default_font":"","content-type":""},"brand":[178],"product_brand":[],"product_cat":[158,141,134],"product_tag":[],"class_list":{"0":"post-13229","1":"product","2":"type-product","3":"status-publish","4":"has-post-thumbnail","6":"brand-genius-nutrition","7":"product_cat-akcija-sl","8":"product_cat-during-workout-sl","9":"product_cat-sportna-prehrana-sl","11":"first","12":"outofstock","13":"sale","14":"purchasable","15":"product-type-simple"},"acf":[],"_links":{"self":[{"href":"https:\/\/zetanutrition.hr\/sl\/wp-json\/wp\/v2\/product\/13229","targetHints":{"allow":["GET"]}}],"collection":[{"href":"https:\/\/zetanutrition.hr\/sl\/wp-json\/wp\/v2\/product"}],"about":[{"href":"https:\/\/zetanutrition.hr\/sl\/wp-json\/wp\/v2\/types\/product"}],"replies":[{"embeddable":true,"href":"https:\/\/zetanutrition.hr\/sl\/wp-json\/wp\/v2\/comments?post=13229"}],"wp:featuredmedia":[{"embeddable":true,"href":"https:\/\/zetanutrition.hr\/sl\/wp-json\/wp\/v2\/media\/13227"}],"wp:attachment":[{"href":"https:\/\/zetanutrition.hr\/sl\/wp-json\/wp\/v2\/media?parent=13229"}],"wp:term":[{"taxonomy":"brand","embeddable":true,"href":"https:\/\/zetanutrition.hr\/sl\/wp-json\/wp\/v2\/brand?post=13229"},{"taxonomy":"product_brand","embeddable":true,"href":"https:\/\/zetanutrition.hr\/sl\/wp-json\/wp\/v2\/product_brand?post=13229"},{"taxonomy":"product_cat","embeddable":true,"href":"https:\/\/zetanutrition.hr\/sl\/wp-json\/wp\/v2\/product_cat?post=13229"},{"taxonomy":"product_tag","embeddable":true,"href":"https:\/\/zetanutrition.hr\/sl\/wp-json\/wp\/v2\/product_tag?post=13229"}],"curies":[{"name":"wp","href":"https:\/\/api.w.org\/{rel}","templated":true}]}}