{"id":13203,"date":"2025-06-08T08:22:28","date_gmt":"2025-06-08T08:22:28","guid":{"rendered":"https:\/\/zetanutrition.hr\/product\/amino-200-kapsula\/"},"modified":"2025-06-08T08:25:41","modified_gmt":"2025-06-08T08:25:41","slug":"amino-200-kapsula","status":"publish","type":"product","link":"https:\/\/zetanutrition.hr\/sl\/izdelek\/amino-200-kapsula\/","title":{"rendered":"Amino 200 kapsul"},"content":{"rendered":"<p>GENIUS NUTRITION\u00ae iAMINO<br \/>\nNova aminokislinska formula, pripravljena za izgradnjo vsakega mi\u0161i\u010dnega vlakna z najhitrej\u0161o mo\u017eno hitrostjo, vsebuje vrhunske aminokisline v obliki dipeptidov in tripeptidov. U\u010dinkovit pretok aminokislin je zagotovilo za naju\u010dinkovitej\u0161e rezultate v smislu pridobivanja mi\u0161ic, mo\u010di in zmogljivosti. Aminokisline pridobivamo s tehnolo\u0161kim postopkom, ki razgradi kakovosten proteinski izolat na kraj\u0161e verige aminokislin, imenovane peptidi. iAmino vsebuje predvsem dipeptide in tripeptide, ki se v \u010drevesju absorbirajo veliko hitreje kot proste aminokisline ali nedotaknjene beljakovine. iAmino uporablja druga\u010den transporter, da dose\u017ee krvni obtok, imenovan PEPT-1. Posledi\u010dno aminokisline med seboj ne tekmujejo, hitreje se absorbirajo, pretok aminokislin pa se znatno pove\u010da. Zato ta izdelek zau\u017eijte takoj po treningu, saj spodbuja hitrej\u0161e zvi\u0161anje ravni aminokislin v krvnem obtoku, kar u\u010dinkovito podpira rast mi\u0161i\u010dne mase in hitro zavira katabolizem mi\u0161i\u010dnih beljakovin. iAmino lahko zau\u017eijete kadarkoli v dnevu, da svoje mi\u0161ice nahranite s hranili, ki spodbujajo sintezo beljakovin, pomagajo prepre\u010diti katabolizem in podpirajo okrevanje. Ker iAmino vsebuje peptide \u2013 gradnike mi\u0161ic \u2013 v hitrodelujo\u010di hidrolizirani formuli, podpira okrevanje po vadbi in zmanj\u0161uje bole\u010dine v mi\u0161icah.<\/p>\n<p>Zakaj iAMINO<br \/>\nHitra absorpcija<br \/>\nPodpira okrevanje po vadbi in rast mi\u0161ic<br \/>\nPopoln vir aminokislin<br \/>\nVsebuje aminokisline s kraj\u0161o verigo<br \/>\nZmanj\u0161a bole\u010dine v mi\u0161icah<\/p>\n<p>NAVODILA ZA UPORABO:<br \/>\n\u27a0 Dnevi treninga: Za najbolj\u0161e rezultate zau\u017eijte 3-5 kapsul 20 minut pred treningom in takoj po treningu.<br \/>\n\u27a0 Dnevi brez treninga: Vzemite 3-4 kapsule med glavnimi obroki.<\/p>\n<p>Prehranska dopolnila so namenjena izklju\u010dno zdravim osebam. Ne jemljite, \u010de ste nose\u010di ali dojite. Hraniti izven dosega otrok. Tega prehranskega dopolnila ne smemo uporabljati kot nadomestilo za raznoliko in uravnote\u017eeno prehrano. Ne prekora\u010dite priporo\u010denega dnevnega odmerka. Po mo\u017enosti porabite pred datumom ozna\u010denim na embala\u017ei. Hraniti na hladnem in suhem mestu.<\/p>\n\n    <div class=\"xs_social_share_widget xs_share_url after_content \t\tmain_content  wslu-style-1 wslu-share-box-shaped wslu-fill-colored wslu-none wslu-share-horizontal wslu-theme-font-no wslu-main_content\">\n\n\t\t\n        <ul>\n\t\t\t        <\/ul>\n    <\/div> \n","protected":false},"excerpt":{"rendered":"<p>GENIUS NUTRITION\u00ae iAMINO Nova aminokislinska formula, pripravljena za izgradnjo vsakega mi\u0161i\u010dnega vlakna z najhitrej\u0161o mo\u017eno hitrostjo, vsebuje vrhunske aminokisline v obliki dipeptidov in tripeptidov. U\u010dinkovit pretok aminokislin je zagotovilo za naju\u010dinkovitej\u0161e rezultate v smislu pridobivanja mi\u0161ic, mo\u010di in zmogljivosti. Aminokisline pridobivamo s tehnolo\u0161kim postopkom, ki razgradi kakovosten proteinski izolat na kraj\u0161e verige aminokislin, imenovane peptidi. [&hellip;]<\/p>\n","protected":false},"featured_media":13201,"comment_status":"open","ping_status":"closed","template":"","meta":{"_acf_changed":false,"bwfblock_default_font":"","content-type":""},"brand":[178],"product_brand":[],"product_cat":[158,145,134],"product_tag":[],"class_list":{"0":"post-13203","1":"product","2":"type-product","3":"status-publish","4":"has-post-thumbnail","6":"brand-genius-nutrition","7":"product_cat-akcija-sl","8":"product_cat-aminokisline-sl","9":"product_cat-sportna-prehrana-sl","11":"first","12":"instock","13":"sale","14":"taxable","15":"shipping-taxable","16":"purchasable","17":"product-type-simple"},"acf":[],"_links":{"self":[{"href":"https:\/\/zetanutrition.hr\/sl\/wp-json\/wp\/v2\/product\/13203","targetHints":{"allow":["GET"]}}],"collection":[{"href":"https:\/\/zetanutrition.hr\/sl\/wp-json\/wp\/v2\/product"}],"about":[{"href":"https:\/\/zetanutrition.hr\/sl\/wp-json\/wp\/v2\/types\/product"}],"replies":[{"embeddable":true,"href":"https:\/\/zetanutrition.hr\/sl\/wp-json\/wp\/v2\/comments?post=13203"}],"wp:featuredmedia":[{"embeddable":true,"href":"https:\/\/zetanutrition.hr\/sl\/wp-json\/wp\/v2\/media\/13201"}],"wp:attachment":[{"href":"https:\/\/zetanutrition.hr\/sl\/wp-json\/wp\/v2\/media?parent=13203"}],"wp:term":[{"taxonomy":"brand","embeddable":true,"href":"https:\/\/zetanutrition.hr\/sl\/wp-json\/wp\/v2\/brand?post=13203"},{"taxonomy":"product_brand","embeddable":true,"href":"https:\/\/zetanutrition.hr\/sl\/wp-json\/wp\/v2\/product_brand?post=13203"},{"taxonomy":"product_cat","embeddable":true,"href":"https:\/\/zetanutrition.hr\/sl\/wp-json\/wp\/v2\/product_cat?post=13203"},{"taxonomy":"product_tag","embeddable":true,"href":"https:\/\/zetanutrition.hr\/sl\/wp-json\/wp\/v2\/product_tag?post=13203"}],"curies":[{"name":"wp","href":"https:\/\/api.w.org\/{rel}","templated":true}]}}