{"id":13165,"date":"2025-06-07T21:21:28","date_gmt":"2025-06-07T21:21:28","guid":{"rendered":"https:\/\/zetanutrition.hr\/product\/bcaa-200-kapsula\/"},"modified":"2025-06-07T21:26:02","modified_gmt":"2025-06-07T21:26:02","slug":"bcaa-200-kapsula","status":"publish","type":"product","link":"https:\/\/zetanutrition.hr\/sl\/izdelek\/bcaa-200-kapsula\/","title":{"rendered":"BCAA 200 kapsul"},"content":{"rendered":"<p>BCAA 200 kapsul \u2013 \u010dista u\u010dinkovitost, brez kompromisov<\/p>\n<p>Dose\u017eite svoje cilje z BCAA 200 kapsulami, napredno formulo, ustvarjeno za \u0161portnike, ki zahtevajo ve\u010d: ve\u010d mi\u0161ic, ve\u010d energije in hitrej\u0161e okrevanje. Vsaka porcija vsebuje 3000 mg \u010distih BCAA aminokislin v znanstveno dokazanem razmerju 2:1:1 \u2013 1500 mg L-levcina, 750 mg L-izolevcina in 750 mg L-valina \u2013 vse fermentirano iz rastlinskih virov za vrhunsko \u010distost in absorpcijo.<\/p>\n<p>Za razliko od obi\u010dajnih dodatkov iz perja ali hrustanca je BCAA 200 CAPS 100% veganski, brez laktoze, brez glutena, brez GSO in brez nepotrebnih dodatkov. Je \u010dist, brez alergenov in primeren za vsako dieto \u2013 brez sladkorja, brez ogljikovih hidratov.<\/p>\n<p>BCAA predstavljajo pribli\u017eno 35 % mi\u0161i\u010dnih beljakovin, igrajo klju\u010dno vlogo pri prepre\u010devanju razgradnje mi\u0161ic in spodbujanju sinteze beljakovin med intenzivnim treningom. Ne glede na to, ali \u017eelite pridobiti na masi ali shuj\u0161ati, ta dodatek zagotavlja, da va\u0161e telo hitreje okreva in deluje bolje.<\/p>\n<p>Klju\u010dne prednosti:<\/p>\n<p>3 g fermentiranih BCAA na porcijo (5 kapsul)<\/p>\n<p>\u010cisto razmerje 2:1:1 za najve\u010djo u\u010dinkovitost<\/p>\n<p>Popolnoma na rastlinski osnovi in \u200b\u200bbrez alergenov<\/p>\n<p>Brez \u017eivalskih sestavin, umetnih polnil ali dodatkov<\/p>\n<p>Podpira rast mi\u0161ic, energijo in okrevanje<\/p>\n<p>navodila:<br \/>\nVzemite 5 kapsul dnevno z velikim kozarcem vode, idealno pred in po treningu.<\/p>\n<p>Opomba:<br \/>\nSamo za zdrave odrasle osebe. Ne prekora\u010dite priporo\u010denega odmerka. Ni primerno med nose\u010dnostjo ali dojenjem.<\/p>\n<p>Razli\u010dica 2.0 \u2013 Zmogljivost v naj\u010distej\u0161i obliki.<\/p>\n\n    <div class=\"xs_social_share_widget xs_share_url after_content \t\tmain_content  wslu-style-1 wslu-share-box-shaped wslu-fill-colored wslu-none wslu-share-horizontal wslu-theme-font-no wslu-main_content\">\n\n\t\t\n        <ul>\n\t\t\t        <\/ul>\n    <\/div> \n","protected":false},"excerpt":{"rendered":"<p>BCAA 200 kapsul \u2013 \u010dista u\u010dinkovitost, brez kompromisov Dose\u017eite svoje cilje z BCAA 200 kapsulami, napredno formulo, ustvarjeno za \u0161portnike, ki zahtevajo ve\u010d: ve\u010d mi\u0161ic, ve\u010d energije in hitrej\u0161e okrevanje. Vsaka porcija vsebuje 3000 mg \u010distih BCAA aminokislin v znanstveno dokazanem razmerju 2:1:1 \u2013 1500 mg L-levcina, 750 mg L-izolevcina in 750 mg L-valina \u2013 [&hellip;]<\/p>\n","protected":false},"featured_media":13163,"comment_status":"open","ping_status":"closed","template":"","meta":{"_acf_changed":false,"bwfblock_default_font":"","content-type":""},"brand":[178],"product_brand":[],"product_cat":[158,145,134],"product_tag":[],"class_list":{"0":"post-13165","1":"product","2":"type-product","3":"status-publish","4":"has-post-thumbnail","6":"brand-genius-nutrition","7":"product_cat-akcija-sl","8":"product_cat-aminokisline-sl","9":"product_cat-sportna-prehrana-sl","11":"first","12":"instock","13":"sale","14":"taxable","15":"shipping-taxable","16":"purchasable","17":"product-type-simple"},"acf":[],"_links":{"self":[{"href":"https:\/\/zetanutrition.hr\/sl\/wp-json\/wp\/v2\/product\/13165","targetHints":{"allow":["GET"]}}],"collection":[{"href":"https:\/\/zetanutrition.hr\/sl\/wp-json\/wp\/v2\/product"}],"about":[{"href":"https:\/\/zetanutrition.hr\/sl\/wp-json\/wp\/v2\/types\/product"}],"replies":[{"embeddable":true,"href":"https:\/\/zetanutrition.hr\/sl\/wp-json\/wp\/v2\/comments?post=13165"}],"wp:featuredmedia":[{"embeddable":true,"href":"https:\/\/zetanutrition.hr\/sl\/wp-json\/wp\/v2\/media\/13163"}],"wp:attachment":[{"href":"https:\/\/zetanutrition.hr\/sl\/wp-json\/wp\/v2\/media?parent=13165"}],"wp:term":[{"taxonomy":"brand","embeddable":true,"href":"https:\/\/zetanutrition.hr\/sl\/wp-json\/wp\/v2\/brand?post=13165"},{"taxonomy":"product_brand","embeddable":true,"href":"https:\/\/zetanutrition.hr\/sl\/wp-json\/wp\/v2\/product_brand?post=13165"},{"taxonomy":"product_cat","embeddable":true,"href":"https:\/\/zetanutrition.hr\/sl\/wp-json\/wp\/v2\/product_cat?post=13165"},{"taxonomy":"product_tag","embeddable":true,"href":"https:\/\/zetanutrition.hr\/sl\/wp-json\/wp\/v2\/product_tag?post=13165"}],"curies":[{"name":"wp","href":"https:\/\/api.w.org\/{rel}","templated":true}]}}