{"id":13153,"date":"2025-06-07T21:13:28","date_gmt":"2025-06-07T21:13:28","guid":{"rendered":"https:\/\/zetanutrition.hr\/product\/aakg-200g\/"},"modified":"2025-06-07T21:16:34","modified_gmt":"2025-06-07T21:16:34","slug":"aakg-200g","status":"publish","type":"product","link":"https:\/\/zetanutrition.hr\/sl\/izdelek\/aakg-200g\/","title":{"rendered":"AAKG 200g"},"content":{"rendered":"<p>PREDNOSTI<\/p>\n<p>Pove\u010da sintezo beljakovin<br \/>\nOdli\u010den razstrupljevalec<br \/>\nPodpira du\u0161ikov oksid<br \/>\nZa normalen krvni tlak<br \/>\nPrepre\u010duje nastajanje mle\u010dne kisline<br \/>\nPodpira du\u0161ikov oksid<br \/>\nSuper koncentrirano: razmerje 2:1<br \/>\nNajbolj\u0161a oblika arginina: AKG<br \/>\n100% \u010dista<\/p>\n<p>O GENIUS NUTRITION ARGININE AKG<\/p>\n<p>Ta aminokislina je vklju\u010dena v razli\u010dne presnovne procese. Izbolj\u0161uje prekrvavitev, krepi imunski sistem in pozitivno vpliva na mo\u0161ki libido. Arginin spodbuja tudi izgorevanje ma\u0161\u010dob s pove\u010danjem metabolizma in zmanj\u0161anjem rasti belega ma\u0161\u010dobnega tkiva (slaba ma\u0161\u010doba je skoncentrirana predvsem v predelu trebuha). Arginin spodbuja rast mitohondrijev (elektrarna celice) in spodbuja rjavo ma\u0161\u010dobno tkivo, dobro ma\u0161\u010dobo, ki ustvarja toploto, kar je zelo u\u010dinkovito pri zmanj\u0161evanju telesne ma\u0161\u010dobe, pove\u010danju mase in izbolj\u0161anju zdravja presnove. Arginin je bistven tudi za proizvodnjo du\u0161ikovega oksida, ki je potreben za nadzor pretoka krvi. Britanski znanstveniki z Univerze v Exeterju so ugotovili, da je 6 gramov arginina zni\u017ealo krvni tlak za 7 % med vadbo in pove\u010dalo vzdr\u017eljivost za 21 %. Arginin je tudi odli\u010den razstrupljevalec; intenzivna mi\u0161i\u010dna vadba vodi do kopi\u010denja amoniaka, vendar arginin, ki je vmesni produkt cikla se\u010dnine, presnovnega cikla, ki vodi do zmanj\u0161anja koncentracije amoniaka, pomaga uravnavati koncentracijo proizvedenega amoniaka.<\/p>\n<p>KAKO UPORABLJATI AAKG PRAH<\/p>\n<p>Priporo\u010den dnevni odmerek: 1-2 merici z 200 ml vode, v deljenih odmerkih, med obroki ali ob vadbi pred telesno aktivnostjo.<\/p>\n<p>Opozorilo! Prehranska dopolnila so namenjena izklju\u010dno zdravim osebam. Ne jemljite, \u010de ste nose\u010di ali dojite. Hraniti izven dosega otrok. To prehransko dopolnilo se ne sme uporabljati kot nadomestilo za raznoliko in uravnote\u017eeno prehrano. Ne prekora\u010dite priporo\u010denega dnevnega odmerka. Po mo\u017enosti porabite pred datumom, ki je naveden na embala\u017ei. Hraniti na hladnem in suhem mestu.<\/p>\n\n    <div class=\"xs_social_share_widget xs_share_url after_content \t\tmain_content  wslu-style-1 wslu-share-box-shaped wslu-fill-colored wslu-none wslu-share-horizontal wslu-theme-font-no wslu-main_content\">\n\n\t\t\n        <ul>\n\t\t\t        <\/ul>\n    <\/div> \n","protected":false},"excerpt":{"rendered":"<p>PREDNOSTI Pove\u010da sintezo beljakovin Odli\u010den razstrupljevalec Podpira du\u0161ikov oksid Za normalen krvni tlak Prepre\u010duje nastajanje mle\u010dne kisline Podpira du\u0161ikov oksid Super koncentrirano: razmerje 2:1 Najbolj\u0161a oblika arginina: AKG 100% \u010dista O GENIUS NUTRITION ARGININE AKG Ta aminokislina je vklju\u010dena v razli\u010dne presnovne procese. Izbolj\u0161uje prekrvavitev, krepi imunski sistem in pozitivno vpliva na mo\u0161ki libido. Arginin [&hellip;]<\/p>\n","protected":false},"featured_media":13151,"comment_status":"open","ping_status":"closed","template":"","meta":{"_acf_changed":false,"bwfblock_default_font":"","content-type":""},"brand":[],"product_brand":[],"product_cat":[158,145,137,134],"product_tag":[],"class_list":{"0":"post-13153","1":"product","2":"type-product","3":"status-publish","4":"has-post-thumbnail","6":"product_cat-akcija-sl","7":"product_cat-aminokisline-sl","8":"product_cat-preworkout-sl","9":"product_cat-sportna-prehrana-sl","11":"first","12":"instock","13":"sale","14":"taxable","15":"shipping-taxable","16":"purchasable","17":"product-type-simple"},"acf":[],"_links":{"self":[{"href":"https:\/\/zetanutrition.hr\/sl\/wp-json\/wp\/v2\/product\/13153","targetHints":{"allow":["GET"]}}],"collection":[{"href":"https:\/\/zetanutrition.hr\/sl\/wp-json\/wp\/v2\/product"}],"about":[{"href":"https:\/\/zetanutrition.hr\/sl\/wp-json\/wp\/v2\/types\/product"}],"replies":[{"embeddable":true,"href":"https:\/\/zetanutrition.hr\/sl\/wp-json\/wp\/v2\/comments?post=13153"}],"wp:featuredmedia":[{"embeddable":true,"href":"https:\/\/zetanutrition.hr\/sl\/wp-json\/wp\/v2\/media\/13151"}],"wp:attachment":[{"href":"https:\/\/zetanutrition.hr\/sl\/wp-json\/wp\/v2\/media?parent=13153"}],"wp:term":[{"taxonomy":"brand","embeddable":true,"href":"https:\/\/zetanutrition.hr\/sl\/wp-json\/wp\/v2\/brand?post=13153"},{"taxonomy":"product_brand","embeddable":true,"href":"https:\/\/zetanutrition.hr\/sl\/wp-json\/wp\/v2\/product_brand?post=13153"},{"taxonomy":"product_cat","embeddable":true,"href":"https:\/\/zetanutrition.hr\/sl\/wp-json\/wp\/v2\/product_cat?post=13153"},{"taxonomy":"product_tag","embeddable":true,"href":"https:\/\/zetanutrition.hr\/sl\/wp-json\/wp\/v2\/product_tag?post=13153"}],"curies":[{"name":"wp","href":"https:\/\/api.w.org\/{rel}","templated":true}]}}