{"id":13140,"date":"2025-06-07T21:06:54","date_gmt":"2025-06-07T21:06:54","guid":{"rendered":"https:\/\/zetanutrition.hr\/product\/bcaa-811-glutamin\/"},"modified":"2025-06-07T21:09:23","modified_gmt":"2025-06-07T21:09:23","slug":"bcaa-811-glutamin","status":"publish","type":"product","link":"https:\/\/zetanutrition.hr\/sl\/izdelek\/bcaa-811-glutamin\/","title":{"rendered":"BCAA 811 + GLUTAMIN"},"content":{"rendered":"<p>BCAA811 proizvajalca GENIUS NUTRITION<\/p>\n<p>BCAA811 je edinstven super hiter BCAA malat z razmerjem 8:1:1. BCAA (l-levcin dl-malat, l-izolevcin dl-malat, valin dl-malat) je kemi\u010dno vezan na sol jabol\u010dne kisline, ki lahko pove\u010da biolo\u0161ko uporabnost aminokisline. Med vadbo se BCAA malat razgradi hitreje kot druge aminokisline, zaradi \u010desar je najbolj\u0161i izdelek BCAA za u\u017eivanje pred\/med\/po vadbi.<\/p>\n<p>\u0160tudije ka\u017eejo, da je levcin odgovoren za sintezo mi\u0161i\u010dnih beljakovin (MPS) in je najbolj anaboli\u010dna aminokislina. Izo-levcin je odgovoren za privzem glukoze v celice. \u010ceprav ni bilo veliko posebnih raziskav o vlogi valina, trenutne \u0161tudije ka\u017eejo, da je njegova uporaba v telesu podobna uporabi levcina, \u010deprav v \u0161ibkej\u0161em stanju. U\u017eivanje BCAA pred in med treningom bo prepre\u010dilo padec ravni BCAA v krvi in \u200b\u200bs tem potencialni dotok triptofana v mo\u017egane, kar bi posledi\u010dno pove\u010dalo serotonin in posledi\u010dno povzro\u010dilo utrujenost. Posledi\u010dno je levcin postal primarna BCAA, ki je odgovorna za spodbujanje sinteze beljakovin za olaj\u0161anje okrevanja, izgradnjo mi\u0161ic in izgubo ma\u0161\u010dobe, zato na\u0161 izdelek va\u0161im mi\u0161icam dostavi dovolj levcina za doseganje u\u010dinkovitih rezultatov pri izgradnji mi\u0161ic.<\/p>\n<p>DODAN TAVRIN<\/p>\n<p>\u0160tevilne \u0161tudije, izvedene na treniranih in netreniranih posameznikih, ka\u017eejo, da so aminokisline BCAA vredne \u010dasa in denarja za zmanj\u0161anje bole\u010dine v mi\u0161icah kot odziv na vadbo z odpornostjo in vzdr\u017eljivostjo. Nedavna \u0161tudija je pokazala, da imajo aminokisline BCAA sinergisti\u010dni u\u010dinek v kombinaciji z aminokislino tavrin. Mo\u0161ki, ki niso bili usposobljeni, so jemali placebo, samo tavrin ali same aminokisline BCAA. Nato so izvedli ekscentri\u010dno vajo, ki je po\u0161kodovala mi\u0161ice. Skupina, ki je jemala tavrin in aminokisline BCAA, je imela ob\u010dutno manj po\u0161kodb mi\u0161ic in je imela manj mi\u0161i\u010dnih bole\u010din v 4-dnevnem obdobju okrevanja po vadbi kot vse druge skupine, ki so jemale dodatek. Tavrin in aminokisline BCAA skupaj zagotavljajo tri prednosti: Prvi\u010d, izbolj\u0161ajo vsebnost vode v mi\u0161i\u010dnih vlaknih, kar vodi do manj\u0161e po\u0161kodbe mi\u0161ic. Drugi\u010d, zagotavljanje ve\u010d aminokislin lahko izbolj\u0161a ob\u010dutljivost kontraktilnega dela mi\u0161i\u010dnih vlaken na kalcij, hkrati pa tudi zavira nastajanje kreatin kinaze, stranskega produkta, ki kopi\u010di in spodbuja mi\u0161i\u010dno utrujenost. Tretji\u010d, tavrin in BCAA zmanj\u0161ujejo oksidativni stres. Preprosto povedano, ta dinami\u010dni duo zmanj\u0161a &#8220;smeti&#8221;, ki nastanejo med intenzivnim treningom, kar pomeni manj bole\u010din v mi\u0161icah in hitrej\u0161e okrevanje.<\/p>\n<p>DODANA VITAMINA B6 IN B9<\/p>\n<p>Vitamini B so bistveni za presnovo aminokislin in se lahko zmanj\u0161ajo, ko jemljete visoke odmerke BCAA. Vitamini B so bistveni za vse, od obvladovanja tesnobe in kognitivnih funkcij do presnove energije in izogibanja hrepenenju po hrani. Vitamin B6 je potreben za proizvodnjo encima, imenovanega razvejana ketokislinska dehidrogenaza (BCKAD), ki ga telo potrebuje za u\u010dinkovito razgradnjo in uporabo BCAA.<\/p>\n<p>NAJBOLJ\u0160E SESTAVINE IN NAJBOLJ\u0160I OKUS<\/p>\n<p>BCAA so bistvenega pomena za okrevanje, rast in popravilo mi\u0161ic ter prepre\u010dujejo po\u0161kodbe mi\u0161ic, razgradnjo in bole\u010dine. Z drugimi besedami, zau\u017eitje razvejanih aminokislin po treningu in zadostne koli\u010dine pred njim vam lahko pomaga bolje in hitreje okrevati z manj nelagodja. Na\u0161 izdelek BCAA811 je brez GSO in je proizveden s 100-odstotno fermentirano tehnologijo, je popolnoma topen v vodi in enostaven za me\u0161anje.<\/p>\n<p>KAKO UPORABLJATI<br \/>\n\u27a0 Ena merica (16 g) pred treningom z 250 ml vode. Dnevi brez treninga: ena merica (16 g) med obroki.<\/p>\n<p>Opozorilo! Prehranska dopolnila so namenjena izklju\u010dno zdravim osebam. Ne jemljite, \u010de ste nose\u010di ali dojite. Hraniti izven dosega otrok. To prehransko dopolnilo se ne sme uporabljati kot nadomestilo za raznoliko in uravnote\u017eeno prehrano. Ne prekora\u010dite priporo\u010denega dnevnega odmerka. Po mo\u017enosti porabite pred datumom, ki je naveden na embala\u017ei. Hraniti na hladnem in suhem mestu.<\/p>\n\n    <div class=\"xs_social_share_widget xs_share_url after_content \t\tmain_content  wslu-style-1 wslu-share-box-shaped wslu-fill-colored wslu-none wslu-share-horizontal wslu-theme-font-no wslu-main_content\">\n\n\t\t\n        <ul>\n\t\t\t        <\/ul>\n    <\/div> \n","protected":false},"excerpt":{"rendered":"<p>BCAA811 proizvajalca GENIUS NUTRITION BCAA811 je edinstven super hiter BCAA malat z razmerjem 8:1:1. BCAA (l-levcin dl-malat, l-izolevcin dl-malat, valin dl-malat) je kemi\u010dno vezan na sol jabol\u010dne kisline, ki lahko pove\u010da biolo\u0161ko uporabnost aminokisline. Med vadbo se BCAA malat razgradi hitreje kot druge aminokisline, zaradi \u010desar je najbolj\u0161i izdelek BCAA za u\u017eivanje pred\/med\/po vadbi. \u0160tudije [&hellip;]<\/p>\n","protected":false},"featured_media":13133,"comment_status":"open","ping_status":"closed","template":"","meta":{"_acf_changed":false,"bwfblock_default_font":"","content-type":""},"brand":[178],"product_brand":[],"product_cat":[158,145,134],"product_tag":[],"class_list":{"0":"post-13140","1":"product","2":"type-product","3":"status-publish","4":"has-post-thumbnail","6":"brand-genius-nutrition","7":"product_cat-akcija-sl","8":"product_cat-aminokisline-sl","9":"product_cat-sportna-prehrana-sl","11":"first","12":"outofstock","13":"sale","14":"taxable","15":"shipping-taxable","16":"purchasable","17":"product-type-variable"},"acf":[],"_links":{"self":[{"href":"https:\/\/zetanutrition.hr\/sl\/wp-json\/wp\/v2\/product\/13140","targetHints":{"allow":["GET"]}}],"collection":[{"href":"https:\/\/zetanutrition.hr\/sl\/wp-json\/wp\/v2\/product"}],"about":[{"href":"https:\/\/zetanutrition.hr\/sl\/wp-json\/wp\/v2\/types\/product"}],"replies":[{"embeddable":true,"href":"https:\/\/zetanutrition.hr\/sl\/wp-json\/wp\/v2\/comments?post=13140"}],"wp:featuredmedia":[{"embeddable":true,"href":"https:\/\/zetanutrition.hr\/sl\/wp-json\/wp\/v2\/media\/13133"}],"wp:attachment":[{"href":"https:\/\/zetanutrition.hr\/sl\/wp-json\/wp\/v2\/media?parent=13140"}],"wp:term":[{"taxonomy":"brand","embeddable":true,"href":"https:\/\/zetanutrition.hr\/sl\/wp-json\/wp\/v2\/brand?post=13140"},{"taxonomy":"product_brand","embeddable":true,"href":"https:\/\/zetanutrition.hr\/sl\/wp-json\/wp\/v2\/product_brand?post=13140"},{"taxonomy":"product_cat","embeddable":true,"href":"https:\/\/zetanutrition.hr\/sl\/wp-json\/wp\/v2\/product_cat?post=13140"},{"taxonomy":"product_tag","embeddable":true,"href":"https:\/\/zetanutrition.hr\/sl\/wp-json\/wp\/v2\/product_tag?post=13140"}],"curies":[{"name":"wp","href":"https:\/\/api.w.org\/{rel}","templated":true}]}}