{"id":13121,"date":"2025-06-07T20:48:11","date_gmt":"2025-06-07T20:48:11","guid":{"rendered":"https:\/\/zetanutrition.hr\/product\/eaa-core-400g\/"},"modified":"2025-06-07T20:56:54","modified_gmt":"2025-06-07T20:56:54","slug":"eaa-core-400g","status":"publish","type":"product","link":"https:\/\/zetanutrition.hr\/sl\/izdelek\/eaa-core-400g\/","title":{"rendered":"EAA CORE 400g"},"content":{"rendered":"<p>EAACORE BY GENIUS NUTRITION\u00ae<\/p>\n<p>EAACORE je prehransko dopolnilo, sestavljeno iz devetih esencialnih aminokislin. Trenutno obstaja ve\u010d kot 20 aminokislin; nekatere pa telo lahko sintetizira naravno, drugih pa ne. \u010clove\u0161ko telo potrebuje aminokisline za izvajanje vseh vrst funkcij in notranjih procesov, a kot \u017ee omenjeno, jih je le nekaj mogo\u010de sintetizirati naravno. Te so znane kot neesencialne aminokisline. Esencialne aminokisline so aminokisline, ki jih telo potrebuje, vendar jih ne more proizvesti naravno, zato jih je treba pridobiti s hrano in dodatki. Aminokisline so gradniki beljakovinskih molekul in so zato nujne za vsakogar, ki \u017eeli zgraditi in ohraniti mi\u0161i\u010dno maso, pa tudi za vsakogar, ki \u017eeli preprosto u\u017eivati \u200b\u200bv optimalnem zdravju in dobrem po\u010dutju.<\/p>\n<p>EAACORE je sestavljen iz naslednjih devetih esencialnih aminokislin:<\/p>\n<p>HISTIDIN<\/p>\n<p>Histidin je esencialna aminokislina, ki sodeluje pri \u0161tevilnih presnovnih procesih v \u010dlove\u0161kem telesu. Uporabniku prina\u0161a ne\u0161teto koristi, \u010deprav ga uporabljajo predvsem ljudje, ki se spopadajo s te\u017eavami s sklepi in alergijskimi reakcijami. Zlasti je bilo ugotovljeno, da ima histidin potencialno bla\u017eilne u\u010dinke proti artritisu in alergijam. Ugotovljeno je bilo celo, da lahko pomaga pri zdravljenju anemije in razjed.<\/p>\n<p>IZOLEVCIN<\/p>\n<p>Poleg tega, da je izolevcin esencialna aminokislina, je pravzaprav ena od treh aminokislin z razvejano verigo ali BCAA in je zato zelo priljubljeno prehransko dopolnilo pri \u0161portu in bodybuildingu. Ugotovljeno je bilo, da izolevcin izbolj\u0161uje vzdr\u017eljivost, pomaga pri strjevanju krvi in \u200b\u200bceljenju po\u0161kodb ter pomaga pri obnovi po\u0161kodovanega mi\u0161i\u010dnega tkiva.<\/p>\n<p>LEUCIN<\/p>\n<p>Levcin je druga aminokislina BCAA, ki jo vsebuje EAACORE, in je popolna aminokislina za vsakogar, ki \u017eeli pove\u010dati mi\u0161i\u010dno maso, zgraditi mi\u0161ice in okrevati po naporni dejavnosti. \u0160tudije so pokazale, da levcin pomaga spro\u017eiti sintezo beljakovin skoraj takoj po vadbi in dejansko je bilo ugotovljeno, da je mo\u010dnej\u0161i od drugih aminokislin in tako pomaga spodbuditi telo, da sintetizira ve\u010d mi\u0161i\u010dnih beljakovin po vadbi. Pomaga tudi pove\u010dati ob\u010dutljivost za inzulin, kar pomaga uravnavati raven hormonov in lahko pomaga nadzorovati odstotek telesne ma\u0161\u010dobe.<\/p>\n<p>LIZIN<\/p>\n<p>Lizin je \u0161e ena esencialna aminokislina, ki igra klju\u010dno vlogo pri obnovi in \u200b\u200brasti tkiv, poleg tega pa so ugotovili, da ima zelo ugodne u\u010dinke na imunski sistem. \u0160tudije so pokazale, da lahko lizin pomaga spodbuditi proizvodnjo protiteles v telesu, kar krepi imunski sistem in zagotavlja celo vrsto koristi za zdravje in dobro po\u010dutje. Prav tako pomaga krepiti kosti z izbolj\u0161anjem absorpcije kalcija, tako da se je mogo\u010de izogniti boleznim, kot so osteoporoza in krhke kosti.<\/p>\n<p>FENILALAIN<\/p>\n<p>Poleg zagotavljanja stimulativnih u\u010dinkov na ravni sinteze beljakovin je ta posebna aminokislina najbolj znana po svojih pozitivnih u\u010dinkih na du\u0161evno zdravje. Fenilalanin je aminokislina, ki izbolj\u0161uje zdravje in delovanje mo\u017eganov ter lahko potencialno pomaga pri zdravljenju in prepre\u010devanju stanj, kot so depresija, stres in tesnoba. Telo uporablja fenilalanin za proizvodnjo kemi\u010dnih prena\u0161alcev sporo\u010dil in receptorjev v mo\u017eganih, ki pomagajo proizvajati hormone dobrega po\u010dutja, ki spodbujajo ob\u010dutke spro\u0161\u010denosti in sre\u010de.<\/p>\n<p>METIONIN<\/p>\n<p>To aminokislino lahko najbolje opi\u0161emo kot proteinogeno aminokislino. Zdaj ga vklju\u010dujejo v vse ve\u010d prehranskih dopolnil za izgorevanje ma\u0161\u010dob, saj so ugotovili, da po zau\u017eitju topi ma\u0161\u010dobe. Prav tako pomaga prepre\u010devati kopi\u010denje visceralne ma\u0161\u010dobe in pomaga ohranjati zdravje glavnih organov, vklju\u010dno z jetri. Poleg tega ima ta aminokislina klju\u010dno vlogo pri tvorbi hrustanca, ki pomaga ohranjati zdravo in u\u010dinkovito delovanje sklepov. Ugotovljeno je bilo celo, da spodbuja proizvodnjo keratina in zato lahko pomaga ohranjati zdrave nohte in prepre\u010duje izpadanje las.<\/p>\n<p>TRIPTOFAN<\/p>\n<p>Triptofan je aminokislina, ki ima tudi klju\u010dno vlogo pri du\u0161evnem zdravju in dobrem po\u010dutju, saj deluje kot predhodnik za proizvodnjo serotonina. Serotonin je hormonski nevrotransmiter, ki izbolj\u0161uje na\u0161e razpolo\u017eenje, spodbuja dober spanec in nas na splo\u0161no naredi sre\u010dnej\u0161e in samozavestnej\u0161e. Telo naravno uporabi to aminokislino in jo pretvori v vitamin B, ki se nato uporabi za proizvodnjo serotonina. Triptofan dejansko najdemo v \u0161tevilnih mesnih in mle\u010dnih izdelkih, zlasti v puranu.<\/p>\n<p>TREENINE<\/p>\n<p>Treonin je \u0161e ena esencialna aminokislina, ki blagodejno vpliva na \u010dlove\u0161ki \u017eiv\u010dni sistem. Ugotovljeno je bilo, da potencialno nudi dolo\u010deno raven za\u0161\u010dite pred nevrolo\u0161kimi stanji, kot sta ALS in MS. Ko ga telo zau\u017eije, pretvori treonin v spojino, znano kot glicin, ki jo nato mo\u017egani uporabijo za zmanj\u0161anje mi\u0161i\u010dnih kontrakcij in kr\u010dev. Prav tako je zelo koristen, ker lahko prepre\u010di bole\u010de mi\u0161i\u010dne kr\u010de in ubla\u017ei DOMS (odlo\u017eeno mi\u0161i\u010dno bole\u010dino) po vadbi.<\/p>\n<p>VALIN<\/p>\n<p>Nazadnje, zadnja od devetih esencialnih aminokislin v na\u0161em izdelku je pravzaprav zadnja od na\u0161ih treh BCAA \u2013 valin. Valin ima stimulativne lastnosti in je nujen za obnovo in rast mi\u0161i\u010dnega tkiva. V kombinaciji z levcinom in izolevcinom, drugimi BCAA, valin dejansko predstavlja ve\u010d kot 70 % aminokislin, ki jih najdemo v beljakovinah v \u010dlove\u0161kem telesu. \u0160tudije so nizke ravni valina povezale tudi z oslabljeno kognitivno funkcijo, zaradi \u010desar je koristen tudi za mo\u017egane.<\/p>\n<p>&nbsp;<\/p>\n<p>KAKO DELUJE<\/p>\n<p>Zdaj, ko vemo, katere aminokisline so v tem EAACORE, moramo ugotoviti, kako deluje. No, \u010de smo popolnoma iskreni, \u010de bi na\u0161teli vsak posamezen na\u010din delovanja EAACORE, bi bili tukaj ves dan, zato se bomo namesto tega posku\u0161ali tako reko\u010d dotakniti klju\u010dnih to\u010dk. EAACORE vsebuje esencialne aminokisline, ki jih \u010dlove\u0161ko telo potrebuje, vendar jih ne more proizvesti samo. Te aminokisline bi obi\u010dajno morale prihajati iz virov hrane, vendar bi to trajalo ve\u010dno, saj razli\u010dna \u017eivila vsebujejo razli\u010dne aminokisline. Vendar pa vam ta EAACORE ponuja vse, kar potrebujete, vse v enem. Za bodybuilding in atletske namene je EAACORE idealen, ker vsebuje aminokisline, ki igrajo klju\u010dno vlogo pri sintezi beljakovin, kar v bistvu pomeni, da pomagajo telesu ustvariti nove mi\u0161i\u010dne beljakovine in tkiva za popravilo po\u0161kodovanih po vadbi. Obstajajo tudi \u0161tevilne aminokisline, za katere se je izkazalo, da izbolj\u0161ujejo kognitivne funkcije in du\u0161evno zdravje, kar pomeni, da krepijo in spodbujajo zdravje in mo\u010d mo\u017eganov, hkrati pa izbolj\u0161ujejo du\u0161evno zdravje uporabnika in pomagajo pri za\u0161\u010diti pred stanji, kot sta stres in depresija. Kon\u010dno so tu \u0161e splo\u0161ne koristi za zdravje in koristi zaradi aminokislin, ki krepijo imunski sistem in pomagajo pove\u010dati proizvodnjo protiteles, poleg tega pa zagotavljajo splo\u0161ne koristi za zdravje in koristi za druge pomembne organe v telesu. Ta EAACORE vsebuje tudi aminokisline, ki pospe\u0161ujejo metabolizem, pove\u010dujejo raven energije in pomagajo pri kurjenju vi\u0161jih ravni telesne ma\u0161\u010dobe v primerjavi s tisto, ki bi jo obi\u010dajno porabili.<\/p>\n<p>PREDNOSTI PREHRANSKIH DODATKOV EAACORE<\/p>\n<p>Rast mi\u0161ic<\/p>\n<p>Aminokisline so gradniki beljakovinskih molekul in ker so beljakovine klju\u010dne za rast in obnovo mi\u0161i\u010dnega tkiva, je o\u010ditno, da vam bo zagotavljanje zadostnega vnosa aminokislin pomagalo pove\u010dati mi\u0161i\u010dno maso in mo\u010d.<\/p>\n<p>Priro\u010dnost uporabe<\/p>\n<p>Kot je navedeno zgoraj, to prehransko dopolnilo vsebuje aminokisline, znane kot &#8220;esencialne&#8221; aminokisline, ki jih telo potrebuje, vendar jih ne more sintetizirati samo. To pomeni, da jih je treba zau\u017eiti s prehrano in dodatnimi viri, vendar bi se poskus, da bi to storili posamezno, da bi dobili vseh devet aminokislin, izkazal za zelo dragega in dolgotrajnega, saj razli\u010dna \u017eivila in dodatki vsebujejo razli\u010dne aminokisline. Vendar pa EAACORE zdru\u017euje vseh devet aminokislin v enem izdelku, tako da vam bo ena porcija dala vse, kar potrebujete.<\/p>\n<p>Izbolj\u0161ano du\u0161evno zdravje<\/p>\n<p>Dokazano je, da mnoge aminokisline, ki jih vsebuje ta dodatek, uporabnikom zagotavljajo pomembne koristi za du\u0161evno zdravje, saj pomagajo izbolj\u0161ati kognitivne funkcije, hkrati pa zagotavljajo u\u010dinke, ki bi lahko pomagali pri zdravljenju in za\u0161\u010diti pred motnjami du\u0161evnega zdravja, kot sta stres in depresija. Preprosto povedano, EAA, ki jih vsebuje ta izdelek, bodo potencialno naredili va\u0161e mo\u017egane bolj zdrave in poskrbeli, da se boste po\u010dutili sre\u010dnej\u0161e in bolj izpolnjene.<\/p>\n<p>Izbolj\u0161ano splo\u0161no zdravje in dobro po\u010dutje<\/p>\n<p>Dokazano je, da \u0161tevilne aminokisline, ki jih vsebuje ta dodatek, krepijo imunski sistem in imunsko funkcijo ter pomagajo zagotoviti druge koristi za zdravje in dobro po\u010dutje, potencialno pri zdravljenju in prepre\u010devanju nekaterih bolezni. Za ljudi, ki \u017eelijo izbolj\u0161ati svoje zdravje in dobro po\u010dutje, je ta dodatek popolnoma idealen.<\/p>\n<p>Mo\u017ene kombinacije<\/p>\n<p>Medtem ko se EAACORE uporablja predvsem za bodybuilding in atletske namene, ga nekateri raje uporabljajo zaradi zdravstvenih koristi. \u010ce to velja za vas, ga preprosto kombinirajte z dodatkom ribjega olja in multivitaminom in pripravljeni ste. Za bodybuilding paket, ki vam bo zagotovo pomagal pove\u010dati mi\u0161i\u010dno maso, se izjemno dobro obnese naslednja kombinacija: Fury Extreme, Glycogex, Creatine, iVitamins.<\/p>\n<p>ZAKAJ EAACORE<\/p>\n<p>Popolna formula EAA<\/p>\n<p>5000 mg BCAA na porcijo<\/p>\n<p>Pospe\u0161uje okrevanje po vadbi<\/p>\n<p>Ultra hitra absorpcija<\/p>\n<p>Brez umetnih arom, umetnih barvil ali GSO<\/p>\n<p>Nova tehnologija me\u0161anja in aromatiziranja<\/p>\n<p>Odli\u010den okus<\/p>\n<p>NAVODILA<\/p>\n<p>\u27a0 Dnevi vadbe: Dodajte 1 merico izdelka v shaker in prelijte s 300 ml hladne vode. Pokrijte in stresajte 20-30 sekund. Zau\u017eijte 1 merico 10 minut pred ali med treningom.<\/p>\n<p>\u27a0 Dnevi brez vadbe: Zau\u017eijte 1 merico zjutraj in \u0161e 1 merico med obroki.<\/p>\n<p>Prehranska dopolnila so namenjena izklju\u010dno zdravim osebam. Ne jemljite, \u010de ste nose\u010di ali dojite. Hraniti izven dosega otrok. To prehransko dopolnilo se ne sme uporabljati kot nadomestilo za raznoliko in uravnote\u017eeno prehrano. Ne prekora\u010dite priporo\u010denega dnevnega odmerka. Po mo\u017enosti porabite pred datumom, ki je naveden na embala\u017ei. Hraniti na hladnem in suhem mestu.<\/p>\n\n    <div class=\"xs_social_share_widget xs_share_url after_content \t\tmain_content  wslu-style-1 wslu-share-box-shaped wslu-fill-colored wslu-none wslu-share-horizontal wslu-theme-font-no wslu-main_content\">\n\n\t\t\n        <ul>\n\t\t\t        <\/ul>\n    <\/div> \n","protected":false},"excerpt":{"rendered":"<p>EAACORE BY GENIUS NUTRITION\u00ae EAACORE je prehransko dopolnilo, sestavljeno iz devetih esencialnih aminokislin. Trenutno obstaja ve\u010d kot 20 aminokislin; nekatere pa telo lahko sintetizira naravno, drugih pa ne. \u010clove\u0161ko telo potrebuje aminokisline za izvajanje vseh vrst funkcij in notranjih procesov, a kot \u017ee omenjeno, jih je le nekaj mogo\u010de sintetizirati naravno. Te so znane kot [&hellip;]<\/p>\n","protected":false},"featured_media":13116,"comment_status":"open","ping_status":"closed","template":"","meta":{"_acf_changed":false,"bwfblock_default_font":"","content-type":""},"brand":[178],"product_brand":[],"product_cat":[158,145,134],"product_tag":[],"class_list":{"0":"post-13121","1":"product","2":"type-product","3":"status-publish","4":"has-post-thumbnail","6":"brand-genius-nutrition","7":"product_cat-akcija-sl","8":"product_cat-aminokisline-sl","9":"product_cat-sportna-prehrana-sl","11":"first","12":"outofstock","13":"sale","14":"taxable","15":"shipping-taxable","16":"purchasable","17":"product-type-variable"},"acf":[],"_links":{"self":[{"href":"https:\/\/zetanutrition.hr\/sl\/wp-json\/wp\/v2\/product\/13121","targetHints":{"allow":["GET"]}}],"collection":[{"href":"https:\/\/zetanutrition.hr\/sl\/wp-json\/wp\/v2\/product"}],"about":[{"href":"https:\/\/zetanutrition.hr\/sl\/wp-json\/wp\/v2\/types\/product"}],"replies":[{"embeddable":true,"href":"https:\/\/zetanutrition.hr\/sl\/wp-json\/wp\/v2\/comments?post=13121"}],"wp:featuredmedia":[{"embeddable":true,"href":"https:\/\/zetanutrition.hr\/sl\/wp-json\/wp\/v2\/media\/13116"}],"wp:attachment":[{"href":"https:\/\/zetanutrition.hr\/sl\/wp-json\/wp\/v2\/media?parent=13121"}],"wp:term":[{"taxonomy":"brand","embeddable":true,"href":"https:\/\/zetanutrition.hr\/sl\/wp-json\/wp\/v2\/brand?post=13121"},{"taxonomy":"product_brand","embeddable":true,"href":"https:\/\/zetanutrition.hr\/sl\/wp-json\/wp\/v2\/product_brand?post=13121"},{"taxonomy":"product_cat","embeddable":true,"href":"https:\/\/zetanutrition.hr\/sl\/wp-json\/wp\/v2\/product_cat?post=13121"},{"taxonomy":"product_tag","embeddable":true,"href":"https:\/\/zetanutrition.hr\/sl\/wp-json\/wp\/v2\/product_tag?post=13121"}],"curies":[{"name":"wp","href":"https:\/\/api.w.org\/{rel}","templated":true}]}}