{"id":12988,"date":"2025-05-29T13:37:59","date_gmt":"2025-05-29T13:37:59","guid":{"rendered":"https:\/\/zetanutrition.hr\/product\/100-zeta-whey-professional-2kg-zeta-kreatin-bomboni-120-kom\/"},"modified":"2025-05-29T13:46:17","modified_gmt":"2025-05-29T13:46:17","slug":"100-zeta-whey-professional-2kg-zeta-kreatin-bomboni-120-kom","status":"publish","type":"product","link":"https:\/\/zetanutrition.hr\/sl\/izdelek\/100-zeta-whey-professional-2kg-zeta-kreatin-bomboni-120-kom\/","title":{"rendered":"100% ZETA WHEY PROFESSIONAL 2kg + ZETA Kreatin bonboni 120 kos"},"content":{"rendered":"<h1>ZETA Nutrition &#8211; 100% ZETA Whey professional je zagotovo eden najbolj\u0161ih sirotkinih proteinov na tr\u017ei\u0161\u010du, ki ponuja edinstveno me\u0161anico vrhunskih profesionalnih proteinov sirotke, ki bo zadovoljila vse va\u0161e dnevne potrebe med te\u017eko telesno aktivnostjo.<\/h1>\n<p>Vsaka porcija vsebuje neverjetnih 30 gramov beljakovin, kjer na\u0161e sirotkine beljakovine sodijo v sam kakovostni in koli\u010dinski vrh!<\/p>\n<p>Klju\u010dne prednosti 100% ZETA Whey beljakovin:<br \/>\nEdinstven proteinski \u0161ejk, ki vas bo navdu\u0161il s svojimi okusi<br \/>\nIzjemna kremastost in topljivost<br \/>\n140 kalorij<br \/>\nNeverjetnih 30 gramov beljakovin na porcijo<br \/>\nNizka vsebnost sladkorja<br \/>\nIzdelano po skrbno izbrani formuli<br \/>\nDodatek vitaminov in pomembnih mineralov<br \/>\n3 edinstveni okusi<br \/>\nFDA in GMP certifikati<\/p>\n<p>ZETA Nutrition je skrbno oblikoval sestavo in kakovost na\u0161ih vrhunskih sirotkinih beljakovin, ki bodo z veseljem postale del va\u0161ega prehranskega dopolnila.<\/p>\n<p>Z dobrimi hranilnimi vrednostmi, enostavnim me\u0161anjem ter certifikatoma FDA in GMP je primeren za \u0161tevilne diete za podporo aktivnemu \u017eivljenjskemu slogu.<\/p>\n<p>3 slastni okusi: beli Kinder Bueno, dvojna \u010dokolada in vaniljev sladoled.<\/p>\n<p>Zakaj izbrati 100% profesionalne beljakovine ZETA Whey?<br \/>\nVisoka biolo\u0161ka uporabnost<br \/>\nRast \u010diste mi\u0161i\u010dne mase<br \/>\nOkrevanje mi\u0161ic<br \/>\nVidni rezultati<br \/>\nSlastni okusi<br \/>\nNajbolj\u0161a cena<br \/>\nProizvedeno iz sladke sirotke z mikrofiltracijo in ultrafiltracijo<br \/>\nPriporo\u010dena uporaba 100% profesionalnih beljakovin ZETA Whey:<\/p>\n<p>Zme\u0161ajte eno merico ZETA Whey protein (30 g) z 200-300 ml vode ali mleka. Najbolje je vzeti takoj po treningu. Na dneve brez treninga zau\u017eijte ves dan.<\/p>\n<p>Poleg na\u0161ih beljakovin ZETA Whey ta paket vklju\u010duje tudi 12 gumijev ZETA Creatine Monohydrate!<\/p>\n<p>ZETA Nutrition Creatine Monohydrate Candy<br \/>\n\u0160portniki in rekreativci z intenzivnim treningom spodbujajo anaboli\u010dne procese.<\/p>\n<p>S telesno aktivnostjo se porabljajo glikogenske rezerve, ki porabljajo tudi kreatin.<\/p>\n<p>Ko se molekula ATP uporabi med kontrakcijo, se pretvori v ADP (adenozin difosfat).<\/p>\n<p>Ker ADP ni mogo\u010de uporabiti za energijo, mu je treba izgubljeno fosfatno skupino dodati nazaj, da ponovno postane energijsko aktiven ATP.<\/p>\n<p>Tu je za nas pomemben bonbon kreatin monohidrat, ki je nepogre\u0161ljiv del suplementacije.<\/p>\n<p>Kreatinski bonboni spodbujajo:<\/p>\n<p>1. Vidno pove\u010danje mi\u0161i\u010dne mase<br \/>\n2. Izbolj\u0161a okrevanje<br \/>\n3. Bistveno pove\u010da energijo<br \/>\n4. Spodbuja delovanje mo\u017eganov<\/p>\n<p>Velikost porcije: Kot dodatek vzemite 4 gumije (5 g) dnevno za mo\u0161ke ali 2 gumija za \u017eenske.<\/p>\n<p>ZETA Creatine Monohydrate Candy je popoln nadomestek za kreatin v obliki prahu.<br \/>\nker je bolj prakti\u010den in neustavljivo spominja na slastne haribo bonbone.<\/p>\n<p>Kreatinski bonboni dokazano vplivajo na rast \u010diste mi\u0161i\u010dne mase in mi\u0161i\u010dnega volumna.<\/p>\n<p>Zavrnitev odgovornosti: Ta izdelek ni namenjen<br \/>\ndiagnosticiranje, zdravljenje ali prepre\u010devanje katere koli bolezni.<br \/>\nRezultati se lahko razlikujejo od posameznika do posameznika, odvisno od zaporedja<br \/>\ndejavnikov, vklju\u010dno s spolom in starostjo.<\/p>\n\n    <div class=\"xs_social_share_widget xs_share_url after_content \t\tmain_content  wslu-style-1 wslu-share-box-shaped wslu-fill-colored wslu-none wslu-share-horizontal wslu-theme-font-no wslu-main_content\">\n\n\t\t\n        <ul>\n\t\t\t        <\/ul>\n    <\/div> \n","protected":false},"excerpt":{"rendered":"<p>ZETA Nutrition &#8211; 100% ZETA Whey professional je zagotovo eden najbolj\u0161ih sirotkinih proteinov na tr\u017ei\u0161\u010du, ki ponuja edinstveno me\u0161anico vrhunskih profesionalnih proteinov sirotke, ki bo zadovoljila vse va\u0161e dnevne potrebe med te\u017eko telesno aktivnostjo. Vsaka porcija vsebuje neverjetnih 30 gramov beljakovin, kjer na\u0161e sirotkine beljakovine sodijo v sam kakovostni in koli\u010dinski vrh! Klju\u010dne prednosti 100% [&hellip;]<\/p>\n","protected":false},"featured_media":13717,"comment_status":"open","ping_status":"closed","template":"","meta":{"_acf_changed":false,"bwfblock_default_font":"","content-type":""},"brand":[206],"product_brand":[],"product_cat":[158,139,143,134,724],"product_tag":[],"class_list":{"0":"post-12988","1":"product","2":"type-product","3":"status-publish","4":"has-post-thumbnail","6":"brand-zeta-nutrition","7":"product_cat-akcija-sl","8":"product_cat-beljakovine-sl","9":"product_cat-kreatin-sl","10":"product_cat-sportna-prehrana-sl","11":"product_cat-whey-protein-sl","13":"first","14":"outofstock","15":"sale","16":"taxable","17":"shipping-taxable","18":"purchasable","19":"product-type-variable"},"acf":[],"_links":{"self":[{"href":"https:\/\/zetanutrition.hr\/sl\/wp-json\/wp\/v2\/product\/12988","targetHints":{"allow":["GET"]}}],"collection":[{"href":"https:\/\/zetanutrition.hr\/sl\/wp-json\/wp\/v2\/product"}],"about":[{"href":"https:\/\/zetanutrition.hr\/sl\/wp-json\/wp\/v2\/types\/product"}],"replies":[{"embeddable":true,"href":"https:\/\/zetanutrition.hr\/sl\/wp-json\/wp\/v2\/comments?post=12988"}],"wp:featuredmedia":[{"embeddable":true,"href":"https:\/\/zetanutrition.hr\/sl\/wp-json\/wp\/v2\/media\/13717"}],"wp:attachment":[{"href":"https:\/\/zetanutrition.hr\/sl\/wp-json\/wp\/v2\/media?parent=12988"}],"wp:term":[{"taxonomy":"brand","embeddable":true,"href":"https:\/\/zetanutrition.hr\/sl\/wp-json\/wp\/v2\/brand?post=12988"},{"taxonomy":"product_brand","embeddable":true,"href":"https:\/\/zetanutrition.hr\/sl\/wp-json\/wp\/v2\/product_brand?post=12988"},{"taxonomy":"product_cat","embeddable":true,"href":"https:\/\/zetanutrition.hr\/sl\/wp-json\/wp\/v2\/product_cat?post=12988"},{"taxonomy":"product_tag","embeddable":true,"href":"https:\/\/zetanutrition.hr\/sl\/wp-json\/wp\/v2\/product_tag?post=12988"}],"curies":[{"name":"wp","href":"https:\/\/api.w.org\/{rel}","templated":true}]}}