{"id":10472,"date":"2025-03-21T13:25:08","date_gmt":"2025-03-21T13:25:08","guid":{"rendered":"https:\/\/zetanutrition.hr\/product\/protein-chips-sir-luk-25g\/"},"modified":"2025-03-21T13:28:15","modified_gmt":"2025-03-21T13:28:15","slug":"protein-chips-sir-luk-25g","status":"publish","type":"product","link":"https:\/\/zetanutrition.hr\/sl\/izdelek\/protein-chips-sir-luk-25g\/","title":{"rendered":"Protein \u010dips s sirom in \u010debulo 25 g"},"content":{"rendered":"<p>Beljakovinski \u010dips Zumub je hrustljav prigrizek brez ob\u010dutka krivde, ki presega le to, da ni neprijeten \u2013 slu\u017eijo tudi s kakovostno energijo, v kateri lahko u\u017eivate, hkrati pa zadovoljite svoje prehranske potrebe.<\/p>\n<p>Bogat z beljakovinami<br \/>\nNi ocvrto<br \/>\nPrimerno za vegetarijance<br \/>\nPrijetnega okusa<br \/>\nSir in \u010debula<\/p>\n<p>Dodali smo blag okus sira z malo aromati\u010dne \u010debule za tiste, ki obo\u017eujejo klasi\u010dni kremasti pridih. Ob\u010dutite, kako okus postane zasvojljiv z vsakim novim hrustljanjem \u2013 obstaja velika verjetnost, da boste posegali po vedno ve\u010d, zato si zagotovite vsaj nekaj paketov!<\/p>\n<p>Ti nasitni pribolj\u0161ki, narejeni iz koncentrata sojinih beljakovin in mle\u010dnih beljakovin, vam omogo\u010dajo, da hitro in udobno dose\u017eete svoje dnevne beljakovinske cilje, medtem ko u\u017eivate v ne\u010dem obi\u010dajno &#8220;prepovedanem&#8221;, vendar bolj zdravem od mnogih podobnih mo\u017enosti.<\/p>\n<p>Vzemite paket (ali dva?) za va\u0161 naslednji filmski ve\u010der ali pa jih zlo\u017eite nekaj v torbo, da boste lakoto pobili na poti.<\/p>\n\n    <div class=\"xs_social_share_widget xs_share_url after_content \t\tmain_content  wslu-style-1 wslu-share-box-shaped wslu-fill-colored wslu-none wslu-share-horizontal wslu-theme-font-no wslu-main_content\">\n\n\t\t\n        <ul>\n\t\t\t        <\/ul>\n    <\/div> \n","protected":false},"excerpt":{"rendered":"<p>Beljakovinski \u010dips Zumub je hrustljav prigrizek brez ob\u010dutka krivde, ki presega le to, da ni neprijeten \u2013 slu\u017eijo tudi s kakovostno energijo, v kateri lahko u\u017eivate, hkrati pa zadovoljite svoje prehranske potrebe. Bogat z beljakovinami Ni ocvrto Primerno za vegetarijance Prijetnega okusa Sir in \u010debula Dodali smo blag okus sira z malo aromati\u010dne \u010debule za [&hellip;]<\/p>\n","protected":false},"featured_media":10469,"comment_status":"open","ping_status":"closed","template":"","meta":{"_acf_changed":false,"bwfblock_default_font":"","content-type":""},"brand":[207],"product_brand":[],"product_cat":[139,162,149],"product_tag":[],"class_list":{"0":"post-10472","1":"product","2":"type-product","3":"status-publish","4":"has-post-thumbnail","6":"brand-zumub","7":"product_cat-beljakovine-sl","8":"product_cat-sladki-koticek-sl","9":"product_cat-zdravje-sl","11":"first","12":"outofstock","13":"purchasable","14":"product-type-simple"},"acf":[],"_links":{"self":[{"href":"https:\/\/zetanutrition.hr\/sl\/wp-json\/wp\/v2\/product\/10472","targetHints":{"allow":["GET"]}}],"collection":[{"href":"https:\/\/zetanutrition.hr\/sl\/wp-json\/wp\/v2\/product"}],"about":[{"href":"https:\/\/zetanutrition.hr\/sl\/wp-json\/wp\/v2\/types\/product"}],"replies":[{"embeddable":true,"href":"https:\/\/zetanutrition.hr\/sl\/wp-json\/wp\/v2\/comments?post=10472"}],"wp:featuredmedia":[{"embeddable":true,"href":"https:\/\/zetanutrition.hr\/sl\/wp-json\/wp\/v2\/media\/10469"}],"wp:attachment":[{"href":"https:\/\/zetanutrition.hr\/sl\/wp-json\/wp\/v2\/media?parent=10472"}],"wp:term":[{"taxonomy":"brand","embeddable":true,"href":"https:\/\/zetanutrition.hr\/sl\/wp-json\/wp\/v2\/brand?post=10472"},{"taxonomy":"product_brand","embeddable":true,"href":"https:\/\/zetanutrition.hr\/sl\/wp-json\/wp\/v2\/product_brand?post=10472"},{"taxonomy":"product_cat","embeddable":true,"href":"https:\/\/zetanutrition.hr\/sl\/wp-json\/wp\/v2\/product_cat?post=10472"},{"taxonomy":"product_tag","embeddable":true,"href":"https:\/\/zetanutrition.hr\/sl\/wp-json\/wp\/v2\/product_tag?post=10472"}],"curies":[{"name":"wp","href":"https:\/\/api.w.org\/{rel}","templated":true}]}}