{"id":10465,"date":"2025-03-21T13:04:55","date_gmt":"2025-03-21T13:04:55","guid":{"rendered":"https:\/\/zetanutrition.hr\/product\/gaba-90-kapsula\/"},"modified":"2025-03-21T13:07:15","modified_gmt":"2025-03-21T13:07:15","slug":"gaba-90-kapsula","status":"publish","type":"product","link":"https:\/\/zetanutrition.hr\/sl\/izdelek\/gaba-90-kapsula\/","title":{"rendered":"GABA 90 kapsul"},"content":{"rendered":"<p>Stres je tisti, ki nam prepre\u010duje premagovanje vsakodnevnih te\u017eav. Tudi te\u017eko pri\u010dakovani dogodki in trenutki nam ne morejo dati u\u017eitka, ko do\u017eivljamo nenehno tesnobo.\u00a0Zumub GABA\u00a0vam lahko pomaga prebroditi to.<\/p>\n<p>GABA je naravna kislina, ki jo proizvajajo mo\u017egani. \u010ce so ravni GABA prenizke, se je te\u017eko sprostiti. Tak proces vodi v nespe\u010dnost, slabo voljo, tesnobo in depresijo.<\/p>\n<p>Mo\u017eni pozitivni u\u010dinki zdravila Zumub GABA so:<br \/>\nzmanj\u0161anje du\u0161evnega in fizi\u010dnega stresa<br \/>\nspodbujanje du\u0161evne sprostitve<br \/>\nmirno razpolo\u017eenje<br \/>\nnormalna indukcija spanja<\/p>\n<p>Naj bo va\u0161e \u017eivljenje polno pozitivnih \u010dustev s tabletami Zumub GABA.<\/p>\n\n    <div class=\"xs_social_share_widget xs_share_url after_content \t\tmain_content  wslu-style-1 wslu-share-box-shaped wslu-fill-colored wslu-none wslu-share-horizontal wslu-theme-font-no wslu-main_content\">\n\n\t\t\n        <ul>\n\t\t\t        <\/ul>\n    <\/div> \n","protected":false},"excerpt":{"rendered":"<p>Stres je tisti, ki nam prepre\u010duje premagovanje vsakodnevnih te\u017eav. Tudi te\u017eko pri\u010dakovani dogodki in trenutki nam ne morejo dati u\u017eitka, ko do\u017eivljamo nenehno tesnobo.\u00a0Zumub GABA\u00a0vam lahko pomaga prebroditi to. GABA je naravna kislina, ki jo proizvajajo mo\u017egani. \u010ce so ravni GABA prenizke, se je te\u017eko sprostiti. Tak proces vodi v nespe\u010dnost, slabo voljo, tesnobo in [&hellip;]<\/p>\n","protected":false},"featured_media":10462,"comment_status":"open","ping_status":"closed","template":"","meta":{"_acf_changed":false,"bwfblock_default_font":"","content-type":""},"brand":[],"product_brand":[],"product_cat":[158,160,149],"product_tag":[],"class_list":{"0":"post-10465","1":"product","2":"type-product","3":"status-publish","4":"has-post-thumbnail","6":"product_cat-akcija-sl","7":"product_cat-vitamini-i-minerali-sl","8":"product_cat-zdravje-sl","10":"first","11":"instock","12":"sale","13":"purchasable","14":"product-type-simple"},"acf":[],"_links":{"self":[{"href":"https:\/\/zetanutrition.hr\/sl\/wp-json\/wp\/v2\/product\/10465","targetHints":{"allow":["GET"]}}],"collection":[{"href":"https:\/\/zetanutrition.hr\/sl\/wp-json\/wp\/v2\/product"}],"about":[{"href":"https:\/\/zetanutrition.hr\/sl\/wp-json\/wp\/v2\/types\/product"}],"replies":[{"embeddable":true,"href":"https:\/\/zetanutrition.hr\/sl\/wp-json\/wp\/v2\/comments?post=10465"}],"wp:featuredmedia":[{"embeddable":true,"href":"https:\/\/zetanutrition.hr\/sl\/wp-json\/wp\/v2\/media\/10462"}],"wp:attachment":[{"href":"https:\/\/zetanutrition.hr\/sl\/wp-json\/wp\/v2\/media?parent=10465"}],"wp:term":[{"taxonomy":"brand","embeddable":true,"href":"https:\/\/zetanutrition.hr\/sl\/wp-json\/wp\/v2\/brand?post=10465"},{"taxonomy":"product_brand","embeddable":true,"href":"https:\/\/zetanutrition.hr\/sl\/wp-json\/wp\/v2\/product_brand?post=10465"},{"taxonomy":"product_cat","embeddable":true,"href":"https:\/\/zetanutrition.hr\/sl\/wp-json\/wp\/v2\/product_cat?post=10465"},{"taxonomy":"product_tag","embeddable":true,"href":"https:\/\/zetanutrition.hr\/sl\/wp-json\/wp\/v2\/product_tag?post=10465"}],"curies":[{"name":"wp","href":"https:\/\/api.w.org\/{rel}","templated":true}]}}