{"id":10411,"date":"2025-03-20T22:13:56","date_gmt":"2025-03-20T22:13:56","guid":{"rendered":"https:\/\/zetanutrition.hr\/product\/msm-150-kapsula\/"},"modified":"2025-03-21T10:30:09","modified_gmt":"2025-03-21T10:30:09","slug":"msm-150-kapsula","status":"publish","type":"product","link":"https:\/\/zetanutrition.hr\/sl\/izdelek\/msm-150-kapsula\/","title":{"rendered":"MSM 150 kapsul"},"content":{"rendered":"<p>Immune-Labs MSM 150 kapsul<\/p>\n<p>Podpira regenerativne procese celega telesa<br \/>\nPodpira mi\u0161i\u010dno-skeletni sistem in omejuje razgradnjo sklepnega hrustanca<br \/>\nPomaga ohranjati mo\u010dne mi\u0161ice in kite<br \/>\nSkrbi za dobro stanje ko\u017ee, las in nohtov<br \/>\nSodeluje pri nastajanju kolagena in keratina<br \/>\nIzbolj\u0161a prebavne procese<br \/>\nPomaga izbolj\u0161ati\u00a0imunost<br \/>\nPodpira cirkulacijski sistem<br \/>\nVpliva na pospe\u0161itev procesa celjenja ran<br \/>\nPrimerna oblika kapsul<\/p>\n<p>MSM\u00a0je organsko \u017eveplo in je organska \u017eveplova spojina. MSM je vir \u017evepla, ki opravlja \u0161tevilne zelo pomembne funkcije v telesu. Med drugim sodeluje pri nastajanju encimov, aminokislin, elementov vezivnega tkiva in kolagena. Deluje protivnetno in imunomodulatorno. MSM najdemo v hrani, zlasti v:<\/p>\n<ul>\n<li>ribe<br \/>\njajca<br \/>\nmeso<br \/>\nmle\u010dni izdelki<br \/>\nfige<br \/>\njagode<br \/>\n\u010desen<br \/>\nlok<br \/>\nredkvice<br \/>\nparadi\u017eniki<br \/>\navokado<\/p>\n<p>Med predelavo hrane se uni\u010di, zato je priporo\u010dljivo dopolnjevanje.\u00a0Zaradi svojih lastnosti MSM pomaga pri prepre\u010devanju bolezni sklepov. Pomaga zmanj\u0161ati bole\u010dine v sklepih, otekline in togost ter pomaga zmanj\u0161ati vnetje. Priporo\u010dljivo je za ljudi, ki se borijo s sindromom karpalnega kanala, osteoartritisom in revmatoidnim artritisom. Dodatek organskega \u017evepla je priporo\u010dljiv za \u0161portnike in ljudi, ki se spopadajo s te\u017eavami mi\u0161i\u010dno-skeletnega sistema. Priporo\u010dljivo je tudi za ljudi, ki se borijo z aknasto ali seboroi\u010dno ko\u017eo, nagnjeno k mastenju. MSM lahko pomaga zmanj\u0161ati vnetje in o\u010distiti ko\u017eo.<\/li>\n<\/ul>\n\n    <div class=\"xs_social_share_widget xs_share_url after_content \t\tmain_content  wslu-style-1 wslu-share-box-shaped wslu-fill-colored wslu-none wslu-share-horizontal wslu-theme-font-no wslu-main_content\">\n\n\t\t\n        <ul>\n\t\t\t        <\/ul>\n    <\/div> \n","protected":false},"excerpt":{"rendered":"<p>Immune-Labs MSM 150 kapsul Podpira regenerativne procese celega telesa Podpira mi\u0161i\u010dno-skeletni sistem in omejuje razgradnjo sklepnega hrustanca Pomaga ohranjati mo\u010dne mi\u0161ice in kite Skrbi za dobro stanje ko\u017ee, las in nohtov Sodeluje pri nastajanju kolagena in keratina Izbolj\u0161a prebavne procese Pomaga izbolj\u0161ati\u00a0imunost Podpira cirkulacijski sistem Vpliva na pospe\u0161itev procesa celjenja ran Primerna oblika kapsul MSM\u00a0je [&hellip;]<\/p>\n","protected":false},"featured_media":10409,"comment_status":"open","ping_status":"closed","template":"","meta":{"_acf_changed":false,"bwfblock_default_font":"","content-type":""},"brand":[],"product_brand":[],"product_cat":[158,160,149],"product_tag":[],"class_list":{"0":"post-10411","1":"product","2":"type-product","3":"status-publish","4":"has-post-thumbnail","6":"product_cat-akcija-sl","7":"product_cat-vitamini-i-minerali-sl","8":"product_cat-zdravje-sl","10":"first","11":"instock","12":"sale","13":"purchasable","14":"product-type-simple"},"acf":[],"_links":{"self":[{"href":"https:\/\/zetanutrition.hr\/sl\/wp-json\/wp\/v2\/product\/10411","targetHints":{"allow":["GET"]}}],"collection":[{"href":"https:\/\/zetanutrition.hr\/sl\/wp-json\/wp\/v2\/product"}],"about":[{"href":"https:\/\/zetanutrition.hr\/sl\/wp-json\/wp\/v2\/types\/product"}],"replies":[{"embeddable":true,"href":"https:\/\/zetanutrition.hr\/sl\/wp-json\/wp\/v2\/comments?post=10411"}],"wp:featuredmedia":[{"embeddable":true,"href":"https:\/\/zetanutrition.hr\/sl\/wp-json\/wp\/v2\/media\/10409"}],"wp:attachment":[{"href":"https:\/\/zetanutrition.hr\/sl\/wp-json\/wp\/v2\/media?parent=10411"}],"wp:term":[{"taxonomy":"brand","embeddable":true,"href":"https:\/\/zetanutrition.hr\/sl\/wp-json\/wp\/v2\/brand?post=10411"},{"taxonomy":"product_brand","embeddable":true,"href":"https:\/\/zetanutrition.hr\/sl\/wp-json\/wp\/v2\/product_brand?post=10411"},{"taxonomy":"product_cat","embeddable":true,"href":"https:\/\/zetanutrition.hr\/sl\/wp-json\/wp\/v2\/product_cat?post=10411"},{"taxonomy":"product_tag","embeddable":true,"href":"https:\/\/zetanutrition.hr\/sl\/wp-json\/wp\/v2\/product_tag?post=10411"}],"curies":[{"name":"wp","href":"https:\/\/api.w.org\/{rel}","templated":true}]}}