{"id":10406,"date":"2025-03-20T22:10:17","date_gmt":"2025-03-20T22:10:17","guid":{"rendered":"https:\/\/zetanutrition.hr\/product\/maca-500mg-120-kapsula\/"},"modified":"2025-03-21T10:23:32","modified_gmt":"2025-03-21T10:23:32","slug":"maca-500mg-120-kapsula","status":"publish","type":"product","link":"https:\/\/zetanutrition.hr\/sl\/proizvod\/maca-500mg-120-kapsula\/","title":{"rendered":"Maca 500 mg 120 kapsul"},"content":{"rendered":"<p>Tablete Maca 120 kapsul vsebujejo izvle\u010dek korenine mace \u2013 super sestavino, ki zanesljivo zaseda svoje mesto med naju\u010dinkovitej\u0161imi naravnimi optimizatorji.<br \/>\nMaca 90 kapsul, poznana kot perujski ginseng, se pogosto uporablja v Peruju za razli\u010dne namene.\u00a0Menijo, da je koren\u00a0ma\u010dje mete<br \/>\nPove\u010dajte energijo in vzdr\u017eljivost<br \/>\nPove\u010dajte spolni nagon in libido pri mo\u0161kih in \u017eenskah<br \/>\nZakaj je Mac tako vsestranski in zmogljiv?<\/p>\n<p>Da bi zagotovili najbolj pozitivno in koristno izku\u0161njo s korenino mace, smo izdelali \u010disti izvle\u010dek, ki vam omogo\u010da, da u\u017eivate v dobrotah rastline v priro\u010dni obliki.<\/p>\n<p>Vendar je to le na\u0161 skromen prispevek k vsemogo\u010dnosti narave.<\/p>\n\n    <div class=\"xs_social_share_widget xs_share_url after_content \t\tmain_content  wslu-style-1 wslu-share-box-shaped wslu-fill-colored wslu-none wslu-share-horizontal wslu-theme-font-no wslu-main_content\">\n\n\t\t\n        <ul>\n\t\t\t        <\/ul>\n    <\/div> \n","protected":false},"excerpt":{"rendered":"<p>Tablete Maca 120 kapsul vsebujejo izvle\u010dek korenine mace \u2013 super sestavino, ki zanesljivo zaseda svoje mesto med naju\u010dinkovitej\u0161imi naravnimi optimizatorji. Maca 90 kapsul, poznana kot perujski ginseng, se pogosto uporablja v Peruju za razli\u010dne namene.\u00a0Menijo, da je koren\u00a0ma\u010dje mete Pove\u010dajte energijo in vzdr\u017eljivost Pove\u010dajte spolni nagon in libido pri mo\u0161kih in \u017eenskah Zakaj je Mac [&hellip;]<\/p>\n","protected":false},"featured_media":10401,"comment_status":"open","ping_status":"closed","template":"","meta":{"_acf_changed":false,"bwfblock_default_font":"","content-type":""},"brand":[715],"product_brand":[],"product_cat":[158,151,134,160,149],"product_tag":[],"class_list":{"0":"post-10406","1":"product","2":"type-product","3":"status-publish","4":"has-post-thumbnail","6":"brand-immune-labs","7":"product_cat-akcija-sl","8":"product_cat-ojacevalci-hormonov-sl","9":"product_cat-sportna-prehrana-sl","10":"product_cat-vitamini-i-minerali-sl","11":"product_cat-zdravje-sl","13":"first","14":"outofstock","15":"sale","16":"purchasable","17":"product-type-simple"},"acf":[],"_links":{"self":[{"href":"https:\/\/zetanutrition.hr\/sl\/wp-json\/wp\/v2\/product\/10406","targetHints":{"allow":["GET"]}}],"collection":[{"href":"https:\/\/zetanutrition.hr\/sl\/wp-json\/wp\/v2\/product"}],"about":[{"href":"https:\/\/zetanutrition.hr\/sl\/wp-json\/wp\/v2\/types\/product"}],"replies":[{"embeddable":true,"href":"https:\/\/zetanutrition.hr\/sl\/wp-json\/wp\/v2\/comments?post=10406"}],"wp:featuredmedia":[{"embeddable":true,"href":"https:\/\/zetanutrition.hr\/sl\/wp-json\/wp\/v2\/media\/10401"}],"wp:attachment":[{"href":"https:\/\/zetanutrition.hr\/sl\/wp-json\/wp\/v2\/media?parent=10406"}],"wp:term":[{"taxonomy":"brand","embeddable":true,"href":"https:\/\/zetanutrition.hr\/sl\/wp-json\/wp\/v2\/brand?post=10406"},{"taxonomy":"product_brand","embeddable":true,"href":"https:\/\/zetanutrition.hr\/sl\/wp-json\/wp\/v2\/product_brand?post=10406"},{"taxonomy":"product_cat","embeddable":true,"href":"https:\/\/zetanutrition.hr\/sl\/wp-json\/wp\/v2\/product_cat?post=10406"},{"taxonomy":"product_tag","embeddable":true,"href":"https:\/\/zetanutrition.hr\/sl\/wp-json\/wp\/v2\/product_tag?post=10406"}],"curies":[{"name":"wp","href":"https:\/\/api.w.org\/{rel}","templated":true}]}}